{"id":6453,"date":"2025-08-10T20:14:57","date_gmt":"2025-08-10T23:14:57","guid":{"rendered":"https:\/\/catalogolucianosilva.com.br\/?page_id=6453"},"modified":"2025-08-31T18:17:45","modified_gmt":"2025-08-31T21:17:45","slug":"sobre-nos","status":"publish","type":"page","link":"https:\/\/catalogolucianosilva.com.br\/?page_id=6453","title":{"rendered":"Sobre N\u00f3s"},"content":{"rendered":"\t\t<div data-elementor-type=\"wp-page\" data-elementor-id=\"6453\" class=\"elementor elementor-6453\" data-elementor-post-type=\"page\">\n\t\t\t\t<div class=\"elementor-element elementor-element-7a76715 e-flex e-con-boxed e-con e-parent\" data-id=\"7a76715\" data-element_type=\"container\">\n\t\t\t\t\t<div class=\"e-con-inner\">\n\t\t\t\t<div class=\"elementor-element elementor-element-d0e1ded elementor-widget elementor-widget-heading\" data-id=\"d0e1ded\" data-element_type=\"widget\" data-widget_type=\"heading.default\">\n\t\t\t\t<div class=\"elementor-widget-container\">\n\t\t\t\t\t<h2 class=\"elementor-heading-title elementor-size-default\">Sobre N\u00f3s<\/h2>\t\t\t\t<\/div>\n\t\t\t\t<\/div>\n\t\t\t\t<div class=\"elementor-element elementor-element-45d8c4f elementor-widget elementor-widget-text-editor\" data-id=\"45d8c4f\" data-element_type=\"widget\" data-widget_type=\"text-editor.default\">\n\t\t\t\t<div class=\"elementor-widget-container\">\n\t\t\t\t\t\t\t\t\t<p data-start=\"220\" data-end=\"556\">No <strong data-start=\"1091\" data-end=\"1158\">Cat\u00e1logo Ve\u00edculos Luciano Silva<\/strong>, somos movidos pela paix\u00e3o por ve\u00edculos e pelo compromisso em oferecer as melhores op\u00e7\u00f5es para nossos clientes. Nosso cat\u00e1logo re\u00fane uma ampla variedade de autom\u00f3veis, desde carros populares e utilit\u00e1rios at\u00e9 modelos de luxo, motos e ve\u00edculos especiais, sempre com qualidade garantida e proced\u00eancia confi\u00e1vel.<\/p><p data-start=\"558\" data-end=\"839\">Mais do que vender ve\u00edculos, nosso objetivo \u00e9 conectar pessoas ao carro certo para cada momento da vida. Trabalhamos com transpar\u00eancia, atendimento personalizado e um olhar atento \u00e0s necessidades de cada cliente, oferecendo informa\u00e7\u00f5es detalhadas, fotos reais e condi\u00e7\u00f5es justas.<\/p><p data-start=\"841\" data-end=\"1089\">Com experi\u00eancia no mercado e um portf\u00f3lio em constante atualiza\u00e7\u00e3o, buscamos tornar a sua experi\u00eancia de compra simples, segura e satisfat\u00f3ria. Seja para o dia a dia, para o trabalho ou para momentos especiais, aqui voc\u00ea encontra o ve\u00edculo ideal.<\/p><p data-start=\"1091\" data-end=\"1160\"><strong data-start=\"1091\" data-end=\"1158\">Cat\u00e1logo Ve\u00edculos Luciano Silva \u2014 O caminho certo para o seu pr\u00f3ximo ve\u00edculo.<\/strong><\/p>\t\t\t\t\t\t\t\t<\/div>\n\t\t\t\t<\/div>\n\t\t\t\t\t<\/div>\n\t\t\t\t<\/div>\n\t\t\t\t<\/div>\n\t\t","protected":false},"excerpt":{"rendered":"<p>Sobre N\u00f3s No Cat\u00e1logo Ve\u00edculos Luciano Silva, somos movidos pela paix\u00e3o por ve\u00edculos e pelo compromisso em oferecer as melhores op\u00e7\u00f5es para nossos clientes. Nosso cat\u00e1logo re\u00fane uma ampla variedade de autom\u00f3veis, desde carros populares e utilit\u00e1rios at\u00e9 modelos de luxo, motos e ve\u00edculos especiais, sempre com qualidade garantida e proced\u00eancia confi\u00e1vel. Mais do que [&hellip;]<\/p>\n","protected":false},"author":1,"featured_media":0,"parent":0,"menu_order":0,"comment_status":"closed","ping_status":"closed","template":"elementor_header_footer","meta":{"footnotes":""},"class_list":["post-6453","page","type-page","status-publish","hentry"],"_links":{"self":[{"href":"https:\/\/catalogolucianosilva.com.br\/index.php?rest_route=\/wp\/v2\/pages\/6453","targetHints":{"allow":["GET"]}}],"collection":[{"href":"https:\/\/catalogolucianosilva.com.br\/index.php?rest_route=\/wp\/v2\/pages"}],"about":[{"href":"https:\/\/catalogolucianosilva.com.br\/index.php?rest_route=\/wp\/v2\/types\/page"}],"author":[{"embeddable":true,"href":"https:\/\/catalogolucianosilva.com.br\/index.php?rest_route=\/wp\/v2\/users\/1"}],"replies":[{"embeddable":true,"href":"https:\/\/catalogolucianosilva.com.br\/index.php?rest_route=%2Fwp%2Fv2%2Fcomments&post=6453"}],"version-history":[{"count":16,"href":"https:\/\/catalogolucianosilva.com.br\/index.php?rest_route=\/wp\/v2\/pages\/6453\/revisions"}],"predecessor-version":[{"id":6572,"href":"https:\/\/catalogolucianosilva.com.br\/index.php?rest_route=\/wp\/v2\/pages\/6453\/revisions\/6572"}],"wp:attachment":[{"href":"https:\/\/catalogolucianosilva.com.br\/index.php?rest_route=%2Fwp%2Fv2%2Fmedia&parent=6453"}],"curies":[{"name":"wp","href":"https:\/\/api.w.org\/{rel}","templated":true}]}}