{"id":6455,"date":"2025-08-10T20:15:24","date_gmt":"2025-08-10T23:15:24","guid":{"rendered":"https:\/\/catalogolucianosilva.com.br\/?page_id=6455"},"modified":"2025-08-31T18:17:42","modified_gmt":"2025-08-31T21:17:42","slug":"politica-de-privacidade","status":"publish","type":"page","link":"https:\/\/catalogolucianosilva.com.br\/?page_id=6455","title":{"rendered":"Pol\u00edtica de Privacidade"},"content":{"rendered":"\t\t<div data-elementor-type=\"wp-page\" data-elementor-id=\"6455\" class=\"elementor elementor-6455\" data-elementor-post-type=\"page\">\n\t\t\t\t<div class=\"elementor-element elementor-element-cab1830 e-flex e-con-boxed e-con e-parent\" data-id=\"cab1830\" data-element_type=\"container\">\n\t\t\t\t\t<div class=\"e-con-inner\">\n\t\t\t\t\t<\/div>\n\t\t\t\t<\/div>\n\t\t<div class=\"elementor-element elementor-element-365b261 e-flex e-con-boxed e-con e-parent\" data-id=\"365b261\" data-element_type=\"container\">\n\t\t\t\t\t<div class=\"e-con-inner\">\n\t\t\t\t<div class=\"elementor-element elementor-element-6b929ec elementor-widget elementor-widget-heading\" data-id=\"6b929ec\" data-element_type=\"widget\" data-widget_type=\"heading.default\">\n\t\t\t\t<div class=\"elementor-widget-container\">\n\t\t\t\t\t<h2 class=\"elementor-heading-title elementor-size-default\">Pol\u00edtica de Privacidade<\/h2>\t\t\t\t<\/div>\n\t\t\t\t<\/div>\n\t\t\t\t<div class=\"elementor-element elementor-element-8da91b5 elementor-widget elementor-widget-text-editor\" data-id=\"8da91b5\" data-element_type=\"widget\" data-widget_type=\"text-editor.default\">\n\t\t\t\t<div class=\"elementor-widget-container\">\n\t\t\t\t\t\t\t\t\t<p><b>Sobre N\u00f3s<\/b><span style=\"font-weight: 400;\"><br \/><\/span><span style=\"font-weight: 400;\"><br \/><\/span><span style=\"font-weight: 400;\">Somos uma empresa de leil\u00f5es especializada em ve\u00edculos seminovos e usados, dedicada a conectar compradores e vendedores de forma transparente e eficiente. Nossa miss\u00e3o \u00e9 proporcionar uma experi\u00eancia de leil\u00e3o segura e confi\u00e1vel, onde a satisfa\u00e7\u00e3o do cliente \u00e9 nossa prioridade m\u00e1xima.<\/span><\/p><p><b>Nossa Miss\u00e3o<\/b><\/p><ul><li style=\"font-weight: 400;\" aria-level=\"1\"><span style=\"font-weight: 400;\">Facilitar o acesso a ve\u00edculos de qualidade a pre\u00e7os competitivos.<\/span><\/li><li style=\"font-weight: 400;\" aria-level=\"1\"><span style=\"font-weight: 400;\">Garantir um processo de leil\u00e3o justo e transparente para todos os participantes.<\/span><\/li><\/ul><p><b>Nossa Vis\u00e3o<\/b><\/p><ul><li style=\"font-weight: 400;\" aria-level=\"1\"><span style=\"font-weight: 400;\">Ser refer\u00eancia no mercado de leil\u00f5es de ve\u00edculos, reconhecida pela integridade e excel\u00eancia no atendimento.<\/span><\/li><\/ul><p><b>Nossos Valores<\/b><\/p><ul><li style=\"font-weight: 400;\" aria-level=\"1\"><b>Transpar\u00eancia:<\/b><span style=\"font-weight: 400;\"> Cada ve\u00edculo \u00e9 minuciosamente inspecionado e todas as informa\u00e7\u00f5es s\u00e3o apresentadas com clareza.<\/span><\/li><li style=\"font-weight: 400;\" aria-level=\"1\"><b>Confiabilidade:<\/b><span style=\"font-weight: 400;\"> Conduzimos cada leil\u00e3o com honestidade e responsabilidade, assegurando que nossos clientes fa\u00e7am neg\u00f3cios seguros.<\/span><\/li><li style=\"font-weight: 400;\" aria-level=\"1\"><b>Inova\u00e7\u00e3o:<\/b><span style=\"font-weight: 400;\"> Utilizamos tecnologia de ponta para oferecer uma plataforma de leil\u00e3o f\u00e1cil de usar e acess\u00edvel.<\/span><\/li><\/ul><p><b>O Que Oferecemos<\/b><\/p><ul><li style=\"font-weight: 400;\" aria-level=\"1\"><b>Variedade de Ve\u00edculos:<\/b><span style=\"font-weight: 400;\"> Desde carros populares at\u00e9 ve\u00edculos de luxo, temos op\u00e7\u00f5es para todos os gostos e necessidades.<\/span><\/li><li style=\"font-weight: 400;\" aria-level=\"1\"><b>Inspe\u00e7\u00f5es Detalhadas:<\/b><span style=\"font-weight: 400;\"> Todos os ve\u00edculos s\u00e3o rigorosamente avaliados para garantir sua qualidade e confiabilidade.<\/span><\/li><li style=\"font-weight: 400;\" aria-level=\"1\"><b>Suporte ao Cliente:<\/b><span style=\"font-weight: 400;\"> Nossa equipe est\u00e1 sempre pronta para ajudar e responder a todas as suas d\u00favidas, garantindo uma experi\u00eancia de compra tranquila e satisfat\u00f3ria.<\/span><\/li><\/ul><p><span style=\"font-weight: 400;\">Junte-se a n\u00f3s e descubra como \u00e9 f\u00e1cil adquirir o ve\u00edculo dos seus sonhos em nossos leil\u00f5es!<\/span><\/p><p><span style=\"font-weight: 400;\">\u00a0<\/span><\/p><p><b>Pol\u00edtica de Privacidade<\/b><b><br \/><\/b><b><br \/><\/b><span style=\"font-weight: 400;\">N\u00f3s, do GRUPO VPL, estamos comprometidos em resguardar sua privacidade e proteger seus dados. O intuito deste documento \u00e9 esclarecer quais informa\u00e7\u00f5es s\u00e3o coletadas dos usu\u00e1rios de nossos dom\u00ednios e de que forma esses dados s\u00e3o utilizados.<\/span><\/p><p><span style=\"font-weight: 400;\">Para oferecer nossos servi\u00e7os, o GRUPO VPL, por meio de seus sites e aplicativos, coleta diversos dados e informa\u00e7\u00f5es, visando, sobretudo, proporcionar uma experi\u00eancia cada vez melhor para voc\u00ea. O GRUPO VPL reconhece que a sua privacidade \u00e9 muito importante portanto, tomamos todas as medidas poss\u00edveis para proteg\u00ea-la.<\/span><\/p><p><span style=\"font-weight: 400;\">Antes de explicarmos melhor como utilizamos os dados pessoais coletados, informamos abaixo alguns conceitos importantes para que voc\u00ea possa entender melhor nosso Aviso de Privacidade:<\/span><\/p><ul><li><span style=\"font-weight: 400;\"> Nossos sites (vipleil\u00f5es, leil\u00e3ovip, hastavip, vipdireto, carbuy, topmudei, tassianamenezes, ericosobral, celiacampos, wirnacampos, lancecertoleiloes, patiovip): plataformas tecnol\u00f3gicas de servi\u00e7os interativos de leil\u00f5es e vendas online de bens m\u00f3veis e im\u00f3veis e de direitos a eles relativos.<\/span><\/li><li><span style=\"font-weight: 400;\"> Dado Pessoal: toda e qualquer informa\u00e7\u00e3o relacionada \u00e0 pessoa natural identificada ou identific\u00e1vel, como nome, RG, CPF e endere\u00e7o, endere\u00e7o IP com geolocaliza\u00e7\u00e3o e dados financeiros e de consumo.<\/span><\/li><li><span style=\"font-weight: 400;\"> Controlador dos Dados Pessoais: Pessoa f\u00edsica ou jur\u00eddica, de direito p\u00fablico ou privado, a quem competem as decis\u00f5es referentes ao tratamento de dados pessoais.<\/span><\/li><li><span style=\"font-weight: 400;\"> Operador dos Dados Pessoais: Pessoa f\u00edsica ou jur\u00eddica, de direito p\u00fablico ou privado, que realiza o tratamento de dados pessoais em nome do controlador.<\/span><\/li><li><span style=\"font-weight: 400;\"> Tratamento de Dados Pessoais: Toda opera\u00e7\u00e3o realizada com dados pessoais, como a coleta, produ\u00e7\u00e3o, recep\u00e7\u00e3o, classifica\u00e7\u00e3o, utiliza\u00e7\u00e3o, acesso, reprodu\u00e7\u00e3o, transmiss\u00e3o, distribui\u00e7\u00e3o, processamento, arquivamento, armazenamento, elimina\u00e7\u00e3o, avalia\u00e7\u00e3o ou controle de informa\u00e7\u00e3o, modifica\u00e7\u00e3o, comunica\u00e7\u00e3o, transfer\u00eancia, difus\u00e3o ou extra\u00e7\u00e3o.<\/span><\/li><li><span style=\"font-weight: 400;\"> Titular dos Dados Pessoais: Pessoa f\u00edsica a quem se referem os dados pessoais que s\u00e3o objeto do tratamento.<\/span><\/li><li><span style=\"font-weight: 400;\"> Consentimento: Manifesta\u00e7\u00e3o livre, informada e inequ\u00edvoca pela qual o titular concorda com o tratamento de seus dados pessoais para uma finalidade determinada.<\/span><\/li><\/ul><ol><li><span style=\"font-weight: 400;\"> Dados pessoais tratados pelo GRUPO VPL<\/span><\/li><\/ol><p><span style=\"font-weight: 400;\">1.1. O GRUPO VPL poder\u00e1 coletar seus dados pessoais:<\/span><\/p><p><span style=\"font-weight: 400;\">(i) por meio de cookies, quando voc\u00ea navega no site, conforme explicado em nosso Aviso de Cookies.<\/span><\/p><p><span style=\"font-weight: 400;\">(ii) quando voc\u00ea realiza o seu cadastro nos sites para ofertar lances (nome, CPF, RG, e-mail, CNPJ, endere\u00e7o completo, n\u00famero de celular, data de nascimento e g\u00eanero);<\/span><\/p><p><span style=\"font-weight: 400;\">(iii) com o seu consentimento, para receber publicidade personalizada e e-mails sobre os pr\u00f3ximos leil\u00f5es a serem realizados por n\u00f3s (nome, e-mail e n\u00famero de telefone celular);<\/span><\/p><p><span style=\"font-weight: 400;\">(iv) por meio de nossos canais de atendimento (chat, telefone e e-mail), a fim de que seja poss\u00edvel identific\u00e1-lo e atender a sua solicita\u00e7\u00e3o e\/ou d\u00favida;<\/span><\/p><p><span style=\"font-weight: 400;\">(v) quando voc\u00ea realiza login, por meio da coleta do seu endere\u00e7o IP.<\/span><\/p><p><span style=\"font-weight: 400;\">1.2. \u00c9 importante destacar que voc\u00ea n\u00e3o \u00e9 obrigado a nos fornecer seus dados pessoais, no entanto, caso n\u00e3o os forne\u00e7a, n\u00e3o ser\u00e1 poss\u00edvel efetuar lances nas nossas ferramentas.<\/span><\/p><ol start=\"2\"><li><span style=\"font-weight: 400;\"> Para quais finalidades utilizamos os seus dados pessoais?<\/span><\/li><\/ol><p><span style=\"font-weight: 400;\">2.1. O GRUPO VPL realizar\u00e1 o tratamento de seus dados pessoais para as finalidades abaixo descritas, conforme a base legal prevista no inciso V, do artigo 7\u00ba, da LGPD (execu\u00e7\u00e3o de contrato ou de procedimentos preliminares relacionados ao contrato):<\/span><\/p><p><span style=\"font-weight: 400;\">2.1.1. Registrar voc\u00ea em nossos sistemas para que possamos fornecer os servi\u00e7os dispon\u00edveis nos nossos sites;<\/span><\/p><p><span style=\"font-weight: 400;\">2.1.2. Identificar voc\u00ea e contat\u00e1-lo a respeito de um leil\u00e3o ou qualquer outro evento que voc\u00ea queira participar ou tenha participado;<\/span><\/p><p><span style=\"font-weight: 400;\">2.1.3. Atender voc\u00ea por meio de nossos canais de atendimento, caso seja necess\u00e1rio solucionar d\u00favidas e\/ou atender suas solicita\u00e7\u00f5es;<\/span><\/p><p><span style=\"font-weight: 400;\">2.1.4. Permitir que a transa\u00e7\u00e3o de venda e compra do bem que voc\u00ea adquiriu seja conclu\u00edda;<\/span><\/p><p><span style=\"font-weight: 400;\">2.2. Para as finalidades abaixo, o GRUPO VPL utilizar\u00e1 seus dados pessoais, conforme a base legal prevista no inciso IX, do artigo 7\u00ba, da LGPD (leg\u00edtimo interesse):<\/span><\/p><p><span style=\"font-weight: 400;\">2.2.1. Validar e autenticar sua identidade, desde que voc\u00ea tenha realizado um cadastro completo nos nossos sites;<\/span><\/p><p><span style=\"font-weight: 400;\">2.2.2. Criar um ambiente seguro e confi\u00e1vel para os usu\u00e1rios dos nossos sites;<\/span><\/p><p><span style=\"font-weight: 400;\">2.2.3. Aprimorar nossas iniciativas comerciais e promocionais com o objetivo de oferecer servi\u00e7os mais personalizados a voc\u00ea;<\/span><\/p><p><span style=\"font-weight: 400;\">2.2.4. Enviar comunica\u00e7\u00f5es e publicidade relativas aos nossos produtos por diferentes canais, tais como: e-Mail, WhatsApp, SMS, telefone e redes sociais, quando voc\u00ea j\u00e1 \u00e9 nosso cliente;<\/span><\/p><p><span style=\"font-weight: 400;\">2.2.5. Apoiar e promover as atividades do GRUPO VPL ;<\/span><\/p><p><span style=\"font-weight: 400;\">2.2.6. Realizar a cobran\u00e7a judicial e\/ou extrajudicial de multas previstas nas \u201cCondi\u00e7\u00f5es de Venda\u201d de leil\u00f5es que, eventualmente, n\u00e3o tenham sido pagas por voc\u00ea;<\/span><\/p><p><span style=\"font-weight: 400;\">2.2.7. Defender e\/ou reivindicar os direitos do GRUPO VPL em processos administrativos e\/ou judiciais de qualquer natureza;<\/span><\/p><p><span style=\"font-weight: 400;\">2.2.8. Permitir que os usu\u00e1rios dos nossos sites possam reivindicar seus direitos;<\/span><\/p><p><span style=\"font-weight: 400;\">2.3. O GRUPO VPL utilizar\u00e1 seus dados pessoais para que sejam cumpridas obriga\u00e7\u00f5es legais e\/ou regulat\u00f3rias as quais esteja sujeito. Assim, poder\u00e1 armazenar e\/ou transmitir dados pessoais ao \u00f3rg\u00e3o ou autoridade que a legisla\u00e7\u00e3o aplic\u00e1vel determinar, nos termos do inciso II, do artigo 7\u00ba, da LGPD, em especial:<\/span><\/p><p><span style=\"font-weight: 400;\">2.3.1. Para prestar informa\u00e7\u00f5es e\/ou fornecer documentos \u00e0 Junta Comercial do Estado de S\u00e3o Paulo \u2013 JUCESP e demais Estados que atuamos;<\/span><\/p><p><span style=\"font-weight: 400;\">2.3.2. Para permitir registros de cr\u00e9dito no Sistema de Informa\u00e7\u00f5es de Cr\u00e9dito do Banco Central \u2013 (SCR);<\/span><\/p><p><span style=\"font-weight: 400;\">2.3.3. Para cumprir as obriga\u00e7\u00f5es impostas nos regimes tribut\u00e1rios federal, estadual e municipal;<\/span><\/p><p><span style=\"font-weight: 400;\">2.3.4. Para cumprir ordens judiciais e\/ou of\u00edcios expedidos pelo Poder Judici\u00e1rio, e<\/span><\/p><p><span style=\"font-weight: 400;\">2.3.5. Para cumprir ordens expedidas por \u00f3rg\u00e3os administrativos do Poder P\u00fablico, tais como Receita Federal, Secretarias da Fazenda e Detran.<\/span><\/p><p><span style=\"font-weight: 400;\">2.4. Para as finalidades abaixo, o GRUPO VPL utilizar\u00e1 seus dados pessoais, desde que mediante o seu consentimento pr\u00e9vio, conforme a base legal prevista no inciso I, do artigo 7\u00ba, da LGPD:<\/span><\/p><p><span style=\"font-weight: 400;\">2.4.1. Enviar e-mails que podem informar sobre os pr\u00f3ximos leil\u00f5es, novos servi\u00e7os ou sobre novidades do GRUPO VPL. Esta finalidade \u00e9 aplic\u00e1vel quando voc\u00ea nos forneceu nome, e-mail e n\u00famero de telefone celular, mas ainda n\u00e3o realizou seu cadastro completo nos sites;<\/span><\/p><p><span style=\"font-weight: 400;\">2.4.2. Enviar publicidade personalizada a voc\u00ea atrav\u00e9s do Facebook e do Instagram, quando voc\u00ea ainda n\u00e3o tenha realizado o cadastro nos nossos sites;<\/span><\/p><p><span style=\"font-weight: 400;\">2.4.3. O consentimento dado por voc\u00ea para as finalidades descritas nos itens 2.4.1 e 2.4.2, acima, poder\u00e1 ser retirado, a qualquer momento, por meio do pr\u00f3prio e-mail que voc\u00ea recebeu ou atrav\u00e9s de e-mail a ser enviado para: dpo@vplpar.com, o qual dever\u00e1 informar sobre sua inten\u00e7\u00e3o de revogar o consentimento dado.<\/span><\/p><ol start=\"3\"><li><span style=\"font-weight: 400;\"> Como compartilhamos seus dados pessoais?<\/span><\/li><\/ol><p><span style=\"font-weight: 400;\">3.1. O GRUPO VPL poder\u00e1 compartilhar seus dados pessoais com:<\/span><\/p><p><span style=\"font-weight: 400;\">(i) \u00f3rg\u00e3os p\u00fablicos e\/ou autoridades em decorr\u00eancia de obriga\u00e7\u00f5es legais;<\/span><\/p><p><span style=\"font-weight: 400;\">(ii) as empresas contratadas para viabilizar todos os servi\u00e7os que disponibilizamos a voc\u00ea;<\/span><\/p><p><span style=\"font-weight: 400;\">(iii) os comitentes dos bens que voc\u00ea comprou atrav\u00e9s dos nossos sites, e<\/span><\/p><p><span style=\"font-weight: 400;\">(iv) o Leiloeiro Oficial que realizou o leil\u00e3o p\u00fablico que voc\u00ea participou.<\/span><\/p><p><span style=\"font-weight: 400;\">3.2. Todas as contrata\u00e7\u00f5es de empresas que sejam necess\u00e1rias para viabilizar os servi\u00e7os disponibilizados por n\u00f3s somos realizadas atrav\u00e9s de instrumentos contratuais que cont\u00eam cl\u00e1usulas espec\u00edficas de privacidade e prote\u00e7\u00e3o de dados, a fim de assegurar que seus dados pessoais sejam utilizados apenas para finalidades espec\u00edficas e que sejam mantidos seguran\u00e7a. Este cuidado se revela ainda mais forte nos casos em que estas empresas forem consideradas como Operadoras de dados pessoais.<\/span><\/p><ol start=\"4\"><li><span style=\"font-weight: 400;\"> Onde seus dados pessoais podem ficar armazenados e por quanto tempo s\u00e3o armazenados?<\/span><\/li><\/ol><p><span style=\"font-weight: 400;\">4.1. Os dados pessoais que voc\u00ea forneceu ao se cadastrar nos nossos sites ficar\u00e3o armazenados em data centers localizados no Brasil e Estados Unidos da Am\u00e9rica, tendo em vista que o GRUPO VPL utiliza provedor de e-mail e servi\u00e7os de computa\u00e7\u00e3o em nuvem das empresas Microsoft, Google e Amazon Web Services.<\/span><\/p><p><span style=\"font-weight: 400;\">4.2. \u00c9 importante destacar que as empresas mencionadas no item 4.1, acima, adotam avan\u00e7adas t\u00e9cnicas para garantir a prote\u00e7\u00e3o de seus dados pessoais.<\/span><\/p><p><span style=\"font-weight: 400;\">4.3. Seus dados pessoais ser\u00e3o armazenados pelo tempo que for necess\u00e1rio para cumprir com as finalidades para as quais foram coletados ou pelo prazo que for determinado na legisla\u00e7\u00e3o aplic\u00e1vel.<\/span><\/p><p><span style=\"font-weight: 400;\">4.4. Caso voc\u00ea seja um cliente do GRUPO VPL, dever\u00e1 estar ciente de que seus dados pessoais ficar\u00e3o armazenados por pelo menos 05 (cinco) anos a contar da sua \u00faltima compra ou participa\u00e7\u00e3o em um leil\u00e3o, tendo em vista obriga\u00e7\u00f5es impostas pela legisla\u00e7\u00e3o tribut\u00e1ria, legisla\u00e7\u00e3o relacionada aos leil\u00f5es p\u00fablicos e\/ou regulamenta\u00e7\u00e3o do Banco Central do Brasil.<\/span><\/p><ol start=\"5\"><li><span style=\"font-weight: 400;\"> Prote\u00e7\u00e3o de Dados Pessoais<\/span><\/li><\/ol><p><span style=\"font-weight: 400;\">5.1. O GRUPO VPL est\u00e1 comprometido em adotar as melhores pr\u00e1ticas e a tomar todas as medidas razo\u00e1veis para proteger seus dados pessoais contra acesso n\u00e3o autorizado, altera\u00e7\u00e3o acidental ou il\u00edcita, divulga\u00e7\u00e3o n\u00e3o autorizada ou destrui\u00e7\u00e3o de seus dados pessoais.<\/span><\/p><p><span style=\"font-weight: 400;\">5.2. Para garantir a sua privacidade e a prote\u00e7\u00e3o dos seus dados pessoais, adotamos recursos tecnol\u00f3gicos avan\u00e7ados para garantir a seguran\u00e7a de todos os dados tratados pelo GRUPO VPL. Entre as medidas de seguran\u00e7a adotadas est\u00e3o a implementa\u00e7\u00e3o de controles de acesso a sistemas e ambientes de tratamento de dados, t\u00e9cnicas de criptografia e a instala\u00e7\u00e3o de barreiras contra o acesso indevido \u00e0s bases de dados (incluindo firewalls), entre outros controles de seguran\u00e7a da informa\u00e7\u00e3o.<\/span><\/p><p><span style=\"font-weight: 400;\">5.3. O GRUPO VPL se esfor\u00e7a para proteger a privacidade de seus dados pessoais, por\u00e9m n\u00e3o podemos garantir total seguran\u00e7a. Usos n\u00e3o autorizados de seus dados pessoais por terceiros, falhas de hardware ou software que n\u00e3o estejam sob controle do GRUPO VPL e outros fatores externos podem comprometer a seguran\u00e7a dos seus dados pessoais. Caso voc\u00ea identifique ou tome conhecimento de qualquer fator que comprometa a seguran\u00e7a dos seus dados na sua rela\u00e7\u00e3o com o GRUPO VPL, por favor, entre em contato conosco por meio do e-mail: dpo@vplpar.com .<\/span><\/p><ol start=\"6\"><li><span style=\"font-weight: 400;\"> Direitos dos Titulares de Dados Pessoais<\/span><\/li><\/ol><p><span style=\"font-weight: 400;\">6.1. Como titular de dados pessoais, voc\u00ea poder\u00e1 exercer os direitos previstos na LGPD, conforme abaixo:<\/span><\/p><p><span style=\"font-weight: 400;\">6.1.1. Confirma\u00e7\u00e3o da exist\u00eancia de tratamento: permite que voc\u00ea possa requisitar e receber uma confirma\u00e7\u00e3o sobre a exist\u00eancia do tratamento de seus dados pessoais;<\/span><\/p><p><span style=\"font-weight: 400;\">6.1.2. Acesso aos dados pessoais: permite que voc\u00ea requisite e receba uma c\u00f3pia dos dados pessoais que porventura sejam tratados pelo GRUPO VPL;<\/span><\/p><p><span style=\"font-weight: 400;\">6.1.3. Corre\u00e7\u00e3o de dados incompletos, inexatos ou desatualizados: caso voc\u00ea identifique alguma incorre\u00e7\u00e3o ou imprecis\u00e3o nos seus dados pessoais, poder\u00e1 entrar em contrato com a nossa Central de Atendimento para corrigi-los;<\/span><\/p><p><span style=\"font-weight: 400;\">6.1.4. Anonimiza\u00e7\u00e3o, bloqueio ou elimina\u00e7\u00e3o dos dados pessoais desnecess\u00e1rios, excessivos ou tratados em desconformidade com a legisla\u00e7\u00e3o: permite que seja requerida a anonimiza\u00e7\u00e3o, o bloqueio ou a elimina\u00e7\u00e3o dos dados pessoais da nossa base. Todos os dados pessoais coletados ser\u00e3o anonimizados, bloqueados ou eliminados dos nossos servidores caso seja poss\u00edvel e requisitado por voc\u00ea.<\/span><\/p><p><span style=\"font-weight: 400;\">6.1.5. Portabilidade: obter acesso aos dados pessoais que s\u00e3o tratados pelo GRUPO VPL em formato estruturado e interoper\u00e1vel;<\/span><\/p><p><span style=\"font-weight: 400;\">6.1.6. Revogar ou n\u00e3o fornecer o consentimento: Voc\u00ea tem o direito de revogar o seu consentimento ou, se for o caso, de n\u00e3o nos fornec\u00ea-lo e ser informado sobre as consequ\u00eancias da negativa. Em alguns casos, \u00e9 poss\u00edvel que da negativa decorra a impossibilidade de lhe prover determinados produtos ou servi\u00e7os;<\/span><\/p><p><span style=\"font-weight: 400;\">6.1.7. Revis\u00e3o de decis\u00f5es automatizadas: Voc\u00ea tem o direito de solicitar a revis\u00e3o de decis\u00f5es tomadas unicamente com base em tratamento automatizado dos dados pessoais e de receber informa\u00e7\u00f5es claras e adequadas a respeito dos crit\u00e9rios utilizados na decis\u00e3o, desde que essas informa\u00e7\u00f5es n\u00e3o violem qualquer segredo comercial do GRUPO VPL;<\/span><\/p><p><span style=\"font-weight: 400;\">6.1.8. Oposi\u00e7\u00e3o ao tratamento: Voc\u00ea tamb\u00e9m tem o direito de se opor a determinadas finalidades de tratamento de dados pessoais, como, por exemplo, o envio de publicidade, newsletter ou novas ofertas, e<\/span><\/p><p><span style=\"font-weight: 400;\">6.1.9. Elimina\u00e7\u00e3o dos dados pessoais tratados com consentimento: caso voc\u00ea tenha dado o seu consentimento para uma finalidade de tratamento, voc\u00ea pode requisitar a elimina\u00e7\u00e3o dos dados pessoais que armazenamos at\u00e9 ent\u00e3o.<\/span><\/p><p><span style=\"font-weight: 400;\">6.2. Voc\u00ea poder\u00e1 exercer os direitos previstos acima, mediante solicita\u00e7\u00e3o para o seguinte e-mail: dpo@vplpar.com<\/span><\/p><p><span style=\"font-weight: 400;\">6.3. O GRUPO VPL poder\u00e1 solicitar informa\u00e7\u00f5es espec\u00edficas para confirmar sua identidade e garantir a possibilidade de que voc\u00ea possa exercer os seus Direitos. Esta \u00e9 uma medida de seguran\u00e7a para assegurar que os seus dados n\u00e3o sejam divulgados a qualquer pessoa que n\u00e3o tenha legitimidade para receb\u00ea-los.<\/span><\/p><p><span style=\"font-weight: 400;\">6.4. Os seus direitos como titular de dados pessoais n\u00e3o s\u00e3o ilimitados e, por isso, apresentamos abaixo algumas situa\u00e7\u00f5es que podem levar \u00e0 negativa total ou parcial deles:<\/span><\/p><p><span style=\"font-weight: 400;\">(i) preserva\u00e7\u00e3o de segredo de neg\u00f3cio e propriedade intelectual do GRUPO VPL;<\/span><\/p><p><span style=\"font-weight: 400;\">(ii) viola\u00e7\u00e3o de direitos e liberdades de terceiros;<\/span><\/p><p><span style=\"font-weight: 400;\">(iii) as informa\u00e7\u00f5es est\u00e3o anonimizadas e, portanto, n\u00e3o s\u00e3o dados pessoais;<\/span><\/p><p><span style=\"font-weight: 400;\">(iv) obstru\u00e7\u00e3o \u00e0 lei e justi\u00e7a;<\/span><\/p><p><span style=\"font-weight: 400;\">(v) o pedido n\u00e3o pode ser atendido, pois contraria Leis ou regulamentos aplic\u00e1veis ao GRUPO VPL.<\/span><\/p><ol start=\"7\"><li><span style=\"font-weight: 400;\"> Para quaisquer d\u00favidas e esclarecimentos, entre em contato com o Encarregado pela Prote\u00e7\u00e3o de Dados Pessoais (DPO), atrav\u00e9s do e-mail: dpo@vplpar.com.<\/span><\/li><li><span style=\"font-weight: 400;\"> Este Aviso de Privacidade poder\u00e1 sofrer atualiza\u00e7\u00f5es e ajustes a qualquer momento, a fim de refletir as pr\u00e1ticas e os deveres do GRUPO VPL em mat\u00e9ria de privacidade e prote\u00e7\u00e3o de dados pesso<\/span><b>ais.<\/b><\/li><\/ol><p><br \/><br \/><\/p>\t\t\t\t\t\t\t\t<\/div>\n\t\t\t\t<\/div>\n\t\t\t\t\t<\/div>\n\t\t\t\t<\/div>\n\t\t\t\t<\/div>\n\t\t","protected":false},"excerpt":{"rendered":"<p>Pol\u00edtica de Privacidade Sobre N\u00f3s Somos uma empresa de leil\u00f5es especializada em ve\u00edculos seminovos e usados, dedicada a conectar compradores e vendedores de forma transparente e eficiente. Nossa miss\u00e3o \u00e9 proporcionar uma experi\u00eancia de leil\u00e3o segura e confi\u00e1vel, onde a satisfa\u00e7\u00e3o do cliente \u00e9 nossa prioridade m\u00e1xima. Nossa Miss\u00e3o Facilitar o acesso a ve\u00edculos de [&hellip;]<\/p>\n","protected":false},"author":1,"featured_media":0,"parent":0,"menu_order":0,"comment_status":"closed","ping_status":"closed","template":"elementor_header_footer","meta":{"footnotes":""},"class_list":["post-6455","page","type-page","status-publish","hentry"],"_links":{"self":[{"href":"https:\/\/catalogolucianosilva.com.br\/index.php?rest_route=\/wp\/v2\/pages\/6455","targetHints":{"allow":["GET"]}}],"collection":[{"href":"https:\/\/catalogolucianosilva.com.br\/index.php?rest_route=\/wp\/v2\/pages"}],"about":[{"href":"https:\/\/catalogolucianosilva.com.br\/index.php?rest_route=\/wp\/v2\/types\/page"}],"author":[{"embeddable":true,"href":"https:\/\/catalogolucianosilva.com.br\/index.php?rest_route=\/wp\/v2\/users\/1"}],"replies":[{"embeddable":true,"href":"https:\/\/catalogolucianosilva.com.br\/index.php?rest_route=%2Fwp%2Fv2%2Fcomments&post=6455"}],"version-history":[{"count":10,"href":"https:\/\/catalogolucianosilva.com.br\/index.php?rest_route=\/wp\/v2\/pages\/6455\/revisions"}],"predecessor-version":[{"id":6576,"href":"https:\/\/catalogolucianosilva.com.br\/index.php?rest_route=\/wp\/v2\/pages\/6455\/revisions\/6576"}],"wp:attachment":[{"href":"https:\/\/catalogolucianosilva.com.br\/index.php?rest_route=%2Fwp%2Fv2%2Fmedia&parent=6455"}],"curies":[{"name":"wp","href":"https:\/\/api.w.org\/{rel}","templated":true}]}}