{"id":1129,"date":"2024-06-23T22:59:03","date_gmt":"2024-06-24T01:59:03","guid":{"rendered":"https:\/\/catalogolucianosilva.com.br\/?post_type=product&#038;p=1129"},"modified":"2025-07-02T01:16:54","modified_gmt":"2025-07-02T04:16:54","slug":"toyota-hilux-cd4x2-sr","status":"publish","type":"product","link":"https:\/\/catalogolucianosilva.com.br\/?product=toyota-hilux-cd4x2-sr","title":{"rendered":"TOYOTA HILUX CD 4X2 SR 2013\/2014"},"content":{"rendered":"<p><strong>Cor: BRANCA<\/strong><\/p>\n<p><strong>Valor Fipe: N\u00e3o Informado<\/strong><\/p>\n<p><strong>Ano: 2013 \/ 2014<\/strong><\/p>\n<p><strong>Combust\u00edvel: Flex<\/strong><\/p>\n<p><strong>KM: 88.195 km<\/strong><\/p>\n<p><strong>Situa\u00e7\u00e3o de Entrada: Funcionando<\/strong><\/p>\n<p><strong>PATRIM\u00d4NIO RECUPERADO DE FINANCIAMENTO<\/strong><\/p>\n<p><strong>Final Placa: 9 \/ PE<\/strong><\/p>\n<p><strong>Condi\u00e7\u00f5es: Fique atento as informa\u00e7\u00f5es dos lotes. N\u00e3o aceitamos ap\u00f3s a arremata\u00e7\u00e3o o CANCELAMENTO da compra. Obs.: O CANCELAMENTO DA ARREMATA\u00c7\u00c3O gera multa mais bloqueio do cadastro do cliente.<\/strong><\/p>\n","protected":false},"excerpt":{"rendered":"<p>Cor: BRANCA Valor Fipe: N\u00e3o Informado Ano: 2013 \/ 2014 Combust\u00edvel: Flex KM: 88.195 km Situa\u00e7\u00e3o de Entrada: Funcionando PATRIM\u00d4NIO RECUPERADO DE FINANCIAMENTO Final Placa: 9 \/ PE Condi\u00e7\u00f5es: Fique atento as informa\u00e7\u00f5es dos lotes. N\u00e3o aceitamos ap\u00f3s a arremata\u00e7\u00e3o o CANCELAMENTO da compra. Obs.: O CANCELAMENTO DA ARREMATA\u00c7\u00c3O gera multa mais bloqueio do cadastro [&hellip;]<\/p>\n","protected":false},"featured_media":5222,"comment_status":"open","ping_status":"closed","template":"","meta":[],"product_brand":[],"product_cat":[19,16,29],"product_tag":[],"class_list":{"0":"post-1129","1":"product","2":"type-product","3":"status-publish","4":"has-post-thumbnail","6":"product_cat-carros","7":"product_cat-todos-os-veiculos","8":"product_cat-toyota","10":"first","11":"onbackorder","12":"shipping-taxable","13":"purchasable","14":"product-type-simple"},"_links":{"self":[{"href":"https:\/\/catalogolucianosilva.com.br\/index.php?rest_route=\/wp\/v2\/product\/1129","targetHints":{"allow":["GET"]}}],"collection":[{"href":"https:\/\/catalogolucianosilva.com.br\/index.php?rest_route=\/wp\/v2\/product"}],"about":[{"href":"https:\/\/catalogolucianosilva.com.br\/index.php?rest_route=\/wp\/v2\/types\/product"}],"replies":[{"embeddable":true,"href":"https:\/\/catalogolucianosilva.com.br\/index.php?rest_route=%2Fwp%2Fv2%2Fcomments&post=1129"}],"version-history":[{"count":3,"href":"https:\/\/catalogolucianosilva.com.br\/index.php?rest_route=\/wp\/v2\/product\/1129\/revisions"}],"predecessor-version":[{"id":5234,"href":"https:\/\/catalogolucianosilva.com.br\/index.php?rest_route=\/wp\/v2\/product\/1129\/revisions\/5234"}],"wp:featuredmedia":[{"embeddable":true,"href":"https:\/\/catalogolucianosilva.com.br\/index.php?rest_route=\/wp\/v2\/media\/5222"}],"wp:attachment":[{"href":"https:\/\/catalogolucianosilva.com.br\/index.php?rest_route=%2Fwp%2Fv2%2Fmedia&parent=1129"}],"wp:term":[{"taxonomy":"product_brand","embeddable":true,"href":"https:\/\/catalogolucianosilva.com.br\/index.php?rest_route=%2Fwp%2Fv2%2Fproduct_brand&post=1129"},{"taxonomy":"product_cat","embeddable":true,"href":"https:\/\/catalogolucianosilva.com.br\/index.php?rest_route=%2Fwp%2Fv2%2Fproduct_cat&post=1129"},{"taxonomy":"product_tag","embeddable":true,"href":"https:\/\/catalogolucianosilva.com.br\/index.php?rest_route=%2Fwp%2Fv2%2Fproduct_tag&post=1129"}],"curies":[{"name":"wp","href":"https:\/\/api.w.org\/{rel}","templated":true}]}}