{"id":1228,"date":"2024-06-24T22:50:02","date_gmt":"2024-06-25T01:50:02","guid":{"rendered":"https:\/\/catalogolucianosilva.com.br\/?post_type=product&#038;p=1228"},"modified":"2025-07-02T01:10:32","modified_gmt":"2025-07-02T04:10:32","slug":"volkswagen-fox-connect-mb","status":"publish","type":"product","link":"https:\/\/catalogolucianosilva.com.br\/?product=volkswagen-fox-connect-mb","title":{"rendered":"VOLKSWAGEN FOX CONNECT MB 2018\/2019"},"content":{"rendered":"<p><strong>Cor: BRANCA<\/strong><\/p>\n<p><strong>Valor Fipe: N\u00e3o Informado<\/strong><\/p>\n<p><strong>Ano: 2018 \/ 2019<\/strong><\/p>\n<p><strong>Combust\u00edvel: Flex<\/strong><\/p>\n<p><strong>KM: 115.260 km<\/strong><\/p>\n<p><strong>Situa\u00e7\u00e3o de Entrada: Funcionando<\/strong><\/p>\n<p><strong>RECUPERADO FINANCIAMENTO (CONSERVADO)<\/strong><\/p>\n<p><strong>Final Placa: 2 \/ AP<\/strong><\/p>\n<p><strong>Condi\u00e7\u00f5es: Fique atento as informa\u00e7\u00f5es dos lotes. N\u00e3o aceitamos ap\u00f3s a arremata\u00e7\u00e3o o CANCELAMENTO da compra. Obs.: O CANCELAMENTO DA ARREMATA\u00c7\u00c3O gera multa mais bloqueio do cadastro do cliente.<\/strong><\/p>\n","protected":false},"excerpt":{"rendered":"<p>Cor: BRANCA Valor Fipe: N\u00e3o Informado Ano: 2018 \/ 2019 Combust\u00edvel: Flex KM: 115.260 km Situa\u00e7\u00e3o de Entrada: Funcionando RECUPERADO FINANCIAMENTO (CONSERVADO) Final Placa: 2 \/ AP Condi\u00e7\u00f5es: Fique atento as informa\u00e7\u00f5es dos lotes. N\u00e3o aceitamos ap\u00f3s a arremata\u00e7\u00e3o o CANCELAMENTO da compra. Obs.: O CANCELAMENTO DA ARREMATA\u00c7\u00c3O gera multa mais bloqueio do cadastro do [&hellip;]<\/p>\n","protected":false},"featured_media":5155,"comment_status":"open","ping_status":"closed","template":"","meta":[],"product_brand":[],"product_cat":[16,19,30],"product_tag":[],"class_list":{"0":"post-1228","1":"product","2":"type-product","3":"status-publish","4":"has-post-thumbnail","6":"product_cat-todos-os-veiculos","7":"product_cat-carros","8":"product_cat-volkswagen","10":"first","11":"onbackorder","12":"shipping-taxable","13":"purchasable","14":"product-type-simple"},"_links":{"self":[{"href":"https:\/\/catalogolucianosilva.com.br\/index.php?rest_route=\/wp\/v2\/product\/1228","targetHints":{"allow":["GET"]}}],"collection":[{"href":"https:\/\/catalogolucianosilva.com.br\/index.php?rest_route=\/wp\/v2\/product"}],"about":[{"href":"https:\/\/catalogolucianosilva.com.br\/index.php?rest_route=\/wp\/v2\/types\/product"}],"replies":[{"embeddable":true,"href":"https:\/\/catalogolucianosilva.com.br\/index.php?rest_route=%2Fwp%2Fv2%2Fcomments&post=1228"}],"version-history":[{"count":1,"href":"https:\/\/catalogolucianosilva.com.br\/index.php?rest_route=\/wp\/v2\/product\/1228\/revisions"}],"predecessor-version":[{"id":5156,"href":"https:\/\/catalogolucianosilva.com.br\/index.php?rest_route=\/wp\/v2\/product\/1228\/revisions\/5156"}],"wp:featuredmedia":[{"embeddable":true,"href":"https:\/\/catalogolucianosilva.com.br\/index.php?rest_route=\/wp\/v2\/media\/5155"}],"wp:attachment":[{"href":"https:\/\/catalogolucianosilva.com.br\/index.php?rest_route=%2Fwp%2Fv2%2Fmedia&parent=1228"}],"wp:term":[{"taxonomy":"product_brand","embeddable":true,"href":"https:\/\/catalogolucianosilva.com.br\/index.php?rest_route=%2Fwp%2Fv2%2Fproduct_brand&post=1228"},{"taxonomy":"product_cat","embeddable":true,"href":"https:\/\/catalogolucianosilva.com.br\/index.php?rest_route=%2Fwp%2Fv2%2Fproduct_cat&post=1228"},{"taxonomy":"product_tag","embeddable":true,"href":"https:\/\/catalogolucianosilva.com.br\/index.php?rest_route=%2Fwp%2Fv2%2Fproduct_tag&post=1228"}],"curies":[{"name":"wp","href":"https:\/\/api.w.org\/{rel}","templated":true}]}}