{"id":1739,"date":"2024-06-30T22:23:43","date_gmt":"2024-07-01T01:23:43","guid":{"rendered":"https:\/\/catalogolucianosilva.com.br\/?post_type=product&#038;p=1739"},"modified":"2025-07-01T00:34:22","modified_gmt":"2025-07-01T03:34:22","slug":"honda-cg-125-cargo-1996-1996","status":"publish","type":"product","link":"https:\/\/catalogolucianosilva.com.br\/?product=honda-cg-125-cargo-1996-1996","title":{"rendered":"HONDA CG 125 CARGO 1996\/1996"},"content":{"rendered":"<p><strong>Cor: BRANCA<\/strong><\/p>\n<p><strong>Valor Fipe: N\u00e3o Informado<\/strong><\/p>\n<p><strong>Ano: 1996 \/ 1996<\/strong><\/p>\n<p><strong>Combust\u00edvel: Gasolina<\/strong><\/p>\n<p><strong>KM: N\u00e3o Informado<\/strong><\/p>\n<p><strong>Situa\u00e7\u00e3o de Entrada: Funcionando<\/strong><\/p>\n<p><strong>RECUPERADO DE FINANCIAMENTO<\/strong><\/p>\n<p><strong>Final Placa: 0 \/ MA<\/strong><\/p>\n<p><strong>Condi\u00e7\u00f5es: Fique atento as informa\u00e7\u00f5es dos lotes. N\u00e3o aceitamos ap\u00f3s a arremata\u00e7\u00e3o o CANCELAMENTO da compra. Obs.: O CANCELAMENTO DA ARREMATA\u00c7\u00c3O gera multa mais bloqueio do cadastro do cliente.<\/strong><\/p>\n","protected":false},"excerpt":{"rendered":"<p>Cor: BRANCA Valor Fipe: N\u00e3o Informado Ano: 1996 \/ 1996 Combust\u00edvel: Gasolina KM: N\u00e3o Informado Situa\u00e7\u00e3o de Entrada: Funcionando RECUPERADO DE FINANCIAMENTO Final Placa: 0 \/ MA Condi\u00e7\u00f5es: Fique atento as informa\u00e7\u00f5es dos lotes. N\u00e3o aceitamos ap\u00f3s a arremata\u00e7\u00e3o o CANCELAMENTO da compra. Obs.: O CANCELAMENTO DA ARREMATA\u00c7\u00c3O gera multa mais bloqueio do cadastro do [&hellip;]<\/p>\n","protected":false},"featured_media":4360,"comment_status":"open","ping_status":"closed","template":"","meta":[],"product_brand":[],"product_cat":[32,31,16],"product_tag":[],"class_list":{"0":"post-1739","1":"product","2":"type-product","3":"status-publish","4":"has-post-thumbnail","6":"product_cat-honda","7":"product_cat-motos","8":"product_cat-todos-os-veiculos","10":"first","11":"onbackorder","12":"shipping-taxable","13":"purchasable","14":"product-type-simple"},"_links":{"self":[{"href":"https:\/\/catalogolucianosilva.com.br\/index.php?rest_route=\/wp\/v2\/product\/1739","targetHints":{"allow":["GET"]}}],"collection":[{"href":"https:\/\/catalogolucianosilva.com.br\/index.php?rest_route=\/wp\/v2\/product"}],"about":[{"href":"https:\/\/catalogolucianosilva.com.br\/index.php?rest_route=\/wp\/v2\/types\/product"}],"replies":[{"embeddable":true,"href":"https:\/\/catalogolucianosilva.com.br\/index.php?rest_route=%2Fwp%2Fv2%2Fcomments&post=1739"}],"version-history":[{"count":1,"href":"https:\/\/catalogolucianosilva.com.br\/index.php?rest_route=\/wp\/v2\/product\/1739\/revisions"}],"predecessor-version":[{"id":3664,"href":"https:\/\/catalogolucianosilva.com.br\/index.php?rest_route=\/wp\/v2\/product\/1739\/revisions\/3664"}],"wp:featuredmedia":[{"embeddable":true,"href":"https:\/\/catalogolucianosilva.com.br\/index.php?rest_route=\/wp\/v2\/media\/4360"}],"wp:attachment":[{"href":"https:\/\/catalogolucianosilva.com.br\/index.php?rest_route=%2Fwp%2Fv2%2Fmedia&parent=1739"}],"wp:term":[{"taxonomy":"product_brand","embeddable":true,"href":"https:\/\/catalogolucianosilva.com.br\/index.php?rest_route=%2Fwp%2Fv2%2Fproduct_brand&post=1739"},{"taxonomy":"product_cat","embeddable":true,"href":"https:\/\/catalogolucianosilva.com.br\/index.php?rest_route=%2Fwp%2Fv2%2Fproduct_cat&post=1739"},{"taxonomy":"product_tag","embeddable":true,"href":"https:\/\/catalogolucianosilva.com.br\/index.php?rest_route=%2Fwp%2Fv2%2Fproduct_tag&post=1739"}],"curies":[{"name":"wp","href":"https:\/\/api.w.org\/{rel}","templated":true}]}}