{"id":232,"date":"2024-06-21T23:19:59","date_gmt":"2024-06-22T02:19:59","guid":{"rendered":"https:\/\/catalogolucianosilva.com.br\/?post_type=product&#038;p=232"},"modified":"2025-07-02T22:03:44","modified_gmt":"2025-07-03T01:03:44","slug":"fiat-toro-freedom-at9-d4","status":"publish","type":"product","link":"https:\/\/catalogolucianosilva.com.br\/?product=fiat-toro-freedom-at9-d4","title":{"rendered":"FIAT TORO FREEDOM AT9 D4 2019\/2020"},"content":{"rendered":"<p><strong>Cor: CINZA<\/strong><\/p>\n<p><strong>Valor Fipe: N\u00e3o Informado<\/strong><\/p>\n<p><strong>Ano: 2019 \/ 2020<\/strong><\/p>\n<p><strong>Combust\u00edvel: Diesel<\/strong><\/p>\n<p><strong>KM: 76.826 km<\/strong><\/p>\n<p><strong>Situa\u00e7\u00e3o de Entrada: Funcionando<\/strong><\/p>\n<p><strong>RECUPERADO DE FINANCIAMENTO<\/strong><\/p>\n<p><strong>Final Placa: 7<\/strong><\/p>\n<p><strong>Condi\u00e7\u00f5es: Fique atento as informa\u00e7\u00f5es dos lotes. N\u00e3o aceitamos ap\u00f3s a arremata\u00e7\u00e3o o CANCELAMENTO da compra. Obs.: O CANCELAMENTO DA ARREMATA\u00c7\u00c3O gera multa mais bloqueio do cadastro do cliente.<\/strong><\/p>\n","protected":false},"excerpt":{"rendered":"<p>Cor: CINZA Valor Fipe: N\u00e3o Informado Ano: 2019 \/ 2020 Combust\u00edvel: Diesel KM: 76.826 km Situa\u00e7\u00e3o de Entrada: Funcionando RECUPERADO DE FINANCIAMENTO Final Placa: 7 Condi\u00e7\u00f5es: Fique atento as informa\u00e7\u00f5es dos lotes. N\u00e3o aceitamos ap\u00f3s a arremata\u00e7\u00e3o o CANCELAMENTO da compra. Obs.: O CANCELAMENTO DA ARREMATA\u00c7\u00c3O gera multa mais bloqueio do cadastro do cliente.<\/p>\n","protected":false},"featured_media":5974,"comment_status":"open","ping_status":"closed","template":"","meta":[],"product_brand":[],"product_cat":[16,19,24],"product_tag":[],"class_list":{"0":"post-232","1":"product","2":"type-product","3":"status-publish","4":"has-post-thumbnail","6":"product_cat-todos-os-veiculos","7":"product_cat-carros","8":"product_cat-fiat","10":"first","11":"onbackorder","12":"shipping-taxable","13":"purchasable","14":"product-type-simple"},"_links":{"self":[{"href":"https:\/\/catalogolucianosilva.com.br\/index.php?rest_route=\/wp\/v2\/product\/232","targetHints":{"allow":["GET"]}}],"collection":[{"href":"https:\/\/catalogolucianosilva.com.br\/index.php?rest_route=\/wp\/v2\/product"}],"about":[{"href":"https:\/\/catalogolucianosilva.com.br\/index.php?rest_route=\/wp\/v2\/types\/product"}],"replies":[{"embeddable":true,"href":"https:\/\/catalogolucianosilva.com.br\/index.php?rest_route=%2Fwp%2Fv2%2Fcomments&post=232"}],"version-history":[{"count":1,"href":"https:\/\/catalogolucianosilva.com.br\/index.php?rest_route=\/wp\/v2\/product\/232\/revisions"}],"predecessor-version":[{"id":6019,"href":"https:\/\/catalogolucianosilva.com.br\/index.php?rest_route=\/wp\/v2\/product\/232\/revisions\/6019"}],"wp:featuredmedia":[{"embeddable":true,"href":"https:\/\/catalogolucianosilva.com.br\/index.php?rest_route=\/wp\/v2\/media\/5974"}],"wp:attachment":[{"href":"https:\/\/catalogolucianosilva.com.br\/index.php?rest_route=%2Fwp%2Fv2%2Fmedia&parent=232"}],"wp:term":[{"taxonomy":"product_brand","embeddable":true,"href":"https:\/\/catalogolucianosilva.com.br\/index.php?rest_route=%2Fwp%2Fv2%2Fproduct_brand&post=232"},{"taxonomy":"product_cat","embeddable":true,"href":"https:\/\/catalogolucianosilva.com.br\/index.php?rest_route=%2Fwp%2Fv2%2Fproduct_cat&post=232"},{"taxonomy":"product_tag","embeddable":true,"href":"https:\/\/catalogolucianosilva.com.br\/index.php?rest_route=%2Fwp%2Fv2%2Fproduct_tag&post=232"}],"curies":[{"name":"wp","href":"https:\/\/api.w.org\/{rel}","templated":true}]}}