{"id":2872,"date":"2024-09-15T20:05:09","date_gmt":"2024-09-15T23:05:09","guid":{"rendered":"https:\/\/catalogolucianosilva.com.br\/?post_type=product&#038;p=2872"},"modified":"2025-07-02T00:37:35","modified_gmt":"2025-07-02T03:37:35","slug":"celta-gm-lt-spirit-2016-1-0","status":"publish","type":"product","link":"https:\/\/catalogolucianosilva.com.br\/?product=celta-gm-lt-spirit-2016-1-0","title":{"rendered":"CHEVROLET CELTA GM LT SPIRIT 2016 1.0"},"content":{"rendered":"<p><strong>Categoria:<\/strong><\/p>\n<ul>\n<li>Carros, vans e utilit\u00e1rios<\/li>\n<li>Modelo: Chevrolet Celta Spirit\/LT 1.0 MPFI 8V Flex 5P<\/li>\n<li>Marca: Chevrolet<\/li>\n<li>Tipo de ve\u00edculo: Hatch<\/li>\n<li>Ano: 2016<\/li>\n<li>Pot\u00eancia do motor: 1.0<\/li>\n<li>Combust\u00edvel: Flex<\/li>\n<li>Possui Kit GNV: N\u00e3o<\/li>\n<li>C\u00e2mbio: Manual<\/li>\n<li>Cor: Preto<\/li>\n<li>Portas: 4<\/li>\n<li>Final de placa: 2<\/li>\n<li>Tipo de dire\u00e7\u00e3o: Hidr\u00e1ulica<\/li>\n<\/ul>\n<p><strong>Opcionais:<\/strong><\/p>\n<ul>\n<li>Alarme<\/li>\n<li>Airbag<\/li>\n<li>Ar-condicionado<\/li>\n<li>Trava el\u00e9trica<\/li>\n<li>Vidros el\u00e9tricos<\/li>\n<\/ul>\n","protected":false},"excerpt":{"rendered":"<p>Categoria: Carros, vans e utilit\u00e1rios Modelo: Chevrolet Celta Spirit\/LT 1.0 MPFI 8V Flex 5P Marca: Chevrolet Tipo de ve\u00edculo: Hatch Ano: 2016 Pot\u00eancia do motor: 1.0 Combust\u00edvel: Flex Possui Kit GNV: N\u00e3o C\u00e2mbio: Manual Cor: Preto Portas: 4 Final de placa: 2 Tipo de dire\u00e7\u00e3o: Hidr\u00e1ulica Opcionais: Alarme Airbag Ar-condicionado Trava el\u00e9trica Vidros el\u00e9tricos<\/p>\n","protected":false},"featured_media":4825,"comment_status":"open","ping_status":"closed","template":"","meta":[],"product_brand":[],"product_cat":[19,21,16],"product_tag":[],"class_list":{"0":"post-2872","1":"product","2":"type-product","3":"status-publish","4":"has-post-thumbnail","6":"product_cat-carros","7":"product_cat-chevrolet","8":"product_cat-todos-os-veiculos","10":"first","11":"onbackorder","12":"shipping-taxable","13":"purchasable","14":"product-type-simple"},"_links":{"self":[{"href":"https:\/\/catalogolucianosilva.com.br\/index.php?rest_route=\/wp\/v2\/product\/2872","targetHints":{"allow":["GET"]}}],"collection":[{"href":"https:\/\/catalogolucianosilva.com.br\/index.php?rest_route=\/wp\/v2\/product"}],"about":[{"href":"https:\/\/catalogolucianosilva.com.br\/index.php?rest_route=\/wp\/v2\/types\/product"}],"replies":[{"embeddable":true,"href":"https:\/\/catalogolucianosilva.com.br\/index.php?rest_route=%2Fwp%2Fv2%2Fcomments&post=2872"}],"version-history":[{"count":4,"href":"https:\/\/catalogolucianosilva.com.br\/index.php?rest_route=\/wp\/v2\/product\/2872\/revisions"}],"predecessor-version":[{"id":3798,"href":"https:\/\/catalogolucianosilva.com.br\/index.php?rest_route=\/wp\/v2\/product\/2872\/revisions\/3798"}],"wp:featuredmedia":[{"embeddable":true,"href":"https:\/\/catalogolucianosilva.com.br\/index.php?rest_route=\/wp\/v2\/media\/4825"}],"wp:attachment":[{"href":"https:\/\/catalogolucianosilva.com.br\/index.php?rest_route=%2Fwp%2Fv2%2Fmedia&parent=2872"}],"wp:term":[{"taxonomy":"product_brand","embeddable":true,"href":"https:\/\/catalogolucianosilva.com.br\/index.php?rest_route=%2Fwp%2Fv2%2Fproduct_brand&post=2872"},{"taxonomy":"product_cat","embeddable":true,"href":"https:\/\/catalogolucianosilva.com.br\/index.php?rest_route=%2Fwp%2Fv2%2Fproduct_cat&post=2872"},{"taxonomy":"product_tag","embeddable":true,"href":"https:\/\/catalogolucianosilva.com.br\/index.php?rest_route=%2Fwp%2Fv2%2Fproduct_tag&post=2872"}],"curies":[{"name":"wp","href":"https:\/\/api.w.org\/{rel}","templated":true}]}}