{"id":2881,"date":"2024-09-15T20:20:27","date_gmt":"2024-09-15T23:20:27","guid":{"rendered":"https:\/\/catalogolucianosilva.com.br\/?post_type=product&#038;p=2881"},"modified":"2025-07-02T00:34:51","modified_gmt":"2025-07-02T03:34:51","slug":"cobalt-elite-1-8-8v-econo-flex-4p-aut","status":"publish","type":"product","link":"https:\/\/catalogolucianosilva.com.br\/?product=cobalt-elite-1-8-8v-econo-flex-4p-aut","title":{"rendered":"CHEVROLET COBALT ELITE 1.8 8V ECONO.FLEX 4P AUTO. 2018"},"content":{"rendered":"<p><strong>Caracter\u00edsticas:<\/strong><\/p>\n<ul>\n<li><strong>Categoria:<\/strong> Carros, vans e utilit\u00e1rios<\/li>\n<li><strong>Modelo:<\/strong> Chevrolet Cobalt Elite 1.8 8V Econo.Flex 4P Aut.<\/li>\n<li><strong>Marca:<\/strong> Chevrolet<\/li>\n<li><strong>Tipo de ve\u00edculo:<\/strong> Sed\u00e3<\/li>\n<li><strong>Ano:<\/strong> 2018<\/li>\n<li><strong>Pot\u00eancia do motor:<\/strong> 1.8<\/li>\n<li><strong>Combust\u00edvel:<\/strong> Flex<\/li>\n<li><strong>C\u00e2mbio:<\/strong> Autom\u00e1tico<\/li>\n<li><strong>Cor:<\/strong> Branco<\/li>\n<li><strong>Portas:<\/strong> 4 portas<\/li>\n<li><strong>Final de placa:<\/strong> 2<\/li>\n<li><strong>Tipo de dire\u00e7\u00e3o:<\/strong> El\u00e9trica<\/li>\n<\/ul>\n<p><strong>Opcionais:<\/strong><\/p>\n<ul>\n<li>Airbag<\/li>\n<li>Ar-condicionado<\/li>\n<li>C\u00e2mera de r\u00e9<\/li>\n<li>Sensor de r\u00e9<\/li>\n<li>Som<\/li>\n<li>Trava el\u00e9trica<\/li>\n<li>Vidros el\u00e9tricos<\/li>\n<\/ul>\n","protected":false},"excerpt":{"rendered":"<p>Caracter\u00edsticas: Categoria: Carros, vans e utilit\u00e1rios Modelo: Chevrolet Cobalt Elite 1.8 8V Econo.Flex 4P Aut. Marca: Chevrolet Tipo de ve\u00edculo: Sed\u00e3 Ano: 2018 Pot\u00eancia do motor: 1.8 Combust\u00edvel: Flex C\u00e2mbio: Autom\u00e1tico Cor: Branco Portas: 4 portas Final de placa: 2 Tipo de dire\u00e7\u00e3o: El\u00e9trica Opcionais: Airbag Ar-condicionado C\u00e2mera de r\u00e9 Sensor de r\u00e9 Som Trava [&hellip;]<\/p>\n","protected":false},"featured_media":4816,"comment_status":"open","ping_status":"closed","template":"","meta":[],"product_brand":[],"product_cat":[16,19,21],"product_tag":[],"class_list":{"0":"post-2881","1":"product","2":"type-product","3":"status-publish","4":"has-post-thumbnail","6":"product_cat-todos-os-veiculos","7":"product_cat-carros","8":"product_cat-chevrolet","10":"first","11":"onbackorder","12":"shipping-taxable","13":"purchasable","14":"product-type-simple"},"_links":{"self":[{"href":"https:\/\/catalogolucianosilva.com.br\/index.php?rest_route=\/wp\/v2\/product\/2881","targetHints":{"allow":["GET"]}}],"collection":[{"href":"https:\/\/catalogolucianosilva.com.br\/index.php?rest_route=\/wp\/v2\/product"}],"about":[{"href":"https:\/\/catalogolucianosilva.com.br\/index.php?rest_route=\/wp\/v2\/types\/product"}],"replies":[{"embeddable":true,"href":"https:\/\/catalogolucianosilva.com.br\/index.php?rest_route=%2Fwp%2Fv2%2Fcomments&post=2881"}],"version-history":[{"count":4,"href":"https:\/\/catalogolucianosilva.com.br\/index.php?rest_route=\/wp\/v2\/product\/2881\/revisions"}],"predecessor-version":[{"id":3797,"href":"https:\/\/catalogolucianosilva.com.br\/index.php?rest_route=\/wp\/v2\/product\/2881\/revisions\/3797"}],"wp:featuredmedia":[{"embeddable":true,"href":"https:\/\/catalogolucianosilva.com.br\/index.php?rest_route=\/wp\/v2\/media\/4816"}],"wp:attachment":[{"href":"https:\/\/catalogolucianosilva.com.br\/index.php?rest_route=%2Fwp%2Fv2%2Fmedia&parent=2881"}],"wp:term":[{"taxonomy":"product_brand","embeddable":true,"href":"https:\/\/catalogolucianosilva.com.br\/index.php?rest_route=%2Fwp%2Fv2%2Fproduct_brand&post=2881"},{"taxonomy":"product_cat","embeddable":true,"href":"https:\/\/catalogolucianosilva.com.br\/index.php?rest_route=%2Fwp%2Fv2%2Fproduct_cat&post=2881"},{"taxonomy":"product_tag","embeddable":true,"href":"https:\/\/catalogolucianosilva.com.br\/index.php?rest_route=%2Fwp%2Fv2%2Fproduct_tag&post=2881"}],"curies":[{"name":"wp","href":"https:\/\/api.w.org\/{rel}","templated":true}]}}