{"id":2986,"date":"2024-09-15T21:33:02","date_gmt":"2024-09-16T00:33:02","guid":{"rendered":"https:\/\/catalogolucianosilva.com.br\/?post_type=product&#038;p=2986"},"modified":"2025-07-02T00:26:58","modified_gmt":"2025-07-02T03:26:58","slug":"fiat-strada-adventure1-8-1-8-locker-flex-cd-2012","status":"publish","type":"product","link":"https:\/\/catalogolucianosilva.com.br\/?product=fiat-strada-adventure1-8-1-8-locker-flex-cd-2012","title":{"rendered":"FIAT STRADA ADVENTURE1.8\/ 1.8 LOCKER FLEX CD 2012"},"content":{"rendered":"<p><strong>Caracter\u00edsticas:<\/strong><\/p>\n<ul>\n<li><strong>Categoria:<\/strong> Carros, vans e utilit\u00e1rios<\/li>\n<li><strong>Modelo:<\/strong> FIAT STRADA ADVENTURE 1.8\/ 1.8 LOCKER FLEX CD<\/li>\n<li><strong>Marca:<\/strong> FIAT<\/li>\n<li><strong>Tipo de ve\u00edculo:<\/strong> Pick-up<\/li>\n<li><strong>Ano:<\/strong> 2012<\/li>\n<li><strong>Pot\u00eancia do motor:<\/strong> 1.8<\/li>\n<li><strong>Combust\u00edvel:<\/strong> Flex<\/li>\n<li><strong>Possui Kit GNV:<\/strong> N\u00e3o<\/li>\n<li><strong>C\u00e2mbio:<\/strong> Manual<\/li>\n<li><strong>Cor:<\/strong> Cinza<\/li>\n<li><strong>Portas:<\/strong> 2 portas<\/li>\n<li><strong>Final de placa:<\/strong> 7<\/li>\n<li><strong>Tipo de dire\u00e7\u00e3o:<\/strong> Hidr\u00e1ulica<\/li>\n<\/ul>\n<p><strong>Opcionais:<\/strong><\/p>\n<ul>\n<li>Alarme<\/li>\n<li>Airbag<\/li>\n<li>Ar condicionado<\/li>\n<li>C\u00e2mera de r\u00e9<\/li>\n<li>Som<\/li>\n<li>Trava el\u00e9trica<\/li>\n<li>Computador de bordo<\/li>\n<li>Vidro el\u00e9trico<\/li>\n<li>Conex\u00e3o USB<\/li>\n<li>Interface Bluetooth<\/li>\n<li>Rodas de liga leve<\/li>\n<\/ul>\n","protected":false},"excerpt":{"rendered":"<p>Caracter\u00edsticas: Categoria: Carros, vans e utilit\u00e1rios Modelo: FIAT STRADA ADVENTURE 1.8\/ 1.8 LOCKER FLEX CD Marca: FIAT Tipo de ve\u00edculo: Pick-up Ano: 2012 Pot\u00eancia do motor: 1.8 Combust\u00edvel: Flex Possui Kit GNV: N\u00e3o C\u00e2mbio: Manual Cor: Cinza Portas: 2 portas Final de placa: 7 Tipo de dire\u00e7\u00e3o: Hidr\u00e1ulica Opcionais: Alarme Airbag Ar condicionado C\u00e2mera de [&hellip;]<\/p>\n","protected":false},"featured_media":4760,"comment_status":"open","ping_status":"closed","template":"","meta":[],"product_brand":[],"product_cat":[16,19,24],"product_tag":[],"class_list":{"0":"post-2986","1":"product","2":"type-product","3":"status-publish","4":"has-post-thumbnail","6":"product_cat-todos-os-veiculos","7":"product_cat-carros","8":"product_cat-fiat","10":"first","11":"onbackorder","12":"shipping-taxable","13":"purchasable","14":"product-type-simple"},"_links":{"self":[{"href":"https:\/\/catalogolucianosilva.com.br\/index.php?rest_route=\/wp\/v2\/product\/2986","targetHints":{"allow":["GET"]}}],"collection":[{"href":"https:\/\/catalogolucianosilva.com.br\/index.php?rest_route=\/wp\/v2\/product"}],"about":[{"href":"https:\/\/catalogolucianosilva.com.br\/index.php?rest_route=\/wp\/v2\/types\/product"}],"replies":[{"embeddable":true,"href":"https:\/\/catalogolucianosilva.com.br\/index.php?rest_route=%2Fwp%2Fv2%2Fcomments&post=2986"}],"version-history":[{"count":1,"href":"https:\/\/catalogolucianosilva.com.br\/index.php?rest_route=\/wp\/v2\/product\/2986\/revisions"}],"predecessor-version":[{"id":2992,"href":"https:\/\/catalogolucianosilva.com.br\/index.php?rest_route=\/wp\/v2\/product\/2986\/revisions\/2992"}],"wp:featuredmedia":[{"embeddable":true,"href":"https:\/\/catalogolucianosilva.com.br\/index.php?rest_route=\/wp\/v2\/media\/4760"}],"wp:attachment":[{"href":"https:\/\/catalogolucianosilva.com.br\/index.php?rest_route=%2Fwp%2Fv2%2Fmedia&parent=2986"}],"wp:term":[{"taxonomy":"product_brand","embeddable":true,"href":"https:\/\/catalogolucianosilva.com.br\/index.php?rest_route=%2Fwp%2Fv2%2Fproduct_brand&post=2986"},{"taxonomy":"product_cat","embeddable":true,"href":"https:\/\/catalogolucianosilva.com.br\/index.php?rest_route=%2Fwp%2Fv2%2Fproduct_cat&post=2986"},{"taxonomy":"product_tag","embeddable":true,"href":"https:\/\/catalogolucianosilva.com.br\/index.php?rest_route=%2Fwp%2Fv2%2Fproduct_tag&post=2986"}],"curies":[{"name":"wp","href":"https:\/\/api.w.org\/{rel}","templated":true}]}}