{"id":2993,"date":"2024-09-15T22:10:15","date_gmt":"2024-09-16T01:10:15","guid":{"rendered":"https:\/\/catalogolucianosilva.com.br\/?post_type=product&#038;p=2993"},"modified":"2025-07-02T00:25:48","modified_gmt":"2025-07-02T03:25:48","slug":"2993","status":"publish","type":"product","link":"https:\/\/catalogolucianosilva.com.br\/?product=2993","title":{"rendered":"VOLKSWAGEN SAVEIRO ROBUST 1.6 TOTAL FLEX 8V"},"content":{"rendered":"<p><strong>Caracter\u00edsticas<\/strong><\/p>\n<ul>\n<li><strong>Categoria:<\/strong> Carros, vans e utilit\u00e1rios<\/li>\n<li><strong>Modelo:<\/strong> VOLKSWAGEN SAVEIRO ROBUST 1.6 TOTAL FLEX 8V<\/li>\n<li><strong>Marca:<\/strong> VOLKSWAGEN<\/li>\n<li><strong>Tipo de ve\u00edculo:<\/strong> Pick-up<\/li>\n<li><strong>Ano:<\/strong> 2018<\/li>\n<li><strong>Pot\u00eancia do motor:<\/strong> 1.6<\/li>\n<li><strong>Combust\u00edvel:<\/strong> Flex<\/li>\n<li><strong>Possui Kit GNV:<\/strong> N\u00e3o<\/li>\n<li><strong>C\u00e2mbio:<\/strong> Manual<\/li>\n<li><strong>Cor:<\/strong> Branca<\/li>\n<li><strong>Portas:<\/strong> 2 portas<\/li>\n<li><strong>Final de placa:<\/strong> 8<\/li>\n<li><strong>Tipo de dire\u00e7\u00e3o:<\/strong> Hidr\u00e1ulica<\/li>\n<\/ul>\n<p><strong>Opcionais<\/strong><\/p>\n<ul>\n<li>Airbag<\/li>\n<li>Ar condicionado<\/li>\n<li>Vidro el\u00e9trico<\/li>\n<\/ul>\n","protected":false},"excerpt":{"rendered":"<p>Caracter\u00edsticas Categoria: Carros, vans e utilit\u00e1rios Modelo: VOLKSWAGEN SAVEIRO ROBUST 1.6 TOTAL FLEX 8V Marca: VOLKSWAGEN Tipo de ve\u00edculo: Pick-up Ano: 2018 Pot\u00eancia do motor: 1.6 Combust\u00edvel: Flex Possui Kit GNV: N\u00e3o C\u00e2mbio: Manual Cor: Branca Portas: 2 portas Final de placa: 8 Tipo de dire\u00e7\u00e3o: Hidr\u00e1ulica Opcionais Airbag Ar condicionado Vidro el\u00e9trico<\/p>\n","protected":false},"featured_media":4751,"comment_status":"open","ping_status":"closed","template":"","meta":[],"product_brand":[],"product_cat":[19,16,30],"product_tag":[],"class_list":{"0":"post-2993","1":"product","2":"type-product","3":"status-publish","4":"has-post-thumbnail","6":"product_cat-carros","7":"product_cat-todos-os-veiculos","8":"product_cat-volkswagen","10":"first","11":"onbackorder","12":"shipping-taxable","13":"purchasable","14":"product-type-simple"},"_links":{"self":[{"href":"https:\/\/catalogolucianosilva.com.br\/index.php?rest_route=\/wp\/v2\/product\/2993","targetHints":{"allow":["GET"]}}],"collection":[{"href":"https:\/\/catalogolucianosilva.com.br\/index.php?rest_route=\/wp\/v2\/product"}],"about":[{"href":"https:\/\/catalogolucianosilva.com.br\/index.php?rest_route=\/wp\/v2\/types\/product"}],"replies":[{"embeddable":true,"href":"https:\/\/catalogolucianosilva.com.br\/index.php?rest_route=%2Fwp%2Fv2%2Fcomments&post=2993"}],"version-history":[{"count":2,"href":"https:\/\/catalogolucianosilva.com.br\/index.php?rest_route=\/wp\/v2\/product\/2993\/revisions"}],"predecessor-version":[{"id":3667,"href":"https:\/\/catalogolucianosilva.com.br\/index.php?rest_route=\/wp\/v2\/product\/2993\/revisions\/3667"}],"wp:featuredmedia":[{"embeddable":true,"href":"https:\/\/catalogolucianosilva.com.br\/index.php?rest_route=\/wp\/v2\/media\/4751"}],"wp:attachment":[{"href":"https:\/\/catalogolucianosilva.com.br\/index.php?rest_route=%2Fwp%2Fv2%2Fmedia&parent=2993"}],"wp:term":[{"taxonomy":"product_brand","embeddable":true,"href":"https:\/\/catalogolucianosilva.com.br\/index.php?rest_route=%2Fwp%2Fv2%2Fproduct_brand&post=2993"},{"taxonomy":"product_cat","embeddable":true,"href":"https:\/\/catalogolucianosilva.com.br\/index.php?rest_route=%2Fwp%2Fv2%2Fproduct_cat&post=2993"},{"taxonomy":"product_tag","embeddable":true,"href":"https:\/\/catalogolucianosilva.com.br\/index.php?rest_route=%2Fwp%2Fv2%2Fproduct_tag&post=2993"}],"curies":[{"name":"wp","href":"https:\/\/api.w.org\/{rel}","templated":true}]}}