{"id":3019,"date":"2024-09-17T23:11:36","date_gmt":"2024-09-18T02:11:36","guid":{"rendered":"https:\/\/catalogolucianosilva.com.br\/?post_type=product&#038;p=3019"},"modified":"2025-07-01T23:55:27","modified_gmt":"2025-07-02T02:55:27","slug":"brp-can-am-commander-2013","status":"publish","type":"product","link":"https:\/\/catalogolucianosilva.com.br\/?product=brp-can-am-commander-2013","title":{"rendered":"BRP CAN-AM COMMANDER 2013"},"content":{"rendered":"<p><strong>Motor:<\/strong> Equipado com um motor de 1000cc V-Twin, de 85 cavalos de pot\u00eancia, que proporciona um desempenho forte tanto em terrenos acidentados quanto em trilhas.<\/p>\n<ul>\n<li style=\"list-style-type: none;\">\n<ul>\n<li><strong>Tra\u00e7\u00e3o:<\/strong> A tra\u00e7\u00e3o 4&#215;4 oferece maior controle em terrenos dif\u00edceis, podendo alternar entre modos de tra\u00e7\u00e3o 2WD e 4WD.<\/li>\n<li><strong>Suspens\u00e3o:<\/strong> O modelo vem com suspens\u00e3o de alta performance, sendo independente nas quatro rodas, o que garante maior estabilidade e confo<\/li>\n<li>rto em terrenos irregulares.<\/li>\n<li><strong>Capacidade de carga:<\/strong> O Commander MAX DPS possui uma ca\u00e7amba de carga que pode suportar at\u00e9 272 kg, ideal para transportar equipamentos ou materiais pesados.<\/li>\n<li><strong>Assentos:<\/strong> A vers\u00e3o MAX tem capacidade para quatro pessoas, sendo indicada tanto para lazer quanto para trabalho em terrenos mais desafiadores.<\/li>\n<li><strong>Tecnologia:<\/strong> Inclui o sistema &#8220;DPS&#8221; (Dynamic Power Steering), que ajusta automaticamente a dire\u00e7\u00e3o assistida com base na velocidade, oferecendo melhor manobrabilidade.<\/li>\n<\/ul>\n<\/li>\n<\/ul>\n","protected":false},"excerpt":{"rendered":"<p>Motor: Equipado com um motor de 1000cc V-Twin, de 85 cavalos de pot\u00eancia, que proporciona um desempenho forte tanto em terrenos acidentados quanto em trilhas. Tra\u00e7\u00e3o: A tra\u00e7\u00e3o 4&#215;4 oferece maior controle em terrenos dif\u00edceis, podendo alternar entre modos de tra\u00e7\u00e3o 2WD e 4WD. Suspens\u00e3o: O modelo vem com suspens\u00e3o de alta performance, sendo independente [&hellip;]<\/p>\n","protected":false},"featured_media":4671,"comment_status":"open","ping_status":"closed","template":"","meta":[],"product_brand":[],"product_cat":[16,44,43],"product_tag":[],"class_list":{"0":"post-3019","1":"product","2":"type-product","3":"status-publish","4":"has-post-thumbnail","6":"product_cat-todos-os-veiculos","7":"product_cat-brp","8":"product_cat-buggy","10":"first","11":"onbackorder","12":"shipping-taxable","13":"purchasable","14":"product-type-simple"},"_links":{"self":[{"href":"https:\/\/catalogolucianosilva.com.br\/index.php?rest_route=\/wp\/v2\/product\/3019","targetHints":{"allow":["GET"]}}],"collection":[{"href":"https:\/\/catalogolucianosilva.com.br\/index.php?rest_route=\/wp\/v2\/product"}],"about":[{"href":"https:\/\/catalogolucianosilva.com.br\/index.php?rest_route=\/wp\/v2\/types\/product"}],"replies":[{"embeddable":true,"href":"https:\/\/catalogolucianosilva.com.br\/index.php?rest_route=%2Fwp%2Fv2%2Fcomments&post=3019"}],"version-history":[{"count":4,"href":"https:\/\/catalogolucianosilva.com.br\/index.php?rest_route=\/wp\/v2\/product\/3019\/revisions"}],"predecessor-version":[{"id":3776,"href":"https:\/\/catalogolucianosilva.com.br\/index.php?rest_route=\/wp\/v2\/product\/3019\/revisions\/3776"}],"wp:featuredmedia":[{"embeddable":true,"href":"https:\/\/catalogolucianosilva.com.br\/index.php?rest_route=\/wp\/v2\/media\/4671"}],"wp:attachment":[{"href":"https:\/\/catalogolucianosilva.com.br\/index.php?rest_route=%2Fwp%2Fv2%2Fmedia&parent=3019"}],"wp:term":[{"taxonomy":"product_brand","embeddable":true,"href":"https:\/\/catalogolucianosilva.com.br\/index.php?rest_route=%2Fwp%2Fv2%2Fproduct_brand&post=3019"},{"taxonomy":"product_cat","embeddable":true,"href":"https:\/\/catalogolucianosilva.com.br\/index.php?rest_route=%2Fwp%2Fv2%2Fproduct_cat&post=3019"},{"taxonomy":"product_tag","embeddable":true,"href":"https:\/\/catalogolucianosilva.com.br\/index.php?rest_route=%2Fwp%2Fv2%2Fproduct_tag&post=3019"}],"curies":[{"name":"wp","href":"https:\/\/api.w.org\/{rel}","templated":true}]}}