{"id":3050,"date":"2024-09-18T00:38:35","date_gmt":"2024-09-18T03:38:35","guid":{"rendered":"https:\/\/catalogolucianosilva.com.br\/?post_type=product&#038;p=3050"},"modified":"2025-07-01T23:58:19","modified_gmt":"2025-07-02T02:58:19","slug":"iveco-daily-chassi-55-170-cd-3-0-diesele5-2012","status":"publish","type":"product","link":"https:\/\/catalogolucianosilva.com.br\/?product=iveco-daily-chassi-55-170-cd-3-0-diesele5-2012","title":{"rendered":"IVECO DAILY CHASSI 55-170 CD 3.0 (DIESEL)(E5) 2012"},"content":{"rendered":"<ul class=\"list-disc list-outside pl-5 space-y-2 text-sm my-5\">\n<li class=\"\">\n<h5><strong>Tipo: Diesel<\/strong><\/h5>\n<\/li>\n<li class=\"\">\n<h5><strong>Cilindrada: 2998 cm\u00b3<\/strong><\/h5>\n<\/li>\n<li class=\"\">\n<h5><strong>Pot\u00eancia: 170 cv @ 2900-3500 rpm<\/strong><\/h5>\n<\/li>\n<li class=\"\">\n<h5><strong>Torque: 430 Nm @ 1500-2800 rpm<\/strong><\/h5>\n<\/li>\n<li class=\"\">\n<h5><strong>Combust\u00edvel: Diesel<\/strong><\/h5>\n<\/li>\n<\/ul>\n<h5 class=\"text-sm\"><strong>Performance<\/strong><\/h5>\n<ul class=\"list-disc list-outside pl-5 space-y-2 text-sm my-5\">\n<li class=\"\">\n<h5><strong>Velocidade M\u00e1xima: 120 km\/h<\/strong><\/h5>\n<\/li>\n<li class=\"\">\n<h5><strong>Acelera\u00e7\u00e3o 0-100 km\/h: 24,4 s<\/strong><\/h5>\n<\/li>\n<\/ul>\n<h5 class=\"text-sm\"><strong>Dimens\u00f5es<\/strong><\/h5>\n<ul class=\"list-disc list-outside pl-5 space-y-2 text-sm my-5\">\n<li class=\"\">\n<h5><strong>Comprimento: 6995 mm<\/strong><\/h5>\n<\/li>\n<li class=\"\">\n<h5><strong>Largura: 2030 mm<\/strong><\/h5>\n<\/li>\n<li class=\"\">\n<h5><strong>Altura: 2630 mm<\/strong><\/h5>\n<\/li>\n<li class=\"\">\n<h5><strong>Dist\u00e2ncia entre eixos: 3530 mm<\/strong><\/h5>\n<\/li>\n<li class=\"\">\n<h5><strong>Peso Bruto: 5500 kg<\/strong><\/h5>\n<\/li>\n<\/ul>\n<h5 class=\"text-sm\"><strong>Transmiss\u00e3o<\/strong><\/h5>\n<ul class=\"list-disc list-outside pl-5 space-y-2 text-sm my-5\">\n<li class=\"\">\n<h5><strong>Tipo: Manual<\/strong><\/h5>\n<\/li>\n<li class=\"\">\n<h5><strong>N\u00famero de marchas: 6<\/strong><\/h5>\n<\/li>\n<\/ul>\n<h5 class=\"text-sm\"><strong>Capacidade<\/strong><\/h5>\n<ul class=\"list-disc list-outside pl-5 space-y-2 text-sm my-5\">\n<li class=\"\">\n<h5><strong>Capacidade de carga: 2500 kg<\/strong><\/h5>\n<\/li>\n<li class=\"\">\n<h5><strong>Capacidade de passageiros: 3<\/strong><\/h5>\n<\/li>\n<\/ul>\n<h5 class=\"text-sm\"><strong>Outras caracter\u00edsticas<\/strong><\/h5>\n<ul class=\"list-disc list-outside pl-5 space-y-2 text-sm my-5\">\n<li class=\"\">\n<h5><strong>Suspens\u00e3o: Paralelograma \/ Molas<\/strong><\/h5>\n<\/li>\n<li class=\"\">\n<h5><strong>Freios: Disco \/ Tambor<\/strong><\/h5>\n<\/li>\n<li class=\"\">\n<h5><strong>Dire\u00e7\u00e3o: Hidr\u00e1ulica<\/strong><\/h5>\n<\/li>\n<li class=\"\">\n<h5><strong>Tra\u00e7\u00e3o: 4&#215;2<\/strong><\/h5>\n<\/li>\n<\/ul>\n<h5 class=\"text-sm\"><strong>Emiss\u00f5es<\/strong><\/h5>\n<ul class=\"list-disc list-outside pl-5 space-y-2 text-sm my-5\">\n<li class=\"\">\n<h5><strong>Norma de emiss\u00f5es: Euro 5<\/strong><\/h5>\n<\/li>\n<li class=\"\">\n<h5><strong>Emiss\u00f5es CO2: 235 g\/km<\/strong><\/h5>\n<\/li>\n<\/ul>\n<h5 class=\"text-sm\"><strong>Outras informa\u00e7\u00f5es<\/strong><\/h5>\n<ul class=\"list-disc list-outside pl-5 space-y-2 text-sm my-5\">\n<li class=\"\">\n<h5><strong>Ano de fabrica\u00e7\u00e3o: 2012<\/strong><\/h5>\n<\/li>\n<li class=\"\">\n<h5><strong>Modelo: Daily<\/strong><\/h5>\n<\/li>\n<li class=\"\">\n<h5><strong>Vers\u00e3o: Chassi 55-170 CD<\/strong><\/h5>\n<\/li>\n<li class=\"\">\n<h5><strong>Tipo de cabine: Chassi<\/strong><\/h5>\n<\/li>\n<\/ul>\n<h5 class=\"text-sm\"><strong>Equipamentos<\/strong><\/h5>\n<ul class=\"list-disc list-outside pl-5 space-y-2 text-sm my-5\">\n<li class=\"\">\n<h5><strong>Ar condicionado<\/strong><\/h5>\n<\/li>\n<li class=\"\">\n<h5><strong>Dire\u00e7\u00e3o hidr\u00e1ulica<\/strong><\/h5>\n<\/li>\n<li class=\"\">\n<h5><strong>Freios ABS<\/strong><\/h5>\n<\/li>\n<li class=\"\">\n<h5><strong>Airbag duplo<\/strong><\/h5>\n<\/li>\n<\/ul>\n","protected":false},"excerpt":{"rendered":"<p>Tipo: Diesel Cilindrada: 2998 cm\u00b3 Pot\u00eancia: 170 cv @ 2900-3500 rpm Torque: 430 Nm @ 1500-2800 rpm Combust\u00edvel: Diesel Performance Velocidade M\u00e1xima: 120 km\/h Acelera\u00e7\u00e3o 0-100 km\/h: 24,4 s Dimens\u00f5es Comprimento: 6995 mm Largura: 2030 mm Altura: 2630 mm Dist\u00e2ncia entre eixos: 3530 mm Peso Bruto: 5500 kg Transmiss\u00e3o Tipo: Manual N\u00famero de marchas: 6 [&hellip;]<\/p>\n","protected":false},"featured_media":4713,"comment_status":"open","ping_status":"closed","template":"","meta":[],"product_brand":[],"product_cat":[16,45,46],"product_tag":[],"class_list":{"0":"post-3050","1":"product","2":"type-product","3":"status-publish","4":"has-post-thumbnail","6":"product_cat-todos-os-veiculos","7":"product_cat-caminhao","8":"product_cat-iveco","10":"first","11":"onbackorder","12":"shipping-taxable","13":"purchasable","14":"product-type-simple"},"_links":{"self":[{"href":"https:\/\/catalogolucianosilva.com.br\/index.php?rest_route=\/wp\/v2\/product\/3050","targetHints":{"allow":["GET"]}}],"collection":[{"href":"https:\/\/catalogolucianosilva.com.br\/index.php?rest_route=\/wp\/v2\/product"}],"about":[{"href":"https:\/\/catalogolucianosilva.com.br\/index.php?rest_route=\/wp\/v2\/types\/product"}],"replies":[{"embeddable":true,"href":"https:\/\/catalogolucianosilva.com.br\/index.php?rest_route=%2Fwp%2Fv2%2Fcomments&post=3050"}],"version-history":[{"count":1,"href":"https:\/\/catalogolucianosilva.com.br\/index.php?rest_route=\/wp\/v2\/product\/3050\/revisions"}],"predecessor-version":[{"id":3057,"href":"https:\/\/catalogolucianosilva.com.br\/index.php?rest_route=\/wp\/v2\/product\/3050\/revisions\/3057"}],"wp:featuredmedia":[{"embeddable":true,"href":"https:\/\/catalogolucianosilva.com.br\/index.php?rest_route=\/wp\/v2\/media\/4713"}],"wp:attachment":[{"href":"https:\/\/catalogolucianosilva.com.br\/index.php?rest_route=%2Fwp%2Fv2%2Fmedia&parent=3050"}],"wp:term":[{"taxonomy":"product_brand","embeddable":true,"href":"https:\/\/catalogolucianosilva.com.br\/index.php?rest_route=%2Fwp%2Fv2%2Fproduct_brand&post=3050"},{"taxonomy":"product_cat","embeddable":true,"href":"https:\/\/catalogolucianosilva.com.br\/index.php?rest_route=%2Fwp%2Fv2%2Fproduct_cat&post=3050"},{"taxonomy":"product_tag","embeddable":true,"href":"https:\/\/catalogolucianosilva.com.br\/index.php?rest_route=%2Fwp%2Fv2%2Fproduct_tag&post=3050"}],"curies":[{"name":"wp","href":"https:\/\/api.w.org\/{rel}","templated":true}]}}