{"id":3058,"date":"2024-09-18T00:43:50","date_gmt":"2024-09-18T03:43:50","guid":{"rendered":"https:\/\/catalogolucianosilva.com.br\/?post_type=product&#038;p=3058"},"modified":"2025-07-01T23:57:12","modified_gmt":"2025-07-02T02:57:12","slug":"volkswagen-24-280-crm-6x2-2017-2018","status":"publish","type":"product","link":"https:\/\/catalogolucianosilva.com.br\/?product=volkswagen-24-280-crm-6x2-2017-2018","title":{"rendered":"VOLKSWAGEN-24.280 CRM 6X2 2017\/2018"},"content":{"rendered":"<ul class=\"list-disc list-outside pl-5 space-y-2 text-sm my-5\">\n<li class=\"\">\n<h5>Tipo: Diesel<\/h5>\n<\/li>\n<li class=\"\">\n<h5>Cilindrada: 9204 cm\u00b3<\/h5>\n<\/li>\n<li class=\"\">\n<h5>Pot\u00eancia: 280 cv @ 1800 rpm<\/h5>\n<\/li>\n<li class=\"\">\n<h5>Torque: 1120 Nm @ 1200 rpm<\/h5>\n<\/li>\n<li class=\"\">\n<h5>Combust\u00edvel: Diesel<\/h5>\n<\/li>\n<\/ul>\n<h5 class=\"text-sm\"><strong>Performance<\/strong><\/h5>\n<ul class=\"list-disc list-outside pl-5 space-y-2 text-sm my-5\">\n<li class=\"\">\n<h5>Velocidade M\u00e1xima: 120 km\/h<\/h5>\n<\/li>\n<li class=\"\">\n<h5>Acelera\u00e7\u00e3o 0-100 km\/h: 14,5 s<\/h5>\n<\/li>\n<\/ul>\n<h5 class=\"text-sm\"><strong>Dimens\u00f5es<\/strong><\/h5>\n<ul class=\"list-disc list-outside pl-5 space-y-2 text-sm my-5\">\n<li class=\"\">\n<h5>Comprimento: 10850 mm<\/h5>\n<\/li>\n<li class=\"\">\n<h5>Largura: 2550 mm<\/h5>\n<\/li>\n<li class=\"\">\n<h5>Altura: 3800 mm<\/h5>\n<\/li>\n<li class=\"\">\n<h5>Dist\u00e2ncia entre eixos: 5200 mm<\/h5>\n<\/li>\n<li class=\"\">\n<h5>Peso Bruto: 24000 kg<\/h5>\n<\/li>\n<\/ul>\n<h5 class=\"text-sm\"><strong>Transmiss\u00e3o<\/strong><\/h5>\n<ul class=\"list-disc list-outside pl-5 space-y-2 text-sm my-5\">\n<li class=\"\">\n<h5>Tipo: Autom\u00e1tica<\/h5>\n<\/li>\n<li class=\"\">\n<h5>N\u00famero de marchas: 12<\/h5>\n<\/li>\n<\/ul>\n<h5 class=\"text-sm\"><strong>Capacidade<\/strong><\/h5>\n<ul class=\"list-disc list-outside pl-5 space-y-2 text-sm my-5\">\n<li class=\"\">\n<h5>Capacidade de carga: 24000 kg<\/h5>\n<\/li>\n<li class=\"\">\n<h5>Capacidade de passageiros: 3<\/h5>\n<\/li>\n<\/ul>\n<h5 class=\"text-sm\"><strong>Outras caracter\u00edsticas<\/strong><\/h5>\n<ul class=\"list-disc list-outside pl-5 space-y-2 text-sm my-5\">\n<li class=\"\">\n<h5>Suspens\u00e3o: Paralelograma \/ Molas<\/h5>\n<\/li>\n<li class=\"\">\n<h5>Freios: Disco \/ Tambor<\/h5>\n<\/li>\n<li class=\"\">\n<h5>Dire\u00e7\u00e3o: Hidr\u00e1ulica<\/h5>\n<\/li>\n<li class=\"\">\n<h5>Tra\u00e7\u00e3o: 6&#215;2<\/h5>\n<\/li>\n<\/ul>\n<h5 class=\"text-sm\"><strong>Emiss\u00f5es<\/strong><\/h5>\n<ul class=\"list-disc list-outside pl-5 space-y-2 text-sm my-5\">\n<li class=\"\">\n<h5>Norma de emiss\u00f5es: Euro 5<\/h5>\n<\/li>\n<li class=\"\">\n<h5>Emiss\u00f5es CO2: 234 g\/km<\/h5>\n<\/li>\n<\/ul>\n<h5 class=\"text-sm\"><strong>Outras informa\u00e7\u00f5es<\/strong><\/h5>\n<ul class=\"list-disc list-outside pl-5 space-y-2 text-sm my-5\">\n<li class=\"\">\n<h5>Ano de fabrica\u00e7\u00e3o: 2017\/2018<\/h5>\n<\/li>\n<li class=\"\">\n<h5>Modelo: 24.280 CRM<\/h5>\n<\/li>\n<li class=\"\">\n<h5>Vers\u00e3o: 6X2<\/h5>\n<\/li>\n<li class=\"\">\n<h5>Tipo de cabine: Cabine simples<\/h5>\n<\/li>\n<\/ul>\n<h5 class=\"text-sm\"><strong>Equipamentos<\/strong><\/h5>\n<ul class=\"list-disc list-outside pl-5 space-y-2 text-sm my-5\">\n<li class=\"\">\n<h5>Ar condicionado<\/h5>\n<\/li>\n<li class=\"\">\n<h5>Dire\u00e7\u00e3o hidr\u00e1ulica<\/h5>\n<\/li>\n<li class=\"\">\n<h5>Freios ABS<\/h5>\n<\/li>\n<li class=\"\">\n<h5>Airbag duplo<\/h5>\n<\/li>\n<li class=\"\">\n<h5>Sistema de navega\u00e7\u00e3o<\/h5>\n<\/li>\n<li class=\"\">\n<h5>Sensor de estacionamento<\/h5>\n<\/li>\n<\/ul>\n<p><strong>(RECUPERADO FINANCIAMENTO)<\/strong><\/p>\n<p><strong>CONDI\u00c7\u00d5ES: FIQUE ATENTO AS INFORMA\u00c7\u00d5ES DOS LOTES. N\u00c3O ACEITAMOS AP\u00d3S A ARREMATA\u00c7\u00c3O, O CANCELAMENTO DA COMPRA.<\/strong><\/p>\n<p><strong>OBS: O CANCELAMENTO DA ARREMATA\u00c7\u00c3O GERA MUITA MAIS BLOQUEIO DO CADASTRO DO CLIENTE.<\/strong><\/p>\n","protected":false},"excerpt":{"rendered":"<p>Tipo: Diesel Cilindrada: 9204 cm\u00b3 Pot\u00eancia: 280 cv @ 1800 rpm Torque: 1120 Nm @ 1200 rpm Combust\u00edvel: Diesel Performance Velocidade M\u00e1xima: 120 km\/h Acelera\u00e7\u00e3o 0-100 km\/h: 14,5 s Dimens\u00f5es Comprimento: 10850 mm Largura: 2550 mm Altura: 3800 mm Dist\u00e2ncia entre eixos: 5200 mm Peso Bruto: 24000 kg Transmiss\u00e3o Tipo: Autom\u00e1tica N\u00famero de marchas: 12 [&hellip;]<\/p>\n","protected":false},"featured_media":4686,"comment_status":"open","ping_status":"closed","template":"","meta":[],"product_brand":[],"product_cat":[45,16,30],"product_tag":[],"class_list":{"0":"post-3058","1":"product","2":"type-product","3":"status-publish","4":"has-post-thumbnail","6":"product_cat-caminhao","7":"product_cat-todos-os-veiculos","8":"product_cat-volkswagen","10":"first","11":"onbackorder","12":"shipping-taxable","13":"purchasable","14":"product-type-simple"},"_links":{"self":[{"href":"https:\/\/catalogolucianosilva.com.br\/index.php?rest_route=\/wp\/v2\/product\/3058","targetHints":{"allow":["GET"]}}],"collection":[{"href":"https:\/\/catalogolucianosilva.com.br\/index.php?rest_route=\/wp\/v2\/product"}],"about":[{"href":"https:\/\/catalogolucianosilva.com.br\/index.php?rest_route=\/wp\/v2\/types\/product"}],"replies":[{"embeddable":true,"href":"https:\/\/catalogolucianosilva.com.br\/index.php?rest_route=%2Fwp%2Fv2%2Fcomments&post=3058"}],"version-history":[{"count":2,"href":"https:\/\/catalogolucianosilva.com.br\/index.php?rest_route=\/wp\/v2\/product\/3058\/revisions"}],"predecessor-version":[{"id":3092,"href":"https:\/\/catalogolucianosilva.com.br\/index.php?rest_route=\/wp\/v2\/product\/3058\/revisions\/3092"}],"wp:featuredmedia":[{"embeddable":true,"href":"https:\/\/catalogolucianosilva.com.br\/index.php?rest_route=\/wp\/v2\/media\/4686"}],"wp:attachment":[{"href":"https:\/\/catalogolucianosilva.com.br\/index.php?rest_route=%2Fwp%2Fv2%2Fmedia&parent=3058"}],"wp:term":[{"taxonomy":"product_brand","embeddable":true,"href":"https:\/\/catalogolucianosilva.com.br\/index.php?rest_route=%2Fwp%2Fv2%2Fproduct_brand&post=3058"},{"taxonomy":"product_cat","embeddable":true,"href":"https:\/\/catalogolucianosilva.com.br\/index.php?rest_route=%2Fwp%2Fv2%2Fproduct_cat&post=3058"},{"taxonomy":"product_tag","embeddable":true,"href":"https:\/\/catalogolucianosilva.com.br\/index.php?rest_route=%2Fwp%2Fv2%2Fproduct_tag&post=3058"}],"curies":[{"name":"wp","href":"https:\/\/api.w.org\/{rel}","templated":true}]}}