{"id":3093,"date":"2024-09-18T22:35:24","date_gmt":"2024-09-19T01:35:24","guid":{"rendered":"https:\/\/catalogolucianosilva.com.br\/?post_type=product&#038;p=3093"},"modified":"2025-06-30T22:32:53","modified_gmt":"2025-07-01T01:32:53","slug":"biz-110i-2016-2016","status":"publish","type":"product","link":"https:\/\/catalogolucianosilva.com.br\/?product=biz-110i-2016-2016","title":{"rendered":"BIZ 110I 2016\/2016"},"content":{"rendered":"<ul class=\"list-disc list-outside pl-5 space-y-2 text-sm my-5\">\n<li class=\"\">\n<h5><strong>Tipo: Mono-cil\u00edndrico<\/strong><\/h5>\n<\/li>\n<li class=\"\">\n<h5><strong>Cilindrada: 110<\/strong><\/h5>\n<\/li>\n<li class=\"\">\n<h5><strong>Pot\u00eancia: 9,5 cv @ 8.500 rpm<\/strong><\/h5>\n<\/li>\n<li class=\"\">\n<h5><strong>Torque: 8,5 Nm @ 6.500 rpm<\/strong><\/h5>\n<\/li>\n<li class=\"\">\n<h5><strong>Combust\u00edvel: Gasolina<\/strong><\/h5>\n<\/li>\n<\/ul>\n<h5 class=\"text-sm\"><strong>Performance<\/strong><\/h5>\n<ul class=\"list-disc list-outside pl-5 space-y-2 text-sm my-5\">\n<li class=\"\">\n<h5><strong>Velocidade M\u00e1xima: 105 km\/h<\/strong><\/h5>\n<\/li>\n<li class=\"\">\n<h5><strong>Acelera\u00e7\u00e3o 0-100 km\/h: 12,5 s<\/strong><\/h5>\n<\/li>\n<\/ul>\n<h5 class=\"text-sm\"><strong>Dimens\u00f5es<\/strong><\/h5>\n<ul class=\"list-disc list-outside pl-5 space-y-2 text-sm my-5\">\n<li class=\"\">\n<h5><strong>Comprimento: 1.945 mm<\/strong><\/h5>\n<\/li>\n<li class=\"\">\n<h5><strong>Largura: 760 mm<\/strong><\/h5>\n<\/li>\n<li class=\"\">\n<h5><strong>Altura: 1.070 mm<\/strong><\/h5>\n<\/li>\n<li class=\"\">\n<h5><strong>Dist\u00e2ncia entre eixos: 1.300 mm<\/strong><\/h5>\n<\/li>\n<li class=\"\">\n<h5><strong>Peso Seco: 115 kg<\/strong><\/h5>\n<\/li>\n<\/ul>\n<h5 class=\"text-sm\"><strong>Transmiss\u00e3o<\/strong><\/h5>\n<ul class=\"list-disc list-outside pl-5 space-y-2 text-sm my-5\">\n<li class=\"\">\n<h5><strong>Tipo: Manual<\/strong><\/h5>\n<\/li>\n<li class=\"\">\n<h5><strong>N\u00famero de marchas: 4<\/strong><\/h5>\n<\/li>\n<\/ul>\n<h5 class=\"text-sm\"><strong>Freios<\/strong><\/h5>\n<ul class=\"list-disc list-outside pl-5 space-y-2 text-sm my-5\">\n<li class=\"\">\n<h5><strong>Dianteiro: Disco<\/strong><\/h5>\n<\/li>\n<li class=\"\">\n<h5><strong>Traseiro: Tambor<\/strong><\/h5>\n<\/li>\n<\/ul>\n<h5 class=\"text-sm\"><strong>Outras caracter\u00edsticas<\/strong><\/h5>\n<ul class=\"list-disc list-outside pl-5 space-y-2 text-sm my-5\">\n<li class=\"\">\n<h5><strong>Suspens\u00e3o: Hidr\u00e1ulica<\/strong><\/h5>\n<\/li>\n<li class=\"\">\n<h5><strong>Dire\u00e7\u00e3o: Manual<\/strong><\/h5>\n<\/li>\n<li class=\"\">\n<h5><strong>Rodas: Aro 17&#8243;<\/strong><\/h5>\n<\/li>\n<\/ul>\n<h5 class=\"text-sm\"><strong>Outras informa\u00e7\u00f5es<\/strong><\/h5>\n<ul class=\"list-disc list-outside pl-5 space-y-2 text-sm my-5\">\n<li class=\"\">\n<h5><strong>Ano de fabrica\u00e7\u00e3o: 2016\/2016<\/strong><\/h5>\n<\/li>\n<li class=\"\">\n<h5><strong>Modelo: BIZ 110I<\/strong><\/h5>\n<\/li>\n<li class=\"\">\n<h5><strong>Tipo de moto: Naked<\/strong><\/h5>\n<\/li>\n<\/ul>\n<p><strong>(RECUPERADO FINANCIAMENTO)<\/strong><\/p>\n<p><strong>CONDI\u00c7\u00d5ES: FIQUE ATENTO AS INFORMA\u00c7\u00d5ES DOS LOTES. N\u00c3O ACEITAMOS AP\u00d3S A ARREMATA\u00c7\u00c3O, O CANCELAMENTO DA COMPRA.<\/strong><\/p>\n<p><strong>OBS: O CANCELAMENTO DA ARREMATA\u00c7\u00c3O GERA MUITA MAIS BLOQUEIO DO CADASTRO DO CLIENTE.<\/strong><\/p>\n","protected":false},"excerpt":{"rendered":"<p>Tipo: Mono-cil\u00edndrico Cilindrada: 110 Pot\u00eancia: 9,5 cv @ 8.500 rpm Torque: 8,5 Nm @ 6.500 rpm Combust\u00edvel: Gasolina Performance Velocidade M\u00e1xima: 105 km\/h Acelera\u00e7\u00e3o 0-100 km\/h: 12,5 s Dimens\u00f5es Comprimento: 1.945 mm Largura: 760 mm Altura: 1.070 mm Dist\u00e2ncia entre eixos: 1.300 mm Peso Seco: 115 kg Transmiss\u00e3o Tipo: Manual N\u00famero de marchas: 4 Freios [&hellip;]<\/p>\n","protected":false},"featured_media":4038,"comment_status":"open","ping_status":"closed","template":"","meta":[],"product_brand":[],"product_cat":[32,31,16],"product_tag":[],"class_list":{"0":"post-3093","1":"product","2":"type-product","3":"status-publish","4":"has-post-thumbnail","6":"product_cat-honda","7":"product_cat-motos","8":"product_cat-todos-os-veiculos","10":"first","11":"onbackorder","12":"shipping-taxable","13":"purchasable","14":"product-type-simple"},"_links":{"self":[{"href":"https:\/\/catalogolucianosilva.com.br\/index.php?rest_route=\/wp\/v2\/product\/3093","targetHints":{"allow":["GET"]}}],"collection":[{"href":"https:\/\/catalogolucianosilva.com.br\/index.php?rest_route=\/wp\/v2\/product"}],"about":[{"href":"https:\/\/catalogolucianosilva.com.br\/index.php?rest_route=\/wp\/v2\/types\/product"}],"replies":[{"embeddable":true,"href":"https:\/\/catalogolucianosilva.com.br\/index.php?rest_route=%2Fwp%2Fv2%2Fcomments&post=3093"}],"version-history":[{"count":3,"href":"https:\/\/catalogolucianosilva.com.br\/index.php?rest_route=\/wp\/v2\/product\/3093\/revisions"}],"predecessor-version":[{"id":3774,"href":"https:\/\/catalogolucianosilva.com.br\/index.php?rest_route=\/wp\/v2\/product\/3093\/revisions\/3774"}],"wp:featuredmedia":[{"embeddable":true,"href":"https:\/\/catalogolucianosilva.com.br\/index.php?rest_route=\/wp\/v2\/media\/4038"}],"wp:attachment":[{"href":"https:\/\/catalogolucianosilva.com.br\/index.php?rest_route=%2Fwp%2Fv2%2Fmedia&parent=3093"}],"wp:term":[{"taxonomy":"product_brand","embeddable":true,"href":"https:\/\/catalogolucianosilva.com.br\/index.php?rest_route=%2Fwp%2Fv2%2Fproduct_brand&post=3093"},{"taxonomy":"product_cat","embeddable":true,"href":"https:\/\/catalogolucianosilva.com.br\/index.php?rest_route=%2Fwp%2Fv2%2Fproduct_cat&post=3093"},{"taxonomy":"product_tag","embeddable":true,"href":"https:\/\/catalogolucianosilva.com.br\/index.php?rest_route=%2Fwp%2Fv2%2Fproduct_tag&post=3093"}],"curies":[{"name":"wp","href":"https:\/\/api.w.org\/{rel}","templated":true}]}}