{"id":3104,"date":"2024-09-18T22:44:53","date_gmt":"2024-09-19T01:44:53","guid":{"rendered":"https:\/\/catalogolucianosilva.com.br\/?post_type=product&#038;p=3104"},"modified":"2025-06-30T22:31:57","modified_gmt":"2025-07-01T01:31:57","slug":"biz-125-ex-2014-2014","status":"publish","type":"product","link":"https:\/\/catalogolucianosilva.com.br\/?product=biz-125-ex-2014-2014","title":{"rendered":"BIZ 125 EX 2014\/2014"},"content":{"rendered":"<ul class=\"list-disc list-outside pl-5 space-y-2 text-sm my-5\">\n<li class=\"\">\n<h5><strong>Tipo: Mono-cil\u00edndrico<\/strong><\/h5>\n<\/li>\n<li class=\"\">\n<h5><strong>Cilindrada: 125<\/strong><\/h5>\n<\/li>\n<li class=\"\">\n<h5><strong>Pot\u00eancia: 11,5 cv @ 9.000 rpm<\/strong><\/h5>\n<\/li>\n<li class=\"\">\n<h5><strong>Torque: 10,2 Nm @ 7.000 rpm<\/strong><\/h5>\n<\/li>\n<li class=\"\">\n<h5><strong>Combust\u00edvel: Gasolina<\/strong><\/h5>\n<\/li>\n<\/ul>\n<h5 class=\"text-sm\"><strong>Performance<\/strong><\/h5>\n<ul class=\"list-disc list-outside pl-5 space-y-2 text-sm my-5\">\n<li class=\"\">\n<h5><strong>Velocidade M\u00e1xima: 115 km\/h<\/strong><\/h5>\n<\/li>\n<li class=\"\">\n<h5><strong>Acelera\u00e7\u00e3o 0-100 km\/h: 10,5 s<\/strong><\/h5>\n<\/li>\n<\/ul>\n<h5 class=\"text-sm\"><strong>Transmiss\u00e3o<\/strong><\/h5>\n<ul class=\"list-disc list-outside pl-5 space-y-2 text-sm my-5\">\n<li class=\"\">\n<h5><strong>Tipo: Manual<\/strong><\/h5>\n<\/li>\n<li class=\"\">\n<h5><strong>N\u00famero de marchas: 5<\/strong><\/h5>\n<\/li>\n<\/ul>\n<h5 class=\"text-sm\"><strong>Freios<\/strong><\/h5>\n<ul class=\"list-disc list-outside pl-5 space-y-2 text-sm my-5\">\n<li class=\"\">\n<h5><strong>Dianteiro: Disco<\/strong><\/h5>\n<\/li>\n<li class=\"\">\n<h5><strong>Traseiro: Tambor<\/strong><\/h5>\n<\/li>\n<\/ul>\n<h5 class=\"text-sm\"><strong>Outras caracter\u00edsticas<\/strong><\/h5>\n<ul class=\"list-disc list-outside pl-5 space-y-2 text-sm my-5\">\n<li class=\"\">\n<h5><strong>Suspens\u00e3o: Hidr\u00e1ulica<\/strong><\/h5>\n<\/li>\n<li class=\"\">\n<h5><strong>Dire\u00e7\u00e3o: Manual<\/strong><\/h5>\n<\/li>\n<li class=\"\">\n<h5><strong>Rodas: Aro 17&#8243;<\/strong><\/h5>\n<\/li>\n<\/ul>\n<h5 class=\"text-sm\"><strong>Outras informa\u00e7\u00f5es<\/strong><\/h5>\n<ul class=\"list-disc list-outside pl-5 space-y-2 text-sm my-5\">\n<li class=\"\">\n<h5><strong>Ano de fabrica\u00e7\u00e3o: 2014\/2014<\/strong><\/h5>\n<\/li>\n<li class=\"\">\n<h5><strong>Modelo: BIZ 125 EX<\/strong><\/h5>\n<\/li>\n<li class=\"\">\n<h5><strong>Tipo de moto: Naked<\/strong><\/h5>\n<\/li>\n<\/ul>\n<h5><strong>Final Placa: 4<\/strong><\/h5>\n<h5><\/h5>\n<h5><strong>(RECUPERADO FINANCIAMENTO)<\/strong><\/h5>\n<h5><strong>CONDI\u00c7\u00d5ES: FIQUE ATENTO AS INFORMA\u00c7\u00d5ES DOS LOTES. N\u00c3O ACEITAMOS AP\u00d3S A ARREMATA\u00c7\u00c3O, O CANCELAMENTO DA COMPRA.<\/strong><\/h5>\n<h5><strong>OBS: O CANCELAMENTO DA ARREMATA\u00c7\u00c3O GERA MUITA MAIS BLOQUEIO DO CADASTRO DO CLIENTE.<\/strong><\/h5>\n","protected":false},"excerpt":{"rendered":"<p>Tipo: Mono-cil\u00edndrico Cilindrada: 125 Pot\u00eancia: 11,5 cv @ 9.000 rpm Torque: 10,2 Nm @ 7.000 rpm Combust\u00edvel: Gasolina Performance Velocidade M\u00e1xima: 115 km\/h Acelera\u00e7\u00e3o 0-100 km\/h: 10,5 s Transmiss\u00e3o Tipo: Manual N\u00famero de marchas: 5 Freios Dianteiro: Disco Traseiro: Tambor Outras caracter\u00edsticas Suspens\u00e3o: Hidr\u00e1ulica Dire\u00e7\u00e3o: Manual Rodas: Aro 17&#8243; Outras informa\u00e7\u00f5es Ano de fabrica\u00e7\u00e3o: 2014\/2014 [&hellip;]<\/p>\n","protected":false},"featured_media":4033,"comment_status":"open","ping_status":"closed","template":"","meta":[],"product_brand":[],"product_cat":[16,32,31],"product_tag":[],"class_list":{"0":"post-3104","1":"product","2":"type-product","3":"status-publish","4":"has-post-thumbnail","6":"product_cat-todos-os-veiculos","7":"product_cat-honda","8":"product_cat-motos","10":"first","11":"onbackorder","12":"shipping-taxable","13":"purchasable","14":"product-type-simple"},"_links":{"self":[{"href":"https:\/\/catalogolucianosilva.com.br\/index.php?rest_route=\/wp\/v2\/product\/3104","targetHints":{"allow":["GET"]}}],"collection":[{"href":"https:\/\/catalogolucianosilva.com.br\/index.php?rest_route=\/wp\/v2\/product"}],"about":[{"href":"https:\/\/catalogolucianosilva.com.br\/index.php?rest_route=\/wp\/v2\/types\/product"}],"replies":[{"embeddable":true,"href":"https:\/\/catalogolucianosilva.com.br\/index.php?rest_route=%2Fwp%2Fv2%2Fcomments&post=3104"}],"version-history":[{"count":2,"href":"https:\/\/catalogolucianosilva.com.br\/index.php?rest_route=\/wp\/v2\/product\/3104\/revisions"}],"predecessor-version":[{"id":3772,"href":"https:\/\/catalogolucianosilva.com.br\/index.php?rest_route=\/wp\/v2\/product\/3104\/revisions\/3772"}],"wp:featuredmedia":[{"embeddable":true,"href":"https:\/\/catalogolucianosilva.com.br\/index.php?rest_route=\/wp\/v2\/media\/4033"}],"wp:attachment":[{"href":"https:\/\/catalogolucianosilva.com.br\/index.php?rest_route=%2Fwp%2Fv2%2Fmedia&parent=3104"}],"wp:term":[{"taxonomy":"product_brand","embeddable":true,"href":"https:\/\/catalogolucianosilva.com.br\/index.php?rest_route=%2Fwp%2Fv2%2Fproduct_brand&post=3104"},{"taxonomy":"product_cat","embeddable":true,"href":"https:\/\/catalogolucianosilva.com.br\/index.php?rest_route=%2Fwp%2Fv2%2Fproduct_cat&post=3104"},{"taxonomy":"product_tag","embeddable":true,"href":"https:\/\/catalogolucianosilva.com.br\/index.php?rest_route=%2Fwp%2Fv2%2Fproduct_tag&post=3104"}],"curies":[{"name":"wp","href":"https:\/\/api.w.org\/{rel}","templated":true}]}}