{"id":3143,"date":"2024-09-22T22:31:40","date_gmt":"2024-09-23T01:31:40","guid":{"rendered":"https:\/\/catalogolucianosilva.com.br\/?post_type=product&#038;p=3143"},"modified":"2025-06-30T22:28:33","modified_gmt":"2025-07-01T01:28:33","slug":"honda-cb-250f-twister-2017-2017","status":"publish","type":"product","link":"https:\/\/catalogolucianosilva.com.br\/?product=honda-cb-250f-twister-2017-2017","title":{"rendered":"HONDA CB 250F TWISTER 2017\/2017"},"content":{"rendered":"<h5><strong>Especifica\u00e7\u00f5es T\u00e9cnicas:<\/strong><\/h5>\n<ul>\n<li>\n<h5><strong>Motor:<\/strong><\/h5>\n<ul>\n<li>\n<h5><strong>Monocil\u00edndrico, 4 tempos, DOHC (duplo comando no cabe\u00e7ote), refrigerado a ar.<\/strong><\/h5>\n<\/li>\n<li>\n<h5><strong>Cilindrada: 249,5 cm\u00b3.<\/strong><\/h5>\n<\/li>\n<li>\n<h5><strong>Pot\u00eancia: 22,4 cv (gasolina) \/ 22,6 cv (etanol) a 7.500 rpm.<\/strong><\/h5>\n<\/li>\n<li>\n<h5><strong>Torque: 2,28 kgfm a 6.000 rpm.<\/strong><\/h5>\n<\/li>\n<\/ul>\n<\/li>\n<li>\n<h5><strong>Transmiss\u00e3o: Manual de 6 marchas.<\/strong><\/h5>\n<\/li>\n<li>\n<h5><strong>Combust\u00edvel: Flex (gasolina e etanol).<\/strong><\/h5>\n<\/li>\n<li>\n<h5><strong>Capacidade do tanque: 16,5 litros (incluindo 3,5 litros de reserva).<\/strong><\/h5>\n<\/li>\n<\/ul>\n<h5><strong>(RECUPERADO FINANCIAMENTO)<\/strong><\/h5>\n<h5><strong>CONDI\u00c7\u00d5ES: FIQUE ATENTO AS INFORMA\u00c7\u00d5ES DOS LOTES. N\u00c3O ACEITAMOS AP\u00d3S A ARREMATA\u00c7\u00c3O, O CANCELAMENTO DA COMPRA.<\/strong><\/h5>\n<h5><strong>OBS: O CANCELAMENTO DA ARREMATA\u00c7\u00c3O GERA MUITA MAIS BLOQUEIO DO CADASTRO DO CLIENTE.<\/strong><\/h5>\n","protected":false},"excerpt":{"rendered":"<p>Especifica\u00e7\u00f5es T\u00e9cnicas: Motor: Monocil\u00edndrico, 4 tempos, DOHC (duplo comando no cabe\u00e7ote), refrigerado a ar. Cilindrada: 249,5 cm\u00b3. Pot\u00eancia: 22,4 cv (gasolina) \/ 22,6 cv (etanol) a 7.500 rpm. Torque: 2,28 kgfm a 6.000 rpm. Transmiss\u00e3o: Manual de 6 marchas. Combust\u00edvel: Flex (gasolina e etanol). Capacidade do tanque: 16,5 litros (incluindo 3,5 litros de reserva). (RECUPERADO [&hellip;]<\/p>\n","protected":false},"featured_media":4017,"comment_status":"open","ping_status":"closed","template":"","meta":[],"product_brand":[],"product_cat":[16,32,31],"product_tag":[],"class_list":{"0":"post-3143","1":"product","2":"type-product","3":"status-publish","4":"has-post-thumbnail","6":"product_cat-todos-os-veiculos","7":"product_cat-honda","8":"product_cat-motos","10":"first","11":"onbackorder","12":"shipping-taxable","13":"purchasable","14":"product-type-simple"},"_links":{"self":[{"href":"https:\/\/catalogolucianosilva.com.br\/index.php?rest_route=\/wp\/v2\/product\/3143","targetHints":{"allow":["GET"]}}],"collection":[{"href":"https:\/\/catalogolucianosilva.com.br\/index.php?rest_route=\/wp\/v2\/product"}],"about":[{"href":"https:\/\/catalogolucianosilva.com.br\/index.php?rest_route=\/wp\/v2\/types\/product"}],"replies":[{"embeddable":true,"href":"https:\/\/catalogolucianosilva.com.br\/index.php?rest_route=%2Fwp%2Fv2%2Fcomments&post=3143"}],"version-history":[{"count":2,"href":"https:\/\/catalogolucianosilva.com.br\/index.php?rest_route=\/wp\/v2\/product\/3143\/revisions"}],"predecessor-version":[{"id":3157,"href":"https:\/\/catalogolucianosilva.com.br\/index.php?rest_route=\/wp\/v2\/product\/3143\/revisions\/3157"}],"wp:featuredmedia":[{"embeddable":true,"href":"https:\/\/catalogolucianosilva.com.br\/index.php?rest_route=\/wp\/v2\/media\/4017"}],"wp:attachment":[{"href":"https:\/\/catalogolucianosilva.com.br\/index.php?rest_route=%2Fwp%2Fv2%2Fmedia&parent=3143"}],"wp:term":[{"taxonomy":"product_brand","embeddable":true,"href":"https:\/\/catalogolucianosilva.com.br\/index.php?rest_route=%2Fwp%2Fv2%2Fproduct_brand&post=3143"},{"taxonomy":"product_cat","embeddable":true,"href":"https:\/\/catalogolucianosilva.com.br\/index.php?rest_route=%2Fwp%2Fv2%2Fproduct_cat&post=3143"},{"taxonomy":"product_tag","embeddable":true,"href":"https:\/\/catalogolucianosilva.com.br\/index.php?rest_route=%2Fwp%2Fv2%2Fproduct_tag&post=3143"}],"curies":[{"name":"wp","href":"https:\/\/api.w.org\/{rel}","templated":true}]}}