{"id":3158,"date":"2024-09-22T22:41:21","date_gmt":"2024-09-23T01:41:21","guid":{"rendered":"https:\/\/catalogolucianosilva.com.br\/?post_type=product&#038;p=3158"},"modified":"2025-06-30T22:26:03","modified_gmt":"2025-07-01T01:26:03","slug":"cb-300r-2011-2011","status":"publish","type":"product","link":"https:\/\/catalogolucianosilva.com.br\/?product=cb-300r-2011-2011","title":{"rendered":"CB 300R 2011\/2011"},"content":{"rendered":"<h5>Especifica\u00e7\u00f5es T\u00e9cnicas:<\/h5>\n<ul>\n<li>\n<h5><strong>Motor:<\/strong> Monocil\u00edndrico, 4 tempos, arrefecido a ar, com comando simples no cabe\u00e7ote (SOHC).<\/h5>\n<ul>\n<li>\n<h5><strong>Cilindrada:<\/strong> 291,6 cm\u00b3.<\/h5>\n<\/li>\n<li>\n<h5><strong>Pot\u00eancia m\u00e1xima:<\/strong> 26,5 cv a 7.500 rpm (gasolina).<\/h5>\n<\/li>\n<li>\n<h5><strong>Torque m\u00e1ximo:<\/strong> 2,81 kgfm a 6.000 rpm.<\/h5>\n<\/li>\n<\/ul>\n<\/li>\n<li>\n<h5><strong>Alimenta\u00e7\u00e3o:<\/strong> Inje\u00e7\u00e3o eletr\u00f4nica de combust\u00edvel (PGM-FI).<\/h5>\n<\/li>\n<li>\n<h5><strong>Transmiss\u00e3o:<\/strong> Manual de 5 marchas.<\/h5>\n<\/li>\n<li>\n<h5><strong>Capacidade do tanque de combust\u00edvel:<\/strong> 18 litros (incluindo 4 litros de reserva).<\/h5>\n<\/li>\n<\/ul>\n<ul>\n<li style=\"list-style-type: none;\"><\/li>\n<li>\n<h5><strong>Painel:<\/strong> Anal\u00f3gico-digital, com veloc\u00edmetro, conta-giros, marcador de combust\u00edvel e indicadores de marcha.<\/h5>\n<\/li>\n<\/ul>\n<h5>(RECUPERADO FINANCIAMENTO)<\/h5>\n<h5>CONDI\u00c7\u00d5ES: FIQUE ATENTO AS INFORMA\u00c7\u00d5ES DOS LOTES. N\u00c3O ACEITAMOS AP\u00d3S A ARREMATA\u00c7\u00c3O, O CANCELAMENTO DA COMPRA.<\/h5>\n<h5>OBS: O CANCELAMENTO DA ARREMATA\u00c7\u00c3O GERA MUITA MAIS BLOQUEIO DO CADASTRO DO CLIENTE.<\/h5>\n<p><strong>KM: N\u00e3o Informado<\/strong><\/p>\n<p><strong>Situa\u00e7\u00e3o de Entrada: N\u00e3o funcionando<\/strong><\/p>\n<p><strong>APREENS\u00c3O TR\u00c2NSITO (CONSERVADO)<\/strong><\/p>\n<p><strong>Final Placa: 9 \/ MA<\/strong><\/p>\n<p><strong>Comitente: DETRAN MA<\/strong><\/p>\n","protected":false},"excerpt":{"rendered":"<p>Especifica\u00e7\u00f5es T\u00e9cnicas: Motor: Monocil\u00edndrico, 4 tempos, arrefecido a ar, com comando simples no cabe\u00e7ote (SOHC). Cilindrada: 291,6 cm\u00b3. Pot\u00eancia m\u00e1xima: 26,5 cv a 7.500 rpm (gasolina). Torque m\u00e1ximo: 2,81 kgfm a 6.000 rpm. Alimenta\u00e7\u00e3o: Inje\u00e7\u00e3o eletr\u00f4nica de combust\u00edvel (PGM-FI). Transmiss\u00e3o: Manual de 5 marchas. Capacidade do tanque de combust\u00edvel: 18 litros (incluindo 4 litros de [&hellip;]<\/p>\n","protected":false},"featured_media":4003,"comment_status":"open","ping_status":"closed","template":"","meta":[],"product_brand":[],"product_cat":[32,31],"product_tag":[],"class_list":{"0":"post-3158","1":"product","2":"type-product","3":"status-publish","4":"has-post-thumbnail","6":"product_cat-honda","7":"product_cat-motos","9":"first","10":"onbackorder","11":"shipping-taxable","12":"purchasable","13":"product-type-simple"},"_links":{"self":[{"href":"https:\/\/catalogolucianosilva.com.br\/index.php?rest_route=\/wp\/v2\/product\/3158","targetHints":{"allow":["GET"]}}],"collection":[{"href":"https:\/\/catalogolucianosilva.com.br\/index.php?rest_route=\/wp\/v2\/product"}],"about":[{"href":"https:\/\/catalogolucianosilva.com.br\/index.php?rest_route=\/wp\/v2\/types\/product"}],"replies":[{"embeddable":true,"href":"https:\/\/catalogolucianosilva.com.br\/index.php?rest_route=%2Fwp%2Fv2%2Fcomments&post=3158"}],"version-history":[{"count":1,"href":"https:\/\/catalogolucianosilva.com.br\/index.php?rest_route=\/wp\/v2\/product\/3158\/revisions"}],"predecessor-version":[{"id":3170,"href":"https:\/\/catalogolucianosilva.com.br\/index.php?rest_route=\/wp\/v2\/product\/3158\/revisions\/3170"}],"wp:featuredmedia":[{"embeddable":true,"href":"https:\/\/catalogolucianosilva.com.br\/index.php?rest_route=\/wp\/v2\/media\/4003"}],"wp:attachment":[{"href":"https:\/\/catalogolucianosilva.com.br\/index.php?rest_route=%2Fwp%2Fv2%2Fmedia&parent=3158"}],"wp:term":[{"taxonomy":"product_brand","embeddable":true,"href":"https:\/\/catalogolucianosilva.com.br\/index.php?rest_route=%2Fwp%2Fv2%2Fproduct_brand&post=3158"},{"taxonomy":"product_cat","embeddable":true,"href":"https:\/\/catalogolucianosilva.com.br\/index.php?rest_route=%2Fwp%2Fv2%2Fproduct_cat&post=3158"},{"taxonomy":"product_tag","embeddable":true,"href":"https:\/\/catalogolucianosilva.com.br\/index.php?rest_route=%2Fwp%2Fv2%2Fproduct_tag&post=3158"}],"curies":[{"name":"wp","href":"https:\/\/api.w.org\/{rel}","templated":true}]}}