{"id":3171,"date":"2024-09-22T22:47:50","date_gmt":"2024-09-23T01:47:50","guid":{"rendered":"https:\/\/catalogolucianosilva.com.br\/?post_type=product&#038;p=3171"},"modified":"2025-06-30T22:24:44","modified_gmt":"2025-07-01T01:24:44","slug":"cb-300r-2013-2013","status":"publish","type":"product","link":"https:\/\/catalogolucianosilva.com.br\/?product=cb-300r-2013-2013","title":{"rendered":"CB 300R 2013\/2013"},"content":{"rendered":"<h5><strong>Especifica\u00e7\u00f5es T\u00e9cnicas:<\/strong><\/h5>\n<ul>\n<li>\n<h5><strong>Motor: Monocil\u00edndrico, 4 tempos, arrefecido a ar, SOHC (comando simples no cabe\u00e7ote).<\/strong><\/h5>\n<ul>\n<li>\n<h5><strong>Cilindrada: 291,6 cm\u00b3.<\/strong><\/h5>\n<\/li>\n<li>\n<h5><strong>Pot\u00eancia: 26,5 cv a 7.500 rpm.<\/strong><\/h5>\n<\/li>\n<li>\n<h5><strong>Torque: 2,81 kgfm a 6.000 rpm.<\/strong><\/h5>\n<\/li>\n<\/ul>\n<\/li>\n<li>\n<h5><strong>Alimenta\u00e7\u00e3o: Inje\u00e7\u00e3o eletr\u00f4nica PGM-FI.<\/strong><\/h5>\n<\/li>\n<li>\n<h5><strong>Transmiss\u00e3o: Manual de 5 marchas.<\/strong><\/h5>\n<\/li>\n<li>\n<h5><strong>Combust\u00edvel: Flex (gasolina e etanol).<\/strong><\/h5>\n<\/li>\n<li>\n<h5><strong>Capacidade do tanque: 18 litros.<\/strong><\/h5>\n<\/li>\n<\/ul>\n<ul>\n<li>\n<h5><strong>Painel: Anal\u00f3gico e digital, com veloc\u00edmetro, conta-giros e indicador de combust\u00edvel.<\/strong><\/h5>\n<\/li>\n<\/ul>\n<h5><strong>(RECUPERADO FINANCIAMENTO)<\/strong><\/h5>\n<h5><strong>CONDI\u00c7\u00d5ES: FIQUE ATENTO AS INFORMA\u00c7\u00d5ES DOS LOTES. N\u00c3O ACEITAMOS AP\u00d3S A ARREMATA\u00c7\u00c3O, O CANCELAMENTO DA COMPRA.<\/strong><\/h5>\n<h5><strong>OBS: O CANCELAMENTO DA ARREMATA\u00c7\u00c3O GERA MUITA MAIS BLOQUEIO DO CADASTRO DO CLIENTE.<\/strong><\/h5>\n<h5><strong>APREENS\u00c3O TR\u00c2NSITO (CONSERVADO)<\/strong><\/h5>\n<h5><strong>Final Placa: 9 \/ MA<\/strong><\/h5>\n<h5><strong>Comitente: DETRAN MA<\/strong><\/h5>\n","protected":false},"excerpt":{"rendered":"<p>Especifica\u00e7\u00f5es T\u00e9cnicas: Motor: Monocil\u00edndrico, 4 tempos, arrefecido a ar, SOHC (comando simples no cabe\u00e7ote). Cilindrada: 291,6 cm\u00b3. Pot\u00eancia: 26,5 cv a 7.500 rpm. Torque: 2,81 kgfm a 6.000 rpm. Alimenta\u00e7\u00e3o: Inje\u00e7\u00e3o eletr\u00f4nica PGM-FI. Transmiss\u00e3o: Manual de 5 marchas. Combust\u00edvel: Flex (gasolina e etanol). Capacidade do tanque: 18 litros. Painel: Anal\u00f3gico e digital, com veloc\u00edmetro, conta-giros [&hellip;]<\/p>\n","protected":false},"featured_media":3996,"comment_status":"open","ping_status":"closed","template":"","meta":[],"product_brand":[],"product_cat":[32,31,16],"product_tag":[],"class_list":{"0":"post-3171","1":"product","2":"type-product","3":"status-publish","4":"has-post-thumbnail","6":"product_cat-honda","7":"product_cat-motos","8":"product_cat-todos-os-veiculos","10":"first","11":"onbackorder","12":"shipping-taxable","13":"purchasable","14":"product-type-simple"},"_links":{"self":[{"href":"https:\/\/catalogolucianosilva.com.br\/index.php?rest_route=\/wp\/v2\/product\/3171","targetHints":{"allow":["GET"]}}],"collection":[{"href":"https:\/\/catalogolucianosilva.com.br\/index.php?rest_route=\/wp\/v2\/product"}],"about":[{"href":"https:\/\/catalogolucianosilva.com.br\/index.php?rest_route=\/wp\/v2\/types\/product"}],"replies":[{"embeddable":true,"href":"https:\/\/catalogolucianosilva.com.br\/index.php?rest_route=%2Fwp%2Fv2%2Fcomments&post=3171"}],"version-history":[{"count":1,"href":"https:\/\/catalogolucianosilva.com.br\/index.php?rest_route=\/wp\/v2\/product\/3171\/revisions"}],"predecessor-version":[{"id":3181,"href":"https:\/\/catalogolucianosilva.com.br\/index.php?rest_route=\/wp\/v2\/product\/3171\/revisions\/3181"}],"wp:featuredmedia":[{"embeddable":true,"href":"https:\/\/catalogolucianosilva.com.br\/index.php?rest_route=\/wp\/v2\/media\/3996"}],"wp:attachment":[{"href":"https:\/\/catalogolucianosilva.com.br\/index.php?rest_route=%2Fwp%2Fv2%2Fmedia&parent=3171"}],"wp:term":[{"taxonomy":"product_brand","embeddable":true,"href":"https:\/\/catalogolucianosilva.com.br\/index.php?rest_route=%2Fwp%2Fv2%2Fproduct_brand&post=3171"},{"taxonomy":"product_cat","embeddable":true,"href":"https:\/\/catalogolucianosilva.com.br\/index.php?rest_route=%2Fwp%2Fv2%2Fproduct_cat&post=3171"},{"taxonomy":"product_tag","embeddable":true,"href":"https:\/\/catalogolucianosilva.com.br\/index.php?rest_route=%2Fwp%2Fv2%2Fproduct_tag&post=3171"}],"curies":[{"name":"wp","href":"https:\/\/api.w.org\/{rel}","templated":true}]}}