{"id":3193,"date":"2024-09-22T23:02:31","date_gmt":"2024-09-23T02:02:31","guid":{"rendered":"https:\/\/catalogolucianosilva.com.br\/?post_type=product&#038;p=3193"},"modified":"2025-06-30T22:03:49","modified_gmt":"2025-07-01T01:03:49","slug":"cbr-600-rr-2008","status":"publish","type":"product","link":"https:\/\/catalogolucianosilva.com.br\/?product=cbr-600-rr-2008","title":{"rendered":"CBR 600 RR 2008"},"content":{"rendered":"<ul>\n<li>\n<h5>Motor: 599 cc, 4 cilindros em linha, 16 v\u00e1lvulas<\/h5>\n<\/li>\n<li>\n<h5>Pot\u00eancia: cerca de 120 cavalos<\/h5>\n<\/li>\n<li>\n<h5>Transmiss\u00e3o: 6 marchas<\/h5>\n<\/li>\n<li>\n<h5>Peso: aproximadamente 185 kg (a seco)<\/h5>\n<\/li>\n<li>\n<h5>Suspens\u00e3o: Garfo telesc\u00f3pico invertido na dianteira e monoamortecida na traseira<\/h5>\n<\/li>\n<li>\n<h5>Freios: Disco duplo na dianteira e disco simples na traseira<\/h5>\n<\/li>\n<\/ul>\n<h5>(RECUPERADO FINANCIAMENTO)<\/h5>\n<h5>CONDI\u00c7\u00d5ES: FIQUE ATENTO AS INFORMA\u00c7\u00d5ES DOS LOTES. N\u00c3O ACEITAMOS AP\u00d3S A ARREMATA\u00c7\u00c3O, O CANCELAMENTO DA COMPRA.<\/h5>\n<h5>OBS: O CANCELAMENTO DA ARREMATA\u00c7\u00c3O GERA MUITA MAIS BLOQUEIO DO CADASTRO DO CLIENTE.<\/h5>\n","protected":false},"excerpt":{"rendered":"<p>Motor: 599 cc, 4 cilindros em linha, 16 v\u00e1lvulas Pot\u00eancia: cerca de 120 cavalos Transmiss\u00e3o: 6 marchas Peso: aproximadamente 185 kg (a seco) Suspens\u00e3o: Garfo telesc\u00f3pico invertido na dianteira e monoamortecida na traseira Freios: Disco duplo na dianteira e disco simples na traseira (RECUPERADO FINANCIAMENTO) CONDI\u00c7\u00d5ES: FIQUE ATENTO AS INFORMA\u00c7\u00d5ES DOS LOTES. N\u00c3O ACEITAMOS AP\u00d3S [&hellip;]<\/p>\n","protected":false},"featured_media":3984,"comment_status":"open","ping_status":"closed","template":"","meta":[],"product_brand":[],"product_cat":[16,32,31],"product_tag":[],"class_list":{"0":"post-3193","1":"product","2":"type-product","3":"status-publish","4":"has-post-thumbnail","6":"product_cat-todos-os-veiculos","7":"product_cat-honda","8":"product_cat-motos","10":"first","11":"onbackorder","12":"shipping-taxable","13":"purchasable","14":"product-type-simple"},"_links":{"self":[{"href":"https:\/\/catalogolucianosilva.com.br\/index.php?rest_route=\/wp\/v2\/product\/3193","targetHints":{"allow":["GET"]}}],"collection":[{"href":"https:\/\/catalogolucianosilva.com.br\/index.php?rest_route=\/wp\/v2\/product"}],"about":[{"href":"https:\/\/catalogolucianosilva.com.br\/index.php?rest_route=\/wp\/v2\/types\/product"}],"replies":[{"embeddable":true,"href":"https:\/\/catalogolucianosilva.com.br\/index.php?rest_route=%2Fwp%2Fv2%2Fcomments&post=3193"}],"version-history":[{"count":1,"href":"https:\/\/catalogolucianosilva.com.br\/index.php?rest_route=\/wp\/v2\/product\/3193\/revisions"}],"predecessor-version":[{"id":3205,"href":"https:\/\/catalogolucianosilva.com.br\/index.php?rest_route=\/wp\/v2\/product\/3193\/revisions\/3205"}],"wp:featuredmedia":[{"embeddable":true,"href":"https:\/\/catalogolucianosilva.com.br\/index.php?rest_route=\/wp\/v2\/media\/3984"}],"wp:attachment":[{"href":"https:\/\/catalogolucianosilva.com.br\/index.php?rest_route=%2Fwp%2Fv2%2Fmedia&parent=3193"}],"wp:term":[{"taxonomy":"product_brand","embeddable":true,"href":"https:\/\/catalogolucianosilva.com.br\/index.php?rest_route=%2Fwp%2Fv2%2Fproduct_brand&post=3193"},{"taxonomy":"product_cat","embeddable":true,"href":"https:\/\/catalogolucianosilva.com.br\/index.php?rest_route=%2Fwp%2Fv2%2Fproduct_cat&post=3193"},{"taxonomy":"product_tag","embeddable":true,"href":"https:\/\/catalogolucianosilva.com.br\/index.php?rest_route=%2Fwp%2Fv2%2Fproduct_tag&post=3193"}],"curies":[{"name":"wp","href":"https:\/\/api.w.org\/{rel}","templated":true}]}}