{"id":3219,"date":"2024-09-23T23:51:11","date_gmt":"2024-09-24T02:51:11","guid":{"rendered":"https:\/\/catalogolucianosilva.com.br\/?post_type=product&#038;p=3219"},"modified":"2025-06-30T21:58:16","modified_gmt":"2025-07-01T00:58:16","slug":"cg-160-fan-esdi-2017-2017","status":"publish","type":"product","link":"https:\/\/catalogolucianosilva.com.br\/?product=cg-160-fan-esdi-2017-2017","title":{"rendered":"CG 160 FAN ESDI 2017\/2017"},"content":{"rendered":"<ul>\n<li>\n<h5><strong>Cilindrada: 162,7 cc<\/strong><\/h5>\n<\/li>\n<li>\n<h5><strong>Tipo: Monocil\u00edndrico, 4 tempos, arrefecido a ar<\/strong><\/h5>\n<\/li>\n<li>\n<h5><strong>Pot\u00eancia m\u00e1xima: 14,9 cv (gasolina) \/ 15,1 cv (etanol) a 8.000 rpm<\/strong><\/h5>\n<\/li>\n<li>\n<h5><strong>Torque m\u00e1ximo: 1,40 kgf.m (gasolina) \/ 1,54 kgf.m (etanol) a 6.000 rpm<\/strong><\/h5>\n<\/li>\n<li>\n<h5><strong>Alimenta\u00e7\u00e3o: Inje\u00e7\u00e3o eletr\u00f4nica Flex<\/strong><\/h5>\n<\/li>\n<li>\n<h5><strong>Transmiss\u00e3o: 5 marchas<\/strong><\/h5>\n<\/li>\n<\/ul>\n<h5><strong>Capacidade:<\/strong><\/h5>\n<ul>\n<li>\n<h5><strong>Tanque de combust\u00edvel: 16,1 litros (incluindo 4,5 litros de reserva)<\/strong><\/h5>\n<\/li>\n<li>\n<h5><strong>Consumo m\u00e9dio: Aproximadamente 35-40 km\/l, dependendo das condi\u00e7\u00f5es e do tipo de combust\u00edvel utilizado.<\/strong><\/h5>\n<\/li>\n<\/ul>\n<h5><strong>(RECUPERADO FINANCIAMENTO)<\/strong><\/h5>\n<h5><strong>CONDI\u00c7\u00d5ES: FIQUE ATENTO AS INFORMA\u00c7\u00d5ES DOS LOTES. N\u00c3O ACEITAMOS AP\u00d3S A ARREMATA\u00c7\u00c3O, O CANCELAMENTO DA COMPRA.<\/strong><\/h5>\n<h5><strong>OBS: O CANCELAMENTO DA ARREMATA\u00c7\u00c3O GERA MUITA MAIS BLOQUEIO DO CADASTRO DO CLIENTE.<\/strong><\/h5>\n","protected":false},"excerpt":{"rendered":"<p>Cilindrada: 162,7 cc Tipo: Monocil\u00edndrico, 4 tempos, arrefecido a ar Pot\u00eancia m\u00e1xima: 14,9 cv (gasolina) \/ 15,1 cv (etanol) a 8.000 rpm Torque m\u00e1ximo: 1,40 kgf.m (gasolina) \/ 1,54 kgf.m (etanol) a 6.000 rpm Alimenta\u00e7\u00e3o: Inje\u00e7\u00e3o eletr\u00f4nica Flex Transmiss\u00e3o: 5 marchas Capacidade: Tanque de combust\u00edvel: 16,1 litros (incluindo 4,5 litros de reserva) Consumo m\u00e9dio: Aproximadamente [&hellip;]<\/p>\n","protected":false},"featured_media":3964,"comment_status":"open","ping_status":"closed","template":"","meta":[],"product_brand":[],"product_cat":[16,32,31],"product_tag":[],"class_list":{"0":"post-3219","1":"product","2":"type-product","3":"status-publish","4":"has-post-thumbnail","6":"product_cat-todos-os-veiculos","7":"product_cat-honda","8":"product_cat-motos","10":"first","11":"onbackorder","12":"shipping-taxable","13":"purchasable","14":"product-type-simple"},"_links":{"self":[{"href":"https:\/\/catalogolucianosilva.com.br\/index.php?rest_route=\/wp\/v2\/product\/3219","targetHints":{"allow":["GET"]}}],"collection":[{"href":"https:\/\/catalogolucianosilva.com.br\/index.php?rest_route=\/wp\/v2\/product"}],"about":[{"href":"https:\/\/catalogolucianosilva.com.br\/index.php?rest_route=\/wp\/v2\/types\/product"}],"replies":[{"embeddable":true,"href":"https:\/\/catalogolucianosilva.com.br\/index.php?rest_route=%2Fwp%2Fv2%2Fcomments&post=3219"}],"version-history":[{"count":2,"href":"https:\/\/catalogolucianosilva.com.br\/index.php?rest_route=\/wp\/v2\/product\/3219\/revisions"}],"predecessor-version":[{"id":3336,"href":"https:\/\/catalogolucianosilva.com.br\/index.php?rest_route=\/wp\/v2\/product\/3219\/revisions\/3336"}],"wp:featuredmedia":[{"embeddable":true,"href":"https:\/\/catalogolucianosilva.com.br\/index.php?rest_route=\/wp\/v2\/media\/3964"}],"wp:attachment":[{"href":"https:\/\/catalogolucianosilva.com.br\/index.php?rest_route=%2Fwp%2Fv2%2Fmedia&parent=3219"}],"wp:term":[{"taxonomy":"product_brand","embeddable":true,"href":"https:\/\/catalogolucianosilva.com.br\/index.php?rest_route=%2Fwp%2Fv2%2Fproduct_brand&post=3219"},{"taxonomy":"product_cat","embeddable":true,"href":"https:\/\/catalogolucianosilva.com.br\/index.php?rest_route=%2Fwp%2Fv2%2Fproduct_cat&post=3219"},{"taxonomy":"product_tag","embeddable":true,"href":"https:\/\/catalogolucianosilva.com.br\/index.php?rest_route=%2Fwp%2Fv2%2Fproduct_tag&post=3219"}],"curies":[{"name":"wp","href":"https:\/\/api.w.org\/{rel}","templated":true}]}}