{"id":3225,"date":"2024-09-23T23:55:50","date_gmt":"2024-09-24T02:55:50","guid":{"rendered":"https:\/\/catalogolucianosilva.com.br\/?post_type=product&#038;p=3225"},"modified":"2025-06-30T21:54:19","modified_gmt":"2025-07-01T00:54:19","slug":"cg-160-start-2019-2020","status":"publish","type":"product","link":"https:\/\/catalogolucianosilva.com.br\/?product=cg-160-start-2019-2020","title":{"rendered":"CG 160 START 2019\/2020"},"content":{"rendered":"<ul>\n<li>\n<h5><strong>Cilindrada: 162,7 cm\u00b3<\/strong><\/h5>\n<\/li>\n<li>\n<h5><strong>Tipo: Monocil\u00edndrico, 4 tempos, arrefecido a ar<\/strong><\/h5>\n<\/li>\n<li>\n<h5><strong>Pot\u00eancia m\u00e1xima: 14,9 cv a 8.000 rpm (gasolina) \/ 15,1 cv (etanol)<\/strong><\/h5>\n<\/li>\n<li>\n<h5><strong>Torque m\u00e1ximo: 1,40 kgf.m a 6.000 rpm (gasolina) \/ 1,54 kgf.m (etanol)<\/strong><\/h5>\n<\/li>\n<li>\n<h5><strong>Alimenta\u00e7\u00e3o: Inje\u00e7\u00e3o eletr\u00f4nica PGM-FI (Flex)<\/strong><\/h5>\n<\/li>\n<li>\n<h5><strong>Combust\u00edvel: Gasolina e etanol<\/strong><\/h5>\n<\/li>\n<\/ul>\n<h5><strong>Transmiss\u00e3o:<\/strong><\/h5>\n<ul>\n<li>\n<h5><strong>C\u00e2mbio: Manual de 5 marchas<\/strong><\/h5>\n<\/li>\n<li>\n<h5><strong>Transmiss\u00e3o final: Corrente<\/strong><\/h5>\n<\/li>\n<\/ul>\n<h5><strong>Dimens\u00f5es:<\/strong><\/h5>\n<ul>\n<li>\n<h5><strong>Peso seco: 115 kg<\/strong><\/h5>\n<\/li>\n<li>\n<h5><strong>Altura do assento: 790 mm<\/strong><\/h5>\n<\/li>\n<li>\n<h5><strong>Dist\u00e2ncia entre eixos: 1.315 mm<\/strong><\/h5>\n<\/li>\n<li>\n<h5><strong>Comprimento total: 2.039 mm<\/strong><\/h5>\n<\/li>\n<li>\n<h5><strong>Largura: 739 mm<\/strong><\/h5>\n<\/li>\n<li>\n<h5><strong>Altura: 1.084 mm<\/strong><\/h5>\n<\/li>\n<\/ul>\n<h5><strong>(RECUPERADO FINANCIAMENTO)<\/strong><\/h5>\n<h5><strong>CONDI\u00c7\u00d5ES: FIQUE ATENTO AS INFORMA\u00c7\u00d5ES DOS LOTES. N\u00c3O ACEITAMOS AP\u00d3S A ARREMATA\u00c7\u00c3O, O CANCELAMENTO DA COMPRA.<\/strong><\/h5>\n<h5><strong>OBS: O CANCELAMENTO DA ARREMATA\u00c7\u00c3O GERA MUITA MAIS BLOQUEIO DO CADASTRO DO CLIENTE.<\/strong><\/h5>\n","protected":false},"excerpt":{"rendered":"<p>Cilindrada: 162,7 cm\u00b3 Tipo: Monocil\u00edndrico, 4 tempos, arrefecido a ar Pot\u00eancia m\u00e1xima: 14,9 cv a 8.000 rpm (gasolina) \/ 15,1 cv (etanol) Torque m\u00e1ximo: 1,40 kgf.m a 6.000 rpm (gasolina) \/ 1,54 kgf.m (etanol) Alimenta\u00e7\u00e3o: Inje\u00e7\u00e3o eletr\u00f4nica PGM-FI (Flex) Combust\u00edvel: Gasolina e etanol Transmiss\u00e3o: C\u00e2mbio: Manual de 5 marchas Transmiss\u00e3o final: Corrente Dimens\u00f5es: Peso seco: [&hellip;]<\/p>\n","protected":false},"featured_media":3954,"comment_status":"open","ping_status":"closed","template":"","meta":[],"product_brand":[],"product_cat":[32,31],"product_tag":[],"class_list":{"0":"post-3225","1":"product","2":"type-product","3":"status-publish","4":"has-post-thumbnail","6":"product_cat-honda","7":"product_cat-motos","9":"first","10":"onbackorder","11":"shipping-taxable","12":"purchasable","13":"product-type-simple"},"_links":{"self":[{"href":"https:\/\/catalogolucianosilva.com.br\/index.php?rest_route=\/wp\/v2\/product\/3225","targetHints":{"allow":["GET"]}}],"collection":[{"href":"https:\/\/catalogolucianosilva.com.br\/index.php?rest_route=\/wp\/v2\/product"}],"about":[{"href":"https:\/\/catalogolucianosilva.com.br\/index.php?rest_route=\/wp\/v2\/types\/product"}],"replies":[{"embeddable":true,"href":"https:\/\/catalogolucianosilva.com.br\/index.php?rest_route=%2Fwp%2Fv2%2Fcomments&post=3225"}],"version-history":[{"count":1,"href":"https:\/\/catalogolucianosilva.com.br\/index.php?rest_route=\/wp\/v2\/product\/3225\/revisions"}],"predecessor-version":[{"id":3236,"href":"https:\/\/catalogolucianosilva.com.br\/index.php?rest_route=\/wp\/v2\/product\/3225\/revisions\/3236"}],"wp:featuredmedia":[{"embeddable":true,"href":"https:\/\/catalogolucianosilva.com.br\/index.php?rest_route=\/wp\/v2\/media\/3954"}],"wp:attachment":[{"href":"https:\/\/catalogolucianosilva.com.br\/index.php?rest_route=%2Fwp%2Fv2%2Fmedia&parent=3225"}],"wp:term":[{"taxonomy":"product_brand","embeddable":true,"href":"https:\/\/catalogolucianosilva.com.br\/index.php?rest_route=%2Fwp%2Fv2%2Fproduct_brand&post=3225"},{"taxonomy":"product_cat","embeddable":true,"href":"https:\/\/catalogolucianosilva.com.br\/index.php?rest_route=%2Fwp%2Fv2%2Fproduct_cat&post=3225"},{"taxonomy":"product_tag","embeddable":true,"href":"https:\/\/catalogolucianosilva.com.br\/index.php?rest_route=%2Fwp%2Fv2%2Fproduct_tag&post=3225"}],"curies":[{"name":"wp","href":"https:\/\/api.w.org\/{rel}","templated":true}]}}