{"id":3247,"date":"2024-09-24T23:07:56","date_gmt":"2024-09-25T02:07:56","guid":{"rendered":"https:\/\/catalogolucianosilva.com.br\/?post_type=product&#038;p=3247"},"modified":"2025-06-30T21:51:32","modified_gmt":"2025-07-01T00:51:32","slug":"cg150-fan-esdi-2015-2015","status":"publish","type":"product","link":"https:\/\/catalogolucianosilva.com.br\/?product=cg150-fan-esdi-2015-2015","title":{"rendered":"CG150 FAN ESDI 2015\/2015"},"content":{"rendered":"<ul>\n<li>\n<h5><strong>Cilindrada: 149,2 cm\u00b3<\/strong><\/h5>\n<\/li>\n<li>\n<h5><strong>Tipo: Monocil\u00edndrico, 4 tempos, arrefecido a ar<\/strong><\/h5>\n<\/li>\n<li>\n<h5><strong>Pot\u00eancia m\u00e1xima: 14,2 cv a 8.500 rpm (gasolina) \/ 14,3 cv a 8.500 rpm (etanol)<\/strong><\/h5>\n<\/li>\n<li>\n<h5><strong>Torque m\u00e1ximo: 1,32 kgf.m a 6.500 rpm (gasolina e etanol)<\/strong><\/h5>\n<\/li>\n<li>\n<h5><strong>Combust\u00edvel: Flex (gasolina e etanol)<\/strong><\/h5>\n<\/li>\n<li>\n<h5><strong>Alimenta\u00e7\u00e3o: Inje\u00e7\u00e3o eletr\u00f4nica<\/strong><\/h5>\n<\/li>\n<\/ul>\n<h5><strong>(RECUPERADO FINANCIAMENTO)<\/strong><\/h5>\n<h5><strong>CONDI\u00c7\u00d5ES: FIQUE ATENTO AS INFORMA\u00c7\u00d5ES DOS LOTES. N\u00c3O ACEITAMOS AP\u00d3S A ARREMATA\u00c7\u00c3O, O CANCELAMENTO DA COMPRA.<\/strong><\/h5>\n<h5><strong>OBS: O CANCELAMENTO DA ARREMATA\u00c7\u00c3O GERA MUITA MAIS BLOQUEIO DO CADASTRO DO CLIENTE.<\/strong><\/h5>\n","protected":false},"excerpt":{"rendered":"<p>Cilindrada: 149,2 cm\u00b3 Tipo: Monocil\u00edndrico, 4 tempos, arrefecido a ar Pot\u00eancia m\u00e1xima: 14,2 cv a 8.500 rpm (gasolina) \/ 14,3 cv a 8.500 rpm (etanol) Torque m\u00e1ximo: 1,32 kgf.m a 6.500 rpm (gasolina e etanol) Combust\u00edvel: Flex (gasolina e etanol) Alimenta\u00e7\u00e3o: Inje\u00e7\u00e3o eletr\u00f4nica (RECUPERADO FINANCIAMENTO) CONDI\u00c7\u00d5ES: FIQUE ATENTO AS INFORMA\u00c7\u00d5ES DOS LOTES. N\u00c3O ACEITAMOS AP\u00d3S [&hellip;]<\/p>\n","protected":false},"featured_media":3948,"comment_status":"open","ping_status":"closed","template":"","meta":[],"product_brand":[],"product_cat":[16,32,31],"product_tag":[],"class_list":{"0":"post-3247","1":"product","2":"type-product","3":"status-publish","4":"has-post-thumbnail","6":"product_cat-todos-os-veiculos","7":"product_cat-honda","8":"product_cat-motos","10":"first","11":"onbackorder","12":"shipping-taxable","13":"purchasable","14":"product-type-simple"},"_links":{"self":[{"href":"https:\/\/catalogolucianosilva.com.br\/index.php?rest_route=\/wp\/v2\/product\/3247","targetHints":{"allow":["GET"]}}],"collection":[{"href":"https:\/\/catalogolucianosilva.com.br\/index.php?rest_route=\/wp\/v2\/product"}],"about":[{"href":"https:\/\/catalogolucianosilva.com.br\/index.php?rest_route=\/wp\/v2\/types\/product"}],"replies":[{"embeddable":true,"href":"https:\/\/catalogolucianosilva.com.br\/index.php?rest_route=%2Fwp%2Fv2%2Fcomments&post=3247"}],"version-history":[{"count":1,"href":"https:\/\/catalogolucianosilva.com.br\/index.php?rest_route=\/wp\/v2\/product\/3247\/revisions"}],"predecessor-version":[{"id":3257,"href":"https:\/\/catalogolucianosilva.com.br\/index.php?rest_route=\/wp\/v2\/product\/3247\/revisions\/3257"}],"wp:featuredmedia":[{"embeddable":true,"href":"https:\/\/catalogolucianosilva.com.br\/index.php?rest_route=\/wp\/v2\/media\/3948"}],"wp:attachment":[{"href":"https:\/\/catalogolucianosilva.com.br\/index.php?rest_route=%2Fwp%2Fv2%2Fmedia&parent=3247"}],"wp:term":[{"taxonomy":"product_brand","embeddable":true,"href":"https:\/\/catalogolucianosilva.com.br\/index.php?rest_route=%2Fwp%2Fv2%2Fproduct_brand&post=3247"},{"taxonomy":"product_cat","embeddable":true,"href":"https:\/\/catalogolucianosilva.com.br\/index.php?rest_route=%2Fwp%2Fv2%2Fproduct_cat&post=3247"},{"taxonomy":"product_tag","embeddable":true,"href":"https:\/\/catalogolucianosilva.com.br\/index.php?rest_route=%2Fwp%2Fv2%2Fproduct_tag&post=3247"}],"curies":[{"name":"wp","href":"https:\/\/api.w.org\/{rel}","templated":true}]}}