{"id":3279,"date":"2024-09-24T23:16:53","date_gmt":"2024-09-25T02:16:53","guid":{"rendered":"https:\/\/catalogolucianosilva.com.br\/?post_type=product&#038;p=3279"},"modified":"2025-06-29T19:58:06","modified_gmt":"2025-06-29T22:58:06","slug":"nxr150-bros-esd-2013-2014","status":"publish","type":"product","link":"https:\/\/catalogolucianosilva.com.br\/?product=nxr150-bros-esd-2013-2014","title":{"rendered":"NXR150 BROS ESD 2013\/2014"},"content":{"rendered":"<ul>\n<li>\n<h5><strong>Cilindrada: 149,2 cm\u00b3<\/strong><\/h5>\n<\/li>\n<li>\n<h5><strong>Tipo: Monocil\u00edndrico, 4 tempos, OHC, arrefecido a ar<\/strong><\/h5>\n<\/li>\n<li>\n<h5><strong>Pot\u00eancia m\u00e1xima: 14 cv a 8.000 rpm<\/strong><\/h5>\n<\/li>\n<li>\n<h5><strong>Torque m\u00e1ximo: 1,53 kgf.m a 6.000 rpm<\/strong><\/h5>\n<\/li>\n<li>\n<h5><strong>Combust\u00edvel: Flex (Gasolina\/\u00c1lcool)<\/strong><\/h5>\n<\/li>\n<li>\n<h5><strong>Sistema de alimenta\u00e7\u00e3o: Inje\u00e7\u00e3o eletr\u00f4nica PGM-FI<\/strong><\/h5>\n<\/li>\n<\/ul>\n<h5><strong>(RECUPERADO FINANCIAMENTO)<\/strong><\/h5>\n<h5><strong>CONDI\u00c7\u00d5ES: FIQUE ATENTO AS INFORMA\u00c7\u00d5ES DOS LOTES. N\u00c3O ACEITAMOS AP\u00d3S A ARREMATA\u00c7\u00c3O, O CANCELAMENTO DA COMPRA.<\/strong><\/h5>\n<h5><strong>OBS: O CANCELAMENTO DA ARREMATA\u00c7\u00c3O GERA MUITA MAIS BLOQUEIO DO CADASTRO DO CLIENTE.<\/strong><\/h5>\n","protected":false},"excerpt":{"rendered":"<p>Cilindrada: 149,2 cm\u00b3 Tipo: Monocil\u00edndrico, 4 tempos, OHC, arrefecido a ar Pot\u00eancia m\u00e1xima: 14 cv a 8.000 rpm Torque m\u00e1ximo: 1,53 kgf.m a 6.000 rpm Combust\u00edvel: Flex (Gasolina\/\u00c1lcool) Sistema de alimenta\u00e7\u00e3o: Inje\u00e7\u00e3o eletr\u00f4nica PGM-FI (RECUPERADO FINANCIAMENTO) CONDI\u00c7\u00d5ES: FIQUE ATENTO AS INFORMA\u00c7\u00d5ES DOS LOTES. N\u00c3O ACEITAMOS AP\u00d3S A ARREMATA\u00c7\u00c3O, O CANCELAMENTO DA COMPRA. OBS: O CANCELAMENTO [&hellip;]<\/p>\n","protected":false},"featured_media":3919,"comment_status":"open","ping_status":"closed","template":"","meta":[],"product_brand":[],"product_cat":[32,31,16],"product_tag":[],"class_list":{"0":"post-3279","1":"product","2":"type-product","3":"status-publish","4":"has-post-thumbnail","6":"product_cat-honda","7":"product_cat-motos","8":"product_cat-todos-os-veiculos","10":"first","11":"onbackorder","12":"shipping-taxable","13":"purchasable","14":"product-type-simple"},"_links":{"self":[{"href":"https:\/\/catalogolucianosilva.com.br\/index.php?rest_route=\/wp\/v2\/product\/3279","targetHints":{"allow":["GET"]}}],"collection":[{"href":"https:\/\/catalogolucianosilva.com.br\/index.php?rest_route=\/wp\/v2\/product"}],"about":[{"href":"https:\/\/catalogolucianosilva.com.br\/index.php?rest_route=\/wp\/v2\/types\/product"}],"replies":[{"embeddable":true,"href":"https:\/\/catalogolucianosilva.com.br\/index.php?rest_route=%2Fwp%2Fv2%2Fcomments&post=3279"}],"version-history":[{"count":1,"href":"https:\/\/catalogolucianosilva.com.br\/index.php?rest_route=\/wp\/v2\/product\/3279\/revisions"}],"predecessor-version":[{"id":3289,"href":"https:\/\/catalogolucianosilva.com.br\/index.php?rest_route=\/wp\/v2\/product\/3279\/revisions\/3289"}],"wp:featuredmedia":[{"embeddable":true,"href":"https:\/\/catalogolucianosilva.com.br\/index.php?rest_route=\/wp\/v2\/media\/3919"}],"wp:attachment":[{"href":"https:\/\/catalogolucianosilva.com.br\/index.php?rest_route=%2Fwp%2Fv2%2Fmedia&parent=3279"}],"wp:term":[{"taxonomy":"product_brand","embeddable":true,"href":"https:\/\/catalogolucianosilva.com.br\/index.php?rest_route=%2Fwp%2Fv2%2Fproduct_brand&post=3279"},{"taxonomy":"product_cat","embeddable":true,"href":"https:\/\/catalogolucianosilva.com.br\/index.php?rest_route=%2Fwp%2Fv2%2Fproduct_cat&post=3279"},{"taxonomy":"product_tag","embeddable":true,"href":"https:\/\/catalogolucianosilva.com.br\/index.php?rest_route=%2Fwp%2Fv2%2Fproduct_tag&post=3279"}],"curies":[{"name":"wp","href":"https:\/\/api.w.org\/{rel}","templated":true}]}}