{"id":329,"date":"2024-06-21T23:52:10","date_gmt":"2024-06-22T02:52:10","guid":{"rendered":"https:\/\/catalogolucianosilva.com.br\/?post_type=product&#038;p=329"},"modified":"2025-07-02T22:48:26","modified_gmt":"2025-07-03T01:48:26","slug":"chevrolet-s10-ls-dd4","status":"publish","type":"product","link":"https:\/\/catalogolucianosilva.com.br\/?product=chevrolet-s10-ls-dd4","title":{"rendered":"CHEVROLET S10 LS DD4 2021\/2022"},"content":{"rendered":"<p><strong>Cor: BRANCA<\/strong><\/p>\n<p><strong>Valor Fipe: N\u00e3o Informado<\/strong><\/p>\n<p><strong>Ano: 2021 \/ 2022<\/strong><\/p>\n<p><strong>Combust\u00edvel: Diesel<\/strong><\/p>\n<p><strong>KM: 34.040 km<\/strong><\/p>\n<p><strong>Situa\u00e7\u00e3o de Entrada: Funcionando<\/strong><\/p>\n<p><strong>PATRIM\u00d4NIO RECUPERADO DE FINANCIAMENTO<\/strong><\/p>\n<p><strong>Final Placa: 8 \/ PA<\/strong><\/p>\n<p><strong>Condi\u00e7\u00f5es: Fique atento as informa\u00e7\u00f5es dos lotes. N\u00e3o aceitamos ap\u00f3s a arremata\u00e7\u00e3o o CANCELAMENTO da compra. Obs.: O CANCELAMENTO DA ARREMATA\u00c7\u00c3O gera multa mais bloqueio do cadastro do cliente.<\/strong><\/p>\n","protected":false},"excerpt":{"rendered":"<p>Cor: BRANCA Valor Fipe: N\u00e3o Informado Ano: 2021 \/ 2022 Combust\u00edvel: Diesel KM: 34.040 km Situa\u00e7\u00e3o de Entrada: Funcionando PATRIM\u00d4NIO RECUPERADO DE FINANCIAMENTO Final Placa: 8 \/ PA Condi\u00e7\u00f5es: Fique atento as informa\u00e7\u00f5es dos lotes. N\u00e3o aceitamos ap\u00f3s a arremata\u00e7\u00e3o o CANCELAMENTO da compra. Obs.: O CANCELAMENTO DA ARREMATA\u00c7\u00c3O gera multa mais bloqueio do cadastro [&hellip;]<\/p>\n","protected":false},"featured_media":6071,"comment_status":"open","ping_status":"closed","template":"","meta":[],"product_brand":[],"product_cat":[19,21,16],"product_tag":[],"class_list":{"0":"post-329","1":"product","2":"type-product","3":"status-publish","4":"has-post-thumbnail","6":"product_cat-carros","7":"product_cat-chevrolet","8":"product_cat-todos-os-veiculos","10":"first","11":"onbackorder","12":"shipping-taxable","13":"purchasable","14":"product-type-simple"},"_links":{"self":[{"href":"https:\/\/catalogolucianosilva.com.br\/index.php?rest_route=\/wp\/v2\/product\/329","targetHints":{"allow":["GET"]}}],"collection":[{"href":"https:\/\/catalogolucianosilva.com.br\/index.php?rest_route=\/wp\/v2\/product"}],"about":[{"href":"https:\/\/catalogolucianosilva.com.br\/index.php?rest_route=\/wp\/v2\/types\/product"}],"replies":[{"embeddable":true,"href":"https:\/\/catalogolucianosilva.com.br\/index.php?rest_route=%2Fwp%2Fv2%2Fcomments&post=329"}],"version-history":[{"count":1,"href":"https:\/\/catalogolucianosilva.com.br\/index.php?rest_route=\/wp\/v2\/product\/329\/revisions"}],"predecessor-version":[{"id":6082,"href":"https:\/\/catalogolucianosilva.com.br\/index.php?rest_route=\/wp\/v2\/product\/329\/revisions\/6082"}],"wp:featuredmedia":[{"embeddable":true,"href":"https:\/\/catalogolucianosilva.com.br\/index.php?rest_route=\/wp\/v2\/media\/6071"}],"wp:attachment":[{"href":"https:\/\/catalogolucianosilva.com.br\/index.php?rest_route=%2Fwp%2Fv2%2Fmedia&parent=329"}],"wp:term":[{"taxonomy":"product_brand","embeddable":true,"href":"https:\/\/catalogolucianosilva.com.br\/index.php?rest_route=%2Fwp%2Fv2%2Fproduct_brand&post=329"},{"taxonomy":"product_cat","embeddable":true,"href":"https:\/\/catalogolucianosilva.com.br\/index.php?rest_route=%2Fwp%2Fv2%2Fproduct_cat&post=329"},{"taxonomy":"product_tag","embeddable":true,"href":"https:\/\/catalogolucianosilva.com.br\/index.php?rest_route=%2Fwp%2Fv2%2Fproduct_tag&post=329"}],"curies":[{"name":"wp","href":"https:\/\/api.w.org\/{rel}","templated":true}]}}