{"id":3290,"date":"2024-09-24T23:20:05","date_gmt":"2024-09-25T02:20:05","guid":{"rendered":"https:\/\/catalogolucianosilva.com.br\/?post_type=product&#038;p=3290"},"modified":"2025-06-29T19:55:03","modified_gmt":"2025-06-29T22:55:03","slug":"pop-110i-2022-2022","status":"publish","type":"product","link":"https:\/\/catalogolucianosilva.com.br\/?product=pop-110i-2022-2022","title":{"rendered":"POP 110I 2022\/2022"},"content":{"rendered":"<ul>\n<li>Cilindrada: 109,1 cm\u00b3<\/li>\n<li>Tipo: Monocil\u00edndrico, 4 tempos, arrefecido a ar<\/li>\n<li>Pot\u00eancia m\u00e1xima: 7,9 cv a 7.250 rpm<\/li>\n<li>Torque m\u00e1ximo: 0,90 kgf.m a 5.000 rpm<\/li>\n<li>Combust\u00edvel: Gasolina<\/li>\n<li>Sistema de alimenta\u00e7\u00e3o: Inje\u00e7\u00e3o eletr\u00f4nica PGM-FI<\/li>\n<\/ul>\n<p>(RECUPERADO FINANCIAMENTO)<\/p>\n<p>CONDI\u00c7\u00d5ES: FIQUE ATENTO AS INFORMA\u00c7\u00d5ES DOS LOTES. N\u00c3O ACEITAMOS AP\u00d3S A ARREMATA\u00c7\u00c3O, O CANCELAMENTO DA COMPRA.<\/p>\n<p>OBS: O CANCELAMENTO DA ARREMATA\u00c7\u00c3O GERA MUITA MAIS BLOQUEIO DO CADASTRO DO CLIENTE.<\/p>\n","protected":false},"excerpt":{"rendered":"<p>Cilindrada: 109,1 cm\u00b3 Tipo: Monocil\u00edndrico, 4 tempos, arrefecido a ar Pot\u00eancia m\u00e1xima: 7,9 cv a 7.250 rpm Torque m\u00e1ximo: 0,90 kgf.m a 5.000 rpm Combust\u00edvel: Gasolina Sistema de alimenta\u00e7\u00e3o: Inje\u00e7\u00e3o eletr\u00f4nica PGM-FI (RECUPERADO FINANCIAMENTO) CONDI\u00c7\u00d5ES: FIQUE ATENTO AS INFORMA\u00c7\u00d5ES DOS LOTES. N\u00c3O ACEITAMOS AP\u00d3S A ARREMATA\u00c7\u00c3O, O CANCELAMENTO DA COMPRA. OBS: O CANCELAMENTO DA ARREMATA\u00c7\u00c3O [&hellip;]<\/p>\n","protected":false},"featured_media":3912,"comment_status":"open","ping_status":"closed","template":"","meta":[],"product_brand":[],"product_cat":[32,31,16],"product_tag":[],"class_list":{"0":"post-3290","1":"product","2":"type-product","3":"status-publish","4":"has-post-thumbnail","6":"product_cat-honda","7":"product_cat-motos","8":"product_cat-todos-os-veiculos","10":"first","11":"onbackorder","12":"shipping-taxable","13":"purchasable","14":"product-type-simple"},"_links":{"self":[{"href":"https:\/\/catalogolucianosilva.com.br\/index.php?rest_route=\/wp\/v2\/product\/3290","targetHints":{"allow":["GET"]}}],"collection":[{"href":"https:\/\/catalogolucianosilva.com.br\/index.php?rest_route=\/wp\/v2\/product"}],"about":[{"href":"https:\/\/catalogolucianosilva.com.br\/index.php?rest_route=\/wp\/v2\/types\/product"}],"replies":[{"embeddable":true,"href":"https:\/\/catalogolucianosilva.com.br\/index.php?rest_route=%2Fwp%2Fv2%2Fcomments&post=3290"}],"version-history":[{"count":2,"href":"https:\/\/catalogolucianosilva.com.br\/index.php?rest_route=\/wp\/v2\/product\/3290\/revisions"}],"predecessor-version":[{"id":3910,"href":"https:\/\/catalogolucianosilva.com.br\/index.php?rest_route=\/wp\/v2\/product\/3290\/revisions\/3910"}],"wp:featuredmedia":[{"embeddable":true,"href":"https:\/\/catalogolucianosilva.com.br\/index.php?rest_route=\/wp\/v2\/media\/3912"}],"wp:attachment":[{"href":"https:\/\/catalogolucianosilva.com.br\/index.php?rest_route=%2Fwp%2Fv2%2Fmedia&parent=3290"}],"wp:term":[{"taxonomy":"product_brand","embeddable":true,"href":"https:\/\/catalogolucianosilva.com.br\/index.php?rest_route=%2Fwp%2Fv2%2Fproduct_brand&post=3290"},{"taxonomy":"product_cat","embeddable":true,"href":"https:\/\/catalogolucianosilva.com.br\/index.php?rest_route=%2Fwp%2Fv2%2Fproduct_cat&post=3290"},{"taxonomy":"product_tag","embeddable":true,"href":"https:\/\/catalogolucianosilva.com.br\/index.php?rest_route=%2Fwp%2Fv2%2Fproduct_tag&post=3290"}],"curies":[{"name":"wp","href":"https:\/\/api.w.org\/{rel}","templated":true}]}}