{"id":3300,"date":"2024-09-24T23:26:31","date_gmt":"2024-09-25T02:26:31","guid":{"rendered":"https:\/\/catalogolucianosilva.com.br\/?post_type=product&#038;p=3300"},"modified":"2025-06-29T19:55:40","modified_gmt":"2025-06-29T22:55:40","slug":"pop100-2014-2014","status":"publish","type":"product","link":"https:\/\/catalogolucianosilva.com.br\/?product=pop100-2014-2014","title":{"rendered":"POP 100 2014\/2014"},"content":{"rendered":"<ul>\n<li>\n<h5><strong>Motor: Monocil\u00edndrico, 4 tempos, OHC, arrefecido a ar<\/strong><\/h5>\n<\/li>\n<li>\n<h5><strong>Cilindrada: 97 cc<\/strong><\/h5>\n<\/li>\n<li>\n<h5><strong>Pot\u00eancia m\u00e1xima: Aproximadamente 6,17 cv a 7.500 rpm<\/strong><\/h5>\n<\/li>\n<li>\n<h5><strong>Torque m\u00e1ximo: 0,71 kgf.m a 4.000 rpm<\/strong><\/h5>\n<\/li>\n<li>\n<h5><strong>Alimenta\u00e7\u00e3o: Carburador<\/strong><\/h5>\n<\/li>\n<li>\n<h5><strong>C\u00e2mbio: 4 marchas<\/strong><\/h5>\n<\/li>\n<li>\n<h5><strong>Peso: Aproximadamente 85 kg<\/strong><\/h5>\n<\/li>\n<\/ul>\n<h5><strong>(RECUPERADO FINANCIAMENTO)<\/strong><\/h5>\n<h5><strong>CONDI\u00c7\u00d5ES: FIQUE ATENTO AS INFORMA\u00c7\u00d5ES DOS LOTES. N\u00c3O ACEITAMOS AP\u00d3S A ARREMATA\u00c7\u00c3O, O CANCELAMENTO DA COMPRA.<\/strong><\/h5>\n<h5><strong>OBS: O CANCELAMENTO DA ARREMATA\u00c7\u00c3O GERA MUITA MAIS BLOQUEIO DO CADASTRO DO CLIENTE.<\/strong><\/h5>\n<h5><\/h5>\n","protected":false},"excerpt":{"rendered":"<p>Motor: Monocil\u00edndrico, 4 tempos, OHC, arrefecido a ar Cilindrada: 97 cc Pot\u00eancia m\u00e1xima: Aproximadamente 6,17 cv a 7.500 rpm Torque m\u00e1ximo: 0,71 kgf.m a 4.000 rpm Alimenta\u00e7\u00e3o: Carburador C\u00e2mbio: 4 marchas Peso: Aproximadamente 85 kg (RECUPERADO FINANCIAMENTO) CONDI\u00c7\u00d5ES: FIQUE ATENTO AS INFORMA\u00c7\u00d5ES DOS LOTES. N\u00c3O ACEITAMOS AP\u00d3S A ARREMATA\u00c7\u00c3O, O CANCELAMENTO DA COMPRA. OBS: O [&hellip;]<\/p>\n","protected":false},"featured_media":3907,"comment_status":"open","ping_status":"closed","template":"","meta":[],"product_brand":[],"product_cat":[32,31,16],"product_tag":[],"class_list":{"0":"post-3300","1":"product","2":"type-product","3":"status-publish","4":"has-post-thumbnail","6":"product_cat-honda","7":"product_cat-motos","8":"product_cat-todos-os-veiculos","10":"first","11":"onbackorder","12":"shipping-taxable","13":"purchasable","14":"product-type-simple"},"_links":{"self":[{"href":"https:\/\/catalogolucianosilva.com.br\/index.php?rest_route=\/wp\/v2\/product\/3300","targetHints":{"allow":["GET"]}}],"collection":[{"href":"https:\/\/catalogolucianosilva.com.br\/index.php?rest_route=\/wp\/v2\/product"}],"about":[{"href":"https:\/\/catalogolucianosilva.com.br\/index.php?rest_route=\/wp\/v2\/types\/product"}],"replies":[{"embeddable":true,"href":"https:\/\/catalogolucianosilva.com.br\/index.php?rest_route=%2Fwp%2Fv2%2Fcomments&post=3300"}],"version-history":[{"count":3,"href":"https:\/\/catalogolucianosilva.com.br\/index.php?rest_route=\/wp\/v2\/product\/3300\/revisions"}],"predecessor-version":[{"id":3909,"href":"https:\/\/catalogolucianosilva.com.br\/index.php?rest_route=\/wp\/v2\/product\/3300\/revisions\/3909"}],"wp:featuredmedia":[{"embeddable":true,"href":"https:\/\/catalogolucianosilva.com.br\/index.php?rest_route=\/wp\/v2\/media\/3907"}],"wp:attachment":[{"href":"https:\/\/catalogolucianosilva.com.br\/index.php?rest_route=%2Fwp%2Fv2%2Fmedia&parent=3300"}],"wp:term":[{"taxonomy":"product_brand","embeddable":true,"href":"https:\/\/catalogolucianosilva.com.br\/index.php?rest_route=%2Fwp%2Fv2%2Fproduct_brand&post=3300"},{"taxonomy":"product_cat","embeddable":true,"href":"https:\/\/catalogolucianosilva.com.br\/index.php?rest_route=%2Fwp%2Fv2%2Fproduct_cat&post=3300"},{"taxonomy":"product_tag","embeddable":true,"href":"https:\/\/catalogolucianosilva.com.br\/index.php?rest_route=%2Fwp%2Fv2%2Fproduct_tag&post=3300"}],"curies":[{"name":"wp","href":"https:\/\/api.w.org\/{rel}","templated":true}]}}