{"id":3312,"date":"2024-09-24T23:29:56","date_gmt":"2024-09-25T02:29:56","guid":{"rendered":"https:\/\/catalogolucianosilva.com.br\/?post_type=product&#038;p=3312"},"modified":"2025-06-29T19:49:55","modified_gmt":"2025-06-29T22:49:55","slug":"xre-300-abs-2021-2021","status":"publish","type":"product","link":"https:\/\/catalogolucianosilva.com.br\/?product=xre-300-abs-2021-2021","title":{"rendered":"XRE 300 ABS 2021\/2021"},"content":{"rendered":"<ul>\n<li>\n<h5><strong>Tipo<\/strong>: Monocil\u00edndrico, 4 tempos, arrefecido a ar<\/h5>\n<\/li>\n<li>\n<h5><strong>Cilindrada<\/strong>: 291,6 cc<\/h5>\n<\/li>\n<li>\n<h5><strong>Pot\u00eancia m\u00e1xima<\/strong>: 25,4 cv a 7.500 rpm (gasolina) \/ 25,6 cv a 7.500 rpm (etanol)<\/h5>\n<\/li>\n<li>\n<h5><strong>Torque m\u00e1ximo<\/strong>: 2,76 kgf.m a 6.000 rpm (gasolina) \/ 2,80 kgf.m a 6.000 rpm (etanol)<\/h5>\n<\/li>\n<li>\n<h5><strong>Sistema de alimenta\u00e7\u00e3o<\/strong>: Inje\u00e7\u00e3o eletr\u00f4nica PGM-FI<\/h5>\n<\/li>\n<li>\n<h5><strong>Combust\u00edvel<\/strong>: Flex (gasolina\/etanol)<\/h5>\n<\/li>\n<\/ul>\n<h5>(RECUPERADO FINANCIAMENTO)<\/h5>\n<h5>CONDI\u00c7\u00d5ES: FIQUE ATENTO AS INFORMA\u00c7\u00d5ES DOS LOTES. N\u00c3O ACEITAMOS AP\u00d3S A ARREMATA\u00c7\u00c3O, O CANCELAMENTO DA COMPRA.<\/h5>\n<h5>OBS: O CANCELAMENTO DA ARREMATA\u00c7\u00c3O GERA MUITA MAIS BLOQUEIO DO CADASTRO DO CLIENTE.<\/h5>\n","protected":false},"excerpt":{"rendered":"<p>Tipo: Monocil\u00edndrico, 4 tempos, arrefecido a ar Cilindrada: 291,6 cc Pot\u00eancia m\u00e1xima: 25,4 cv a 7.500 rpm (gasolina) \/ 25,6 cv a 7.500 rpm (etanol) Torque m\u00e1ximo: 2,76 kgf.m a 6.000 rpm (gasolina) \/ 2,80 kgf.m a 6.000 rpm (etanol) Sistema de alimenta\u00e7\u00e3o: Inje\u00e7\u00e3o eletr\u00f4nica PGM-FI Combust\u00edvel: Flex (gasolina\/etanol) (RECUPERADO FINANCIAMENTO) CONDI\u00c7\u00d5ES: FIQUE ATENTO AS [&hellip;]<\/p>\n","protected":false},"featured_media":3897,"comment_status":"open","ping_status":"closed","template":"","meta":[],"product_brand":[],"product_cat":[32,31,16],"product_tag":[],"class_list":{"0":"post-3312","1":"product","2":"type-product","3":"status-publish","4":"has-post-thumbnail","6":"product_cat-honda","7":"product_cat-motos","8":"product_cat-todos-os-veiculos","10":"first","11":"onbackorder","12":"shipping-taxable","13":"purchasable","14":"product-type-simple"},"_links":{"self":[{"href":"https:\/\/catalogolucianosilva.com.br\/index.php?rest_route=\/wp\/v2\/product\/3312","targetHints":{"allow":["GET"]}}],"collection":[{"href":"https:\/\/catalogolucianosilva.com.br\/index.php?rest_route=\/wp\/v2\/product"}],"about":[{"href":"https:\/\/catalogolucianosilva.com.br\/index.php?rest_route=\/wp\/v2\/types\/product"}],"replies":[{"embeddable":true,"href":"https:\/\/catalogolucianosilva.com.br\/index.php?rest_route=%2Fwp%2Fv2%2Fcomments&post=3312"}],"version-history":[{"count":3,"href":"https:\/\/catalogolucianosilva.com.br\/index.php?rest_route=\/wp\/v2\/product\/3312\/revisions"}],"predecessor-version":[{"id":3334,"href":"https:\/\/catalogolucianosilva.com.br\/index.php?rest_route=\/wp\/v2\/product\/3312\/revisions\/3334"}],"wp:featuredmedia":[{"embeddable":true,"href":"https:\/\/catalogolucianosilva.com.br\/index.php?rest_route=\/wp\/v2\/media\/3897"}],"wp:attachment":[{"href":"https:\/\/catalogolucianosilva.com.br\/index.php?rest_route=%2Fwp%2Fv2%2Fmedia&parent=3312"}],"wp:term":[{"taxonomy":"product_brand","embeddable":true,"href":"https:\/\/catalogolucianosilva.com.br\/index.php?rest_route=%2Fwp%2Fv2%2Fproduct_brand&post=3312"},{"taxonomy":"product_cat","embeddable":true,"href":"https:\/\/catalogolucianosilva.com.br\/index.php?rest_route=%2Fwp%2Fv2%2Fproduct_cat&post=3312"},{"taxonomy":"product_tag","embeddable":true,"href":"https:\/\/catalogolucianosilva.com.br\/index.php?rest_route=%2Fwp%2Fv2%2Fproduct_tag&post=3312"}],"curies":[{"name":"wp","href":"https:\/\/api.w.org\/{rel}","templated":true}]}}