{"id":3331,"date":"2024-09-24T23:37:35","date_gmt":"2024-09-25T02:37:35","guid":{"rendered":"https:\/\/catalogolucianosilva.com.br\/?post_type=product&#038;p=3331"},"modified":"2025-07-01T23:44:19","modified_gmt":"2025-07-02T02:44:19","slug":"ybr150-factor-ed-2021-2022","status":"publish","type":"product","link":"https:\/\/catalogolucianosilva.com.br\/?product=ybr150-factor-ed-2021-2022","title":{"rendered":"YBR 150 FACTOR ED 2021\/2022"},"content":{"rendered":"<ul>\n<li>Tipo: Monocil\u00edndrico, 4 tempos, arrefecido a ar<\/li>\n<li>Cilindrada: 149,3 cm\u00b3<\/li>\n<li>Pot\u00eancia m\u00e1xima: 12,4 cv a 7.500 rpm (gasolina) \/ 12,4 cv a 7.500 rpm (etanol)<\/li>\n<li>Torque m\u00e1ximo: 1,3 kgf.m a 5.500 rpm (gasolina) \/ 1,3 kgf.m a 5.500 rpm (etanol)<\/li>\n<li>Combust\u00edvel: Flex (gasolina e etanol)<\/li>\n<li>Sistema de alimenta\u00e7\u00e3o: Inje\u00e7\u00e3o eletr\u00f4nica<\/li>\n<\/ul>\n<p>(RECUPERADO FINANCIAMENTO)<\/p>\n<p>CONDI\u00c7\u00d5ES: FIQUE ATENTO AS INFORMA\u00c7\u00d5ES DOS LOTES. N\u00c3O ACEITAMOS AP\u00d3S A ARREMATA\u00c7\u00c3O, O CANCELAMENTO DA COMPRA.<\/p>\n<p>OBS: O CANCELAMENTO DA ARREMATA\u00c7\u00c3O GERA MUITA MAIS BLOQUEIO DO CADASTRO DO CLIENTE.<\/p>\n","protected":false},"excerpt":{"rendered":"<p>Tipo: Monocil\u00edndrico, 4 tempos, arrefecido a ar Cilindrada: 149,3 cm\u00b3 Pot\u00eancia m\u00e1xima: 12,4 cv a 7.500 rpm (gasolina) \/ 12,4 cv a 7.500 rpm (etanol) Torque m\u00e1ximo: 1,3 kgf.m a 5.500 rpm (gasolina) \/ 1,3 kgf.m a 5.500 rpm (etanol) Combust\u00edvel: Flex (gasolina e etanol) Sistema de alimenta\u00e7\u00e3o: Inje\u00e7\u00e3o eletr\u00f4nica (RECUPERADO FINANCIAMENTO) CONDI\u00c7\u00d5ES: FIQUE ATENTO [&hellip;]<\/p>\n","protected":false},"featured_media":4582,"comment_status":"open","ping_status":"closed","template":"","meta":[],"product_brand":[],"product_cat":[16,33],"product_tag":[],"class_list":{"0":"post-3331","1":"product","2":"type-product","3":"status-publish","4":"has-post-thumbnail","6":"product_cat-todos-os-veiculos","7":"product_cat-yamaha","9":"first","10":"onbackorder","11":"shipping-taxable","12":"purchasable","13":"product-type-simple"},"_links":{"self":[{"href":"https:\/\/catalogolucianosilva.com.br\/index.php?rest_route=\/wp\/v2\/product\/3331","targetHints":{"allow":["GET"]}}],"collection":[{"href":"https:\/\/catalogolucianosilva.com.br\/index.php?rest_route=\/wp\/v2\/product"}],"about":[{"href":"https:\/\/catalogolucianosilva.com.br\/index.php?rest_route=\/wp\/v2\/types\/product"}],"replies":[{"embeddable":true,"href":"https:\/\/catalogolucianosilva.com.br\/index.php?rest_route=%2Fwp%2Fv2%2Fcomments&post=3331"}],"version-history":[{"count":2,"href":"https:\/\/catalogolucianosilva.com.br\/index.php?rest_route=\/wp\/v2\/product\/3331\/revisions"}],"predecessor-version":[{"id":3770,"href":"https:\/\/catalogolucianosilva.com.br\/index.php?rest_route=\/wp\/v2\/product\/3331\/revisions\/3770"}],"wp:featuredmedia":[{"embeddable":true,"href":"https:\/\/catalogolucianosilva.com.br\/index.php?rest_route=\/wp\/v2\/media\/4582"}],"wp:attachment":[{"href":"https:\/\/catalogolucianosilva.com.br\/index.php?rest_route=%2Fwp%2Fv2%2Fmedia&parent=3331"}],"wp:term":[{"taxonomy":"product_brand","embeddable":true,"href":"https:\/\/catalogolucianosilva.com.br\/index.php?rest_route=%2Fwp%2Fv2%2Fproduct_brand&post=3331"},{"taxonomy":"product_cat","embeddable":true,"href":"https:\/\/catalogolucianosilva.com.br\/index.php?rest_route=%2Fwp%2Fv2%2Fproduct_cat&post=3331"},{"taxonomy":"product_tag","embeddable":true,"href":"https:\/\/catalogolucianosilva.com.br\/index.php?rest_route=%2Fwp%2Fv2%2Fproduct_tag&post=3331"}],"curies":[{"name":"wp","href":"https:\/\/api.w.org\/{rel}","templated":true}]}}