{"id":3366,"date":"2024-09-25T23:59:49","date_gmt":"2024-09-26T02:59:49","guid":{"rendered":"https:\/\/catalogolucianosilva.com.br\/?post_type=product&#038;p=3366"},"modified":"2025-07-02T23:16:22","modified_gmt":"2025-07-03T02:16:22","slug":"sea-doo-gtx-300-limited-2017","status":"publish","type":"product","link":"https:\/\/catalogolucianosilva.com.br\/?product=sea-doo-gtx-300-limited-2017","title":{"rendered":"Sea-Doo GTX 300 Limited 2017"},"content":{"rendered":"<h5><strong>Ficha T\u00e9cnica<\/strong><\/h5>\n<ul>\n<li>\n<h5><strong>Motor: Rotax 1630 ACE\u2122 superalimentado com intercooler externo<\/strong><\/h5>\n<\/li>\n<li>\n<h5><strong>Pot\u00eancia: 300 HP<\/strong><\/h5>\n<\/li>\n<li>\n<h5><strong>Cilindrada: 1.630 cm\u00b3<\/strong><\/h5>\n<\/li>\n<li>\n<h5><strong>Capacidade de Combust\u00edvel: 70 litros<\/strong><\/h5>\n<\/li>\n<li>\n<h5><strong>Comprimento: 3.450 mm<\/strong><\/h5>\n<\/li>\n<li>\n<h5><strong>Largura: 1.250 mm<\/strong><\/h5>\n<\/li>\n<li>\n<h5><strong>Peso Seco: 371 kg<\/strong><\/h5>\n<\/li>\n<li>\n<h5><strong>Capacidade de Passageiros: 3 pessoas<\/strong><\/h5>\n<\/li>\n<li>\n<h5><strong>Casco: ST3 \u2013 Fibra de Vidro<\/strong><\/h5>\n<\/li>\n<\/ul>\n<h5><strong>Recursos Destacados<\/strong><\/h5>\n<ul>\n<li>\n<h5><strong>Sistema Inteligente de Freio e Reverso (iBR): Proporciona maior controle e seguran\u00e7a durante a navega\u00e7\u00e3o.<\/strong><\/h5>\n<\/li>\n<li>\n<h5><strong>Assento Ergolock: Design ergon\u00f4mico que oferece conforto e suporte durante a condu\u00e7\u00e3o.<\/strong><\/h5>\n<\/li>\n<li>\n<h5><strong>Sistema de Trim Vari\u00e1vel (VTS): Permite ajustes no \u00e2ngulo de ataque, melhorando a estabilidade e o desempenho.<\/strong><\/h5>\n<\/li>\n<li>\n<h5><strong>Sistema de \u00c1udio Premium BRP: Equipado com alto-falantes Bluetooth para uma experi\u00eancia musical a bordo.<\/strong><\/h5>\n<\/li>\n<li>\n<h5><strong>Compartimento Frontal de Acesso Direto: Facilita o armazenamento e acesso a itens pessoais.<\/strong><\/h5>\n<\/li>\n<\/ul>\n<h5><strong>(RECUPERADO FINANCIAMENTO)<\/strong><\/h5>\n<h5><strong>CONDI\u00c7\u00d5ES: FIQUE ATENTO AS INFORMA\u00c7\u00d5ES DOS LOTES. N\u00c3O ACEITAMOS AP\u00d3S A ARREMATA\u00c7\u00c3O, O CANCELAMENTO DA COMPRA.<\/strong><\/h5>\n<h5><strong>OBS: O CANCELAMENTO DA ARREMATA\u00c7\u00c3O GERA MUITA MAIS BLOQUEIO DO CADASTRO DO CLIENTE.<\/strong><\/h5>\n<h5><\/h5>\n","protected":false},"excerpt":{"rendered":"<p>Ficha T\u00e9cnica Motor: Rotax 1630 ACE\u2122 superalimentado com intercooler externo Pot\u00eancia: 300 HP Cilindrada: 1.630 cm\u00b3 Capacidade de Combust\u00edvel: 70 litros Comprimento: 3.450 mm Largura: 1.250 mm Peso Seco: 371 kg Capacidade de Passageiros: 3 pessoas Casco: ST3 \u2013 Fibra de Vidro Recursos Destacados Sistema Inteligente de Freio e Reverso (iBR): Proporciona maior controle e [&hellip;]<\/p>\n","protected":false},"featured_media":6282,"comment_status":"open","ping_status":"closed","template":"","meta":[],"product_brand":[],"product_cat":[16,49,56],"product_tag":[],"class_list":{"0":"post-3366","1":"product","2":"type-product","3":"status-publish","4":"has-post-thumbnail","6":"product_cat-todos-os-veiculos","7":"product_cat-jetski","8":"product_cat-sea-doo","10":"first","11":"onbackorder","12":"shipping-taxable","13":"purchasable","14":"product-type-simple"},"_links":{"self":[{"href":"https:\/\/catalogolucianosilva.com.br\/index.php?rest_route=\/wp\/v2\/product\/3366","targetHints":{"allow":["GET"]}}],"collection":[{"href":"https:\/\/catalogolucianosilva.com.br\/index.php?rest_route=\/wp\/v2\/product"}],"about":[{"href":"https:\/\/catalogolucianosilva.com.br\/index.php?rest_route=\/wp\/v2\/types\/product"}],"replies":[{"embeddable":true,"href":"https:\/\/catalogolucianosilva.com.br\/index.php?rest_route=%2Fwp%2Fv2%2Fcomments&post=3366"}],"version-history":[{"count":1,"href":"https:\/\/catalogolucianosilva.com.br\/index.php?rest_route=\/wp\/v2\/product\/3366\/revisions"}],"predecessor-version":[{"id":3370,"href":"https:\/\/catalogolucianosilva.com.br\/index.php?rest_route=\/wp\/v2\/product\/3366\/revisions\/3370"}],"wp:featuredmedia":[{"embeddable":true,"href":"https:\/\/catalogolucianosilva.com.br\/index.php?rest_route=\/wp\/v2\/media\/6282"}],"wp:attachment":[{"href":"https:\/\/catalogolucianosilva.com.br\/index.php?rest_route=%2Fwp%2Fv2%2Fmedia&parent=3366"}],"wp:term":[{"taxonomy":"product_brand","embeddable":true,"href":"https:\/\/catalogolucianosilva.com.br\/index.php?rest_route=%2Fwp%2Fv2%2Fproduct_brand&post=3366"},{"taxonomy":"product_cat","embeddable":true,"href":"https:\/\/catalogolucianosilva.com.br\/index.php?rest_route=%2Fwp%2Fv2%2Fproduct_cat&post=3366"},{"taxonomy":"product_tag","embeddable":true,"href":"https:\/\/catalogolucianosilva.com.br\/index.php?rest_route=%2Fwp%2Fv2%2Fproduct_tag&post=3366"}],"curies":[{"name":"wp","href":"https:\/\/api.w.org\/{rel}","templated":true}]}}