{"id":3371,"date":"2024-09-26T00:24:13","date_gmt":"2024-09-26T03:24:13","guid":{"rendered":"https:\/\/catalogolucianosilva.com.br\/?post_type=product&#038;p=3371"},"modified":"2025-07-02T23:14:18","modified_gmt":"2025-07-03T02:14:18","slug":"sea-doo-gti-130-2007","status":"publish","type":"product","link":"https:\/\/catalogolucianosilva.com.br\/?product=sea-doo-gti-130-2007","title":{"rendered":"Sea-Doo GTI 130 2007"},"content":{"rendered":"<ul>\n<li>\n<h5><strong>Modelo:<\/strong> GTI 130<\/h5>\n<\/li>\n<li>\n<h5><strong>Ano:<\/strong> 2007<\/h5>\n<\/li>\n<li>\n<h5><strong>Tipo de motor:<\/strong> Rotax 4-TEC, 4 tempos<\/h5>\n<\/li>\n<li>\n<h5><strong>Cilindrada:<\/strong> 1.494 cm\u00b3<\/h5>\n<\/li>\n<li>\n<h5><strong>Pot\u00eancia:<\/strong> 130 HP<\/h5>\n<\/li>\n<li>\n<h5><strong>Refrigera\u00e7\u00e3o:<\/strong> Atrav\u00e9s de circuito fechado<\/h5>\n<\/li>\n<li>\n<h5><strong>Sistema de combust\u00edvel:<\/strong> Inje\u00e7\u00e3o eletr\u00f4nica<\/h5>\n<\/li>\n<li>\n<h5><strong>Capacidade do tanque de combust\u00edvel:<\/strong> Aproximadamente 60 litros<\/h5>\n<\/li>\n<li>\n<h5><strong>Peso aproximado:<\/strong> 332 kg<\/h5>\n<\/li>\n<li>\n<h5><strong>Capacidade de pessoas:<\/strong> 3 ocupantes<\/h5>\n<\/li>\n<li>\n<h5><strong>Comprimento:<\/strong> Aproximadamente 3,36 metros<\/h5>\n<\/li>\n<li>\n<h5><strong>Propuls\u00e3o:<\/strong> Sistema de jato de \u00e1gua (jet propulsion)<\/h5>\n<\/li>\n<li>\n<h5><strong>Material do casco:<\/strong> Fibra de vidro<\/h5>\n<\/li>\n<li>\n<h5><strong>Sistema de freio:<\/strong> iBR (Sistema Inteligente de Freio e R\u00e9)<\/h5>\n<\/li>\n<\/ul>\n<h5>(RECUPERADO FINANCIAMENTO)<\/h5>\n<h5>CONDI\u00c7\u00d5ES: FIQUE ATENTO AS INFORMA\u00c7\u00d5ES DOS LOTES. N\u00c3O ACEITAMOS AP\u00d3S A ARREMATA\u00c7\u00c3O, O CANCELAMENTO DA COMPRA.<\/h5>\n<h5>OBS: O CANCELAMENTO DA ARREMATA\u00c7\u00c3O GERA MUITA MAIS BLOQUEIO DO CADASTRO DO CLIENTE.<\/h5>\n<h5><\/h5>\n","protected":false},"excerpt":{"rendered":"<p>Modelo: GTI 130 Ano: 2007 Tipo de motor: Rotax 4-TEC, 4 tempos Cilindrada: 1.494 cm\u00b3 Pot\u00eancia: 130 HP Refrigera\u00e7\u00e3o: Atrav\u00e9s de circuito fechado Sistema de combust\u00edvel: Inje\u00e7\u00e3o eletr\u00f4nica Capacidade do tanque de combust\u00edvel: Aproximadamente 60 litros Peso aproximado: 332 kg Capacidade de pessoas: 3 ocupantes Comprimento: Aproximadamente 3,36 metros Propuls\u00e3o: Sistema de jato de \u00e1gua [&hellip;]<\/p>\n","protected":false},"featured_media":6271,"comment_status":"open","ping_status":"closed","template":"","meta":[],"product_brand":[],"product_cat":[16,49,56],"product_tag":[],"class_list":{"0":"post-3371","1":"product","2":"type-product","3":"status-publish","4":"has-post-thumbnail","6":"product_cat-todos-os-veiculos","7":"product_cat-jetski","8":"product_cat-sea-doo","10":"first","11":"onbackorder","12":"shipping-taxable","13":"purchasable","14":"product-type-simple"},"_links":{"self":[{"href":"https:\/\/catalogolucianosilva.com.br\/index.php?rest_route=\/wp\/v2\/product\/3371","targetHints":{"allow":["GET"]}}],"collection":[{"href":"https:\/\/catalogolucianosilva.com.br\/index.php?rest_route=\/wp\/v2\/product"}],"about":[{"href":"https:\/\/catalogolucianosilva.com.br\/index.php?rest_route=\/wp\/v2\/types\/product"}],"replies":[{"embeddable":true,"href":"https:\/\/catalogolucianosilva.com.br\/index.php?rest_route=%2Fwp%2Fv2%2Fcomments&post=3371"}],"version-history":[{"count":1,"href":"https:\/\/catalogolucianosilva.com.br\/index.php?rest_route=\/wp\/v2\/product\/3371\/revisions"}],"predecessor-version":[{"id":3379,"href":"https:\/\/catalogolucianosilva.com.br\/index.php?rest_route=\/wp\/v2\/product\/3371\/revisions\/3379"}],"wp:featuredmedia":[{"embeddable":true,"href":"https:\/\/catalogolucianosilva.com.br\/index.php?rest_route=\/wp\/v2\/media\/6271"}],"wp:attachment":[{"href":"https:\/\/catalogolucianosilva.com.br\/index.php?rest_route=%2Fwp%2Fv2%2Fmedia&parent=3371"}],"wp:term":[{"taxonomy":"product_brand","embeddable":true,"href":"https:\/\/catalogolucianosilva.com.br\/index.php?rest_route=%2Fwp%2Fv2%2Fproduct_brand&post=3371"},{"taxonomy":"product_cat","embeddable":true,"href":"https:\/\/catalogolucianosilva.com.br\/index.php?rest_route=%2Fwp%2Fv2%2Fproduct_cat&post=3371"},{"taxonomy":"product_tag","embeddable":true,"href":"https:\/\/catalogolucianosilva.com.br\/index.php?rest_route=%2Fwp%2Fv2%2Fproduct_tag&post=3371"}],"curies":[{"name":"wp","href":"https:\/\/api.w.org\/{rel}","templated":true}]}}