{"id":3380,"date":"2024-09-26T00:34:31","date_gmt":"2024-09-26T03:34:31","guid":{"rendered":"https:\/\/catalogolucianosilva.com.br\/?post_type=product&#038;p=3380"},"modified":"2025-07-02T23:08:24","modified_gmt":"2025-07-03T02:08:24","slug":"atymar-30-open-zero","status":"publish","type":"product","link":"https:\/\/catalogolucianosilva.com.br\/?product=atymar-30-open-zero","title":{"rendered":"Atymar 30 Open Zero"},"content":{"rendered":"<ul>\n<li>\n<h5>Modelo: 30 Open Zero<\/h5>\n<\/li>\n<li>\n<h5>Tipo de embarca\u00e7\u00e3o: Lancha esportiva<\/h5>\n<\/li>\n<li>\n<h5>Comprimento total (LOA): 9,16 metros (30 p\u00e9s)<\/h5>\n<\/li>\n<li>\n<h5>Boca (largura m\u00e1xima): 2,80 metros<\/h5>\n<\/li>\n<li>\n<h5>Calado: 0,75 metros<\/h5>\n<\/li>\n<li>\n<h5>Peso aproximado: 3.600 kg (sem motoriza\u00e7\u00e3o)<\/h5>\n<\/li>\n<li>\n<h5>Capacidade de passageiros: 10 pessoas<\/h5>\n<\/li>\n<li>\n<h5>Motoriza\u00e7\u00e3o: Podem ser equipadas com motores de popa ou centro-rabeta, geralmente entre 220 HP e 450 HP, dependendo da escolha do propriet\u00e1rio.<\/h5>\n<\/li>\n<li>\n<h5>Tanque de combust\u00edvel: Aproximadamente 300 litros<\/h5>\n<\/li>\n<li>\n<h5>Tanque de \u00e1gua doce: Aproximadamente 80 litros<\/h5>\n<\/li>\n<li>\n<h5>Material do casco: Fibra de vidro<\/h5>\n<\/li>\n<li>\n<h5>Tipo de propuls\u00e3o: Popa (Outboard) ou Centro-rabeta (Sterndrive)<\/h5>\n<\/li>\n<li>\n<h5>N\u00famero de camarotes: N\u00e3o possui camarote, sendo uma lancha com espa\u00e7o aberto<\/h5>\n<\/li>\n<li>\n<h5>Banheiro: 1, com instala\u00e7\u00e3o sanit\u00e1ria<\/h5>\n<\/li>\n<li>\n<h5>\u00c1rea de sol\u00e1rio: Ampla \u00e1rea na proa<\/h5>\n<\/li>\n<li>\n<h5>Condu\u00e7\u00e3o: Consoles de dire\u00e7\u00e3o central<\/h5>\n<\/li>\n<\/ul>\n<h5>(RECUPERADO FINANCIAMENTO)<\/h5>\n<h5>CONDI\u00c7\u00d5ES: FIQUE ATENTO AS INFORMA\u00c7\u00d5ES DOS LOTES. N\u00c3O ACEITAMOS AP\u00d3S A ARREMATA\u00c7\u00c3O, O CANCELAMENTO DA COMPRA.<\/h5>\n<h5>OBS: O CANCELAMENTO DA ARREMATA\u00c7\u00c3O GERA MUITA MAIS BLOQUEIO DO CADASTRO DO CLIENTE.<\/h5>\n<h5><\/h5>\n","protected":false},"excerpt":{"rendered":"<p>Modelo: 30 Open Zero Tipo de embarca\u00e7\u00e3o: Lancha esportiva Comprimento total (LOA): 9,16 metros (30 p\u00e9s) Boca (largura m\u00e1xima): 2,80 metros Calado: 0,75 metros Peso aproximado: 3.600 kg (sem motoriza\u00e7\u00e3o) Capacidade de passageiros: 10 pessoas Motoriza\u00e7\u00e3o: Podem ser equipadas com motores de popa ou centro-rabeta, geralmente entre 220 HP e 450 HP, dependendo da escolha [&hellip;]<\/p>\n","protected":false},"featured_media":6262,"comment_status":"open","ping_status":"closed","template":"","meta":[],"product_brand":[],"product_cat":[57,50,16],"product_tag":[],"class_list":{"0":"post-3380","1":"product","2":"type-product","3":"status-publish","4":"has-post-thumbnail","6":"product_cat-atymar","7":"product_cat-lancha","8":"product_cat-todos-os-veiculos","10":"first","11":"onbackorder","12":"shipping-taxable","13":"purchasable","14":"product-type-simple"},"_links":{"self":[{"href":"https:\/\/catalogolucianosilva.com.br\/index.php?rest_route=\/wp\/v2\/product\/3380","targetHints":{"allow":["GET"]}}],"collection":[{"href":"https:\/\/catalogolucianosilva.com.br\/index.php?rest_route=\/wp\/v2\/product"}],"about":[{"href":"https:\/\/catalogolucianosilva.com.br\/index.php?rest_route=\/wp\/v2\/types\/product"}],"replies":[{"embeddable":true,"href":"https:\/\/catalogolucianosilva.com.br\/index.php?rest_route=%2Fwp%2Fv2%2Fcomments&post=3380"}],"version-history":[{"count":1,"href":"https:\/\/catalogolucianosilva.com.br\/index.php?rest_route=\/wp\/v2\/product\/3380\/revisions"}],"predecessor-version":[{"id":3391,"href":"https:\/\/catalogolucianosilva.com.br\/index.php?rest_route=\/wp\/v2\/product\/3380\/revisions\/3391"}],"wp:featuredmedia":[{"embeddable":true,"href":"https:\/\/catalogolucianosilva.com.br\/index.php?rest_route=\/wp\/v2\/media\/6262"}],"wp:attachment":[{"href":"https:\/\/catalogolucianosilva.com.br\/index.php?rest_route=%2Fwp%2Fv2%2Fmedia&parent=3380"}],"wp:term":[{"taxonomy":"product_brand","embeddable":true,"href":"https:\/\/catalogolucianosilva.com.br\/index.php?rest_route=%2Fwp%2Fv2%2Fproduct_brand&post=3380"},{"taxonomy":"product_cat","embeddable":true,"href":"https:\/\/catalogolucianosilva.com.br\/index.php?rest_route=%2Fwp%2Fv2%2Fproduct_cat&post=3380"},{"taxonomy":"product_tag","embeddable":true,"href":"https:\/\/catalogolucianosilva.com.br\/index.php?rest_route=%2Fwp%2Fv2%2Fproduct_tag&post=3380"}],"curies":[{"name":"wp","href":"https:\/\/api.w.org\/{rel}","templated":true}]}}