{"id":3392,"date":"2024-09-26T00:41:27","date_gmt":"2024-09-26T03:41:27","guid":{"rendered":"https:\/\/catalogolucianosilva.com.br\/?post_type=product&#038;p=3392"},"modified":"2025-07-02T23:06:14","modified_gmt":"2025-07-03T02:06:14","slug":"focker-210-2016","status":"publish","type":"product","link":"https:\/\/catalogolucianosilva.com.br\/?product=focker-210-2016","title":{"rendered":"Focker 210 2016"},"content":{"rendered":"<ul>\n<li>\n<h5><strong>Ano: 2016<\/strong><\/h5>\n<h5><strong>Motor: Mercury 4T 115hp Popa<\/strong><\/h5>\n<h5><strong>Capacidade: 8 pessoas<\/strong><\/h5>\n<h5><strong>Horas: 249h<\/strong><\/h5>\n<h5><strong>Baterias: 2<\/strong><\/h5>\n<\/li>\n<li>\n<h5><strong>Sistema completo de som Boss;<\/strong><\/h5>\n<h5><strong>GPS Garmin;<\/strong><\/h5>\n<h5><strong>Possui capa;<\/strong><\/h5>\n<h5><strong>Toldo;<\/strong><\/h5>\n<h5><strong>Tapete teca de EVA;<\/strong><\/h5>\n<h5><strong>Churrasqueira;<\/strong><\/h5>\n<\/li>\n<\/ul>\n<h5><strong>(RECUPERADO FINANCIAMENTO)<\/strong><\/h5>\n<h5><strong>CONDI\u00c7\u00d5ES: FIQUE ATENTO AS INFORMA\u00c7\u00d5ES DOS LOTES. N\u00c3O ACEITAMOS AP\u00d3S A ARREMATA\u00c7\u00c3O, O CANCELAMENTO DA COMPRA.<\/strong><\/h5>\n<h5><strong>OBS: O CANCELAMENTO DA ARREMATA\u00c7\u00c3O GERA MUITA MAIS BLOQUEIO DO CADASTRO DO CLIENTE.<\/strong><\/h5>\n<h5><\/h5>\n<h5><\/h5>\n","protected":false},"excerpt":{"rendered":"<p>Ano: 2016 Motor: Mercury 4T 115hp Popa Capacidade: 8 pessoas Horas: 249h Baterias: 2 Sistema completo de som Boss; GPS Garmin; Possui capa; Toldo; Tapete teca de EVA; Churrasqueira; (RECUPERADO FINANCIAMENTO) CONDI\u00c7\u00d5ES: FIQUE ATENTO AS INFORMA\u00c7\u00d5ES DOS LOTES. N\u00c3O ACEITAMOS AP\u00d3S A ARREMATA\u00c7\u00c3O, O CANCELAMENTO DA COMPRA. OBS: O CANCELAMENTO DA ARREMATA\u00c7\u00c3O GERA MUITA MAIS [&hellip;]<\/p>\n","protected":false},"featured_media":6252,"comment_status":"open","ping_status":"closed","template":"","meta":[],"product_brand":[],"product_cat":[58,50,16],"product_tag":[],"class_list":{"0":"post-3392","1":"product","2":"type-product","3":"status-publish","4":"has-post-thumbnail","6":"product_cat-foker","7":"product_cat-lancha","8":"product_cat-todos-os-veiculos","10":"first","11":"onbackorder","12":"shipping-taxable","13":"purchasable","14":"product-type-simple"},"_links":{"self":[{"href":"https:\/\/catalogolucianosilva.com.br\/index.php?rest_route=\/wp\/v2\/product\/3392","targetHints":{"allow":["GET"]}}],"collection":[{"href":"https:\/\/catalogolucianosilva.com.br\/index.php?rest_route=\/wp\/v2\/product"}],"about":[{"href":"https:\/\/catalogolucianosilva.com.br\/index.php?rest_route=\/wp\/v2\/types\/product"}],"replies":[{"embeddable":true,"href":"https:\/\/catalogolucianosilva.com.br\/index.php?rest_route=%2Fwp%2Fv2%2Fcomments&post=3392"}],"version-history":[{"count":1,"href":"https:\/\/catalogolucianosilva.com.br\/index.php?rest_route=\/wp\/v2\/product\/3392\/revisions"}],"predecessor-version":[{"id":3412,"href":"https:\/\/catalogolucianosilva.com.br\/index.php?rest_route=\/wp\/v2\/product\/3392\/revisions\/3412"}],"wp:featuredmedia":[{"embeddable":true,"href":"https:\/\/catalogolucianosilva.com.br\/index.php?rest_route=\/wp\/v2\/media\/6252"}],"wp:attachment":[{"href":"https:\/\/catalogolucianosilva.com.br\/index.php?rest_route=%2Fwp%2Fv2%2Fmedia&parent=3392"}],"wp:term":[{"taxonomy":"product_brand","embeddable":true,"href":"https:\/\/catalogolucianosilva.com.br\/index.php?rest_route=%2Fwp%2Fv2%2Fproduct_brand&post=3392"},{"taxonomy":"product_cat","embeddable":true,"href":"https:\/\/catalogolucianosilva.com.br\/index.php?rest_route=%2Fwp%2Fv2%2Fproduct_cat&post=3392"},{"taxonomy":"product_tag","embeddable":true,"href":"https:\/\/catalogolucianosilva.com.br\/index.php?rest_route=%2Fwp%2Fv2%2Fproduct_tag&post=3392"}],"curies":[{"name":"wp","href":"https:\/\/api.w.org\/{rel}","templated":true}]}}