{"id":3413,"date":"2024-09-26T00:47:53","date_gmt":"2024-09-26T03:47:53","guid":{"rendered":"https:\/\/catalogolucianosilva.com.br\/?post_type=product&#038;p=3413"},"modified":"2025-07-02T23:18:00","modified_gmt":"2025-07-03T02:18:00","slug":"marcopolo-mercedes-1722-2011-2011","status":"publish","type":"product","link":"https:\/\/catalogolucianosilva.com.br\/?product=marcopolo-mercedes-1722-2011-2011","title":{"rendered":"Marcopolo Mercedes 1722 2011\/2011"},"content":{"rendered":"<h3><strong>Informa\u00e7\u00f5es Gerais:<\/strong><\/h3>\n<ul>\n<li><strong>Fabricante (Chassi): Mercedes-Benz<\/strong><\/li>\n<li><strong>Fabricante (Carroceria): Marcopolo<\/strong><\/li>\n<li><strong>Modelo do Chassi: OF-1722 (Linha Mercedes-Benz OF)<\/strong><\/li>\n<li><strong>Ano: 2011\/2011<\/strong><\/li>\n<li><strong>Categoria: \u00d4nibus Urbano ou Rodovi\u00e1rio (dependendo da configura\u00e7\u00e3o)<\/strong><\/li>\n<\/ul>\n<h3><strong>Dimens\u00f5es e Capacidades:<\/strong><\/h3>\n<ul>\n<li><strong>Comprimento total: Aproximadamente 12 metros (dependendo da configura\u00e7\u00e3o da carroceria)<\/strong><\/li>\n<li><strong>Largura: 2,50 metros<\/strong><\/li>\n<li><strong>Altura: 3,20 metros (vari\u00e1vel conforme carroceria)<\/strong><\/li>\n<li><strong>Capacidade de passageiros: Aproximadamente 42 a 50 passageiros sentados (dependendo da configura\u00e7\u00e3o interna)<\/strong><\/li>\n<li><strong>Peso bruto total (PBT): 16.500 kg<\/strong><\/li>\n<li><strong>Entre-eixos: Aproximadamente 5.950 mm<\/strong><\/li>\n<\/ul>\n<p><strong>(RECUPERADO FINANCIAMENTO)<\/strong><\/p>\n<p><strong>CONDI\u00c7\u00d5ES: FIQUE ATENTO AS INFORMA\u00c7\u00d5ES DOS LOTES. N\u00c3O ACEITAMOS AP\u00d3S A ARREMATA\u00c7\u00c3O, O CANCELAMENTO DA COMPRA.<\/strong><\/p>\n<p><strong>OBS: O CANCELAMENTO DA ARREMATA\u00c7\u00c3O GERA MUITA MAIS BLOQUEIO DO CADASTRO DO CLIENTE.<\/strong><\/p>\n<p>&nbsp;<\/p>\n","protected":false},"excerpt":{"rendered":"<p>Informa\u00e7\u00f5es Gerais: Fabricante (Chassi): Mercedes-Benz Fabricante (Carroceria): Marcopolo Modelo do Chassi: OF-1722 (Linha Mercedes-Benz OF) Ano: 2011\/2011 Categoria: \u00d4nibus Urbano ou Rodovi\u00e1rio (dependendo da configura\u00e7\u00e3o) Dimens\u00f5es e Capacidades: Comprimento total: Aproximadamente 12 metros (dependendo da configura\u00e7\u00e3o da carroceria) Largura: 2,50 metros Altura: 3,20 metros (vari\u00e1vel conforme carroceria) Capacidade de passageiros: Aproximadamente 42 a 50 passageiros [&hellip;]<\/p>\n","protected":false},"featured_media":6289,"comment_status":"open","ping_status":"closed","template":"","meta":[],"product_brand":[],"product_cat":[59,51,16],"product_tag":[],"class_list":{"0":"post-3413","1":"product","2":"type-product","3":"status-publish","4":"has-post-thumbnail","6":"product_cat-mercedes","7":"product_cat-onibus","8":"product_cat-todos-os-veiculos","10":"first","11":"onbackorder","12":"shipping-taxable","13":"purchasable","14":"product-type-simple"},"_links":{"self":[{"href":"https:\/\/catalogolucianosilva.com.br\/index.php?rest_route=\/wp\/v2\/product\/3413","targetHints":{"allow":["GET"]}}],"collection":[{"href":"https:\/\/catalogolucianosilva.com.br\/index.php?rest_route=\/wp\/v2\/product"}],"about":[{"href":"https:\/\/catalogolucianosilva.com.br\/index.php?rest_route=\/wp\/v2\/types\/product"}],"replies":[{"embeddable":true,"href":"https:\/\/catalogolucianosilva.com.br\/index.php?rest_route=%2Fwp%2Fv2%2Fcomments&post=3413"}],"version-history":[{"count":1,"href":"https:\/\/catalogolucianosilva.com.br\/index.php?rest_route=\/wp\/v2\/product\/3413\/revisions"}],"predecessor-version":[{"id":3428,"href":"https:\/\/catalogolucianosilva.com.br\/index.php?rest_route=\/wp\/v2\/product\/3413\/revisions\/3428"}],"wp:featuredmedia":[{"embeddable":true,"href":"https:\/\/catalogolucianosilva.com.br\/index.php?rest_route=\/wp\/v2\/media\/6289"}],"wp:attachment":[{"href":"https:\/\/catalogolucianosilva.com.br\/index.php?rest_route=%2Fwp%2Fv2%2Fmedia&parent=3413"}],"wp:term":[{"taxonomy":"product_brand","embeddable":true,"href":"https:\/\/catalogolucianosilva.com.br\/index.php?rest_route=%2Fwp%2Fv2%2Fproduct_brand&post=3413"},{"taxonomy":"product_cat","embeddable":true,"href":"https:\/\/catalogolucianosilva.com.br\/index.php?rest_route=%2Fwp%2Fv2%2Fproduct_cat&post=3413"},{"taxonomy":"product_tag","embeddable":true,"href":"https:\/\/catalogolucianosilva.com.br\/index.php?rest_route=%2Fwp%2Fv2%2Fproduct_tag&post=3413"}],"curies":[{"name":"wp","href":"https:\/\/api.w.org\/{rel}","templated":true}]}}