{"id":3449,"date":"2024-09-26T01:14:35","date_gmt":"2024-09-26T04:14:35","guid":{"rendered":"https:\/\/catalogolucianosilva.com.br\/?post_type=product&#038;p=3449"},"modified":"2025-07-02T23:19:45","modified_gmt":"2025-07-03T02:19:45","slug":"renault-master-2-3-executive-2018","status":"publish","type":"product","link":"https:\/\/catalogolucianosilva.com.br\/?product=renault-master-2-3-executive-2018","title":{"rendered":"Renault Master 2.3 Executive 2018"},"content":{"rendered":"<h5>Informa\u00e7\u00f5es Gerais:<\/h5>\n<ul>\n<li>\n<h5>Fabricante: Renault<\/h5>\n<\/li>\n<li>\n<h5>Modelo: Master 2.3 dCi Executive<\/h5>\n<\/li>\n<li>\n<h5>Ano: 2018<\/h5>\n<\/li>\n<li>\n<h5>Categoria: Van de passageiros (executiva)<\/h5>\n<\/li>\n<li>\n<h5>Capacidade de passageiros: 16 lugares (incluindo o motorista)<\/h5>\n<\/li>\n<\/ul>\n<h5>Motoriza\u00e7\u00e3o:<\/h5>\n<ul>\n<li>\n<h5>Motor: 2.3 dCi Turbo Diesel<\/h5>\n<\/li>\n<li>\n<h5>Cilindrada: 2.299 cm\u00b3<\/h5>\n<\/li>\n<li>\n<h5>Pot\u00eancia: 130 cv a 3.500 rpm<\/h5>\n<\/li>\n<li>\n<h5>Torque m\u00e1ximo: 31,7 kgfm a 1.500 rpm<\/h5>\n<\/li>\n<li>\n<h5>N\u00famero de cilindros: 4 em linha<\/h5>\n<\/li>\n<li>\n<h5>Alimenta\u00e7\u00e3o: Inje\u00e7\u00e3o direta eletr\u00f4nica Common Rail<\/h5>\n<\/li>\n<li>\n<h5>Aspira\u00e7\u00e3o: Turbo com intercooler<\/h5>\n<\/li>\n<\/ul>\n<h5>(RECUPERADO FINANCIAMENTO)<\/h5>\n<h5>CONDI\u00c7\u00d5ES: FIQUE ATENTO AS INFORMA\u00c7\u00d5ES DOS LOTES. N\u00c3O ACEITAMOS AP\u00d3S A ARREMATA\u00c7\u00c3O, O CANCELAMENTO DA COMPRA.<\/h5>\n<h5>OBS: O CANCELAMENTO DA ARREMATA\u00c7\u00c3O GERA MUITA MAIS BLOQUEIO DO CADASTRO DO CLIENTE.<\/h5>\n","protected":false},"excerpt":{"rendered":"<p>Informa\u00e7\u00f5es Gerais: Fabricante: Renault Modelo: Master 2.3 dCi Executive Ano: 2018 Categoria: Van de passageiros (executiva) Capacidade de passageiros: 16 lugares (incluindo o motorista) Motoriza\u00e7\u00e3o: Motor: 2.3 dCi Turbo Diesel Cilindrada: 2.299 cm\u00b3 Pot\u00eancia: 130 cv a 3.500 rpm Torque m\u00e1ximo: 31,7 kgfm a 1.500 rpm N\u00famero de cilindros: 4 em linha Alimenta\u00e7\u00e3o: Inje\u00e7\u00e3o direta [&hellip;]<\/p>\n","protected":false},"featured_media":6317,"comment_status":"open","ping_status":"closed","template":"","meta":[],"product_brand":[],"product_cat":[63,16,62],"product_tag":[],"class_list":{"0":"post-3449","1":"product","2":"type-product","3":"status-publish","4":"has-post-thumbnail","6":"product_cat-renault-van","7":"product_cat-todos-os-veiculos","8":"product_cat-van","10":"first","11":"onbackorder","12":"shipping-taxable","13":"purchasable","14":"product-type-simple"},"_links":{"self":[{"href":"https:\/\/catalogolucianosilva.com.br\/index.php?rest_route=\/wp\/v2\/product\/3449","targetHints":{"allow":["GET"]}}],"collection":[{"href":"https:\/\/catalogolucianosilva.com.br\/index.php?rest_route=\/wp\/v2\/product"}],"about":[{"href":"https:\/\/catalogolucianosilva.com.br\/index.php?rest_route=\/wp\/v2\/types\/product"}],"replies":[{"embeddable":true,"href":"https:\/\/catalogolucianosilva.com.br\/index.php?rest_route=%2Fwp%2Fv2%2Fcomments&post=3449"}],"version-history":[{"count":1,"href":"https:\/\/catalogolucianosilva.com.br\/index.php?rest_route=\/wp\/v2\/product\/3449\/revisions"}],"predecessor-version":[{"id":3464,"href":"https:\/\/catalogolucianosilva.com.br\/index.php?rest_route=\/wp\/v2\/product\/3449\/revisions\/3464"}],"wp:featuredmedia":[{"embeddable":true,"href":"https:\/\/catalogolucianosilva.com.br\/index.php?rest_route=\/wp\/v2\/media\/6317"}],"wp:attachment":[{"href":"https:\/\/catalogolucianosilva.com.br\/index.php?rest_route=%2Fwp%2Fv2%2Fmedia&parent=3449"}],"wp:term":[{"taxonomy":"product_brand","embeddable":true,"href":"https:\/\/catalogolucianosilva.com.br\/index.php?rest_route=%2Fwp%2Fv2%2Fproduct_brand&post=3449"},{"taxonomy":"product_cat","embeddable":true,"href":"https:\/\/catalogolucianosilva.com.br\/index.php?rest_route=%2Fwp%2Fv2%2Fproduct_cat&post=3449"},{"taxonomy":"product_tag","embeddable":true,"href":"https:\/\/catalogolucianosilva.com.br\/index.php?rest_route=%2Fwp%2Fv2%2Fproduct_tag&post=3449"}],"curies":[{"name":"wp","href":"https:\/\/api.w.org\/{rel}","templated":true}]}}