{"id":3465,"date":"2024-09-26T01:21:41","date_gmt":"2024-09-26T04:21:41","guid":{"rendered":"https:\/\/catalogolucianosilva.com.br\/?post_type=product&#038;p=3465"},"modified":"2025-06-25T04:29:04","modified_gmt":"2025-06-25T07:29:04","slug":"outlander-570-2022-2022","status":"publish","type":"product","link":"https:\/\/catalogolucianosilva.com.br\/?product=outlander-570-2022-2022","title":{"rendered":"OUTLANDER 570 2022\/2022"},"content":{"rendered":"<h5><strong>Ve\u00edculo: BRP OUTLANDER 570<\/strong><\/h5>\n<h5><strong>Cor: VERMELHA<\/strong><\/h5>\n<h5><strong>Valor Fipe: N\u00e3o Informado<\/strong><\/h5>\n<h5><strong>Ano: 2022 \/ 2022<\/strong><\/h5>\n<h5><strong>Combust\u00edvel: Gasolina<\/strong><\/h5>\n<h5><strong>Situa\u00e7\u00e3o de Entrada: Funcionando<\/strong><\/h5>\n<h5><strong>RECUPERADO FINANCIAMENTO (CONSERVADO)<\/strong><\/h5>\n<h5><strong>Final Placa:<\/strong><\/h5>\n<h5><strong>Condi\u00e7\u00f5es: Fique atento as informa\u00e7\u00f5es dos lotes. N\u00e3o aceitamos ap\u00f3s a arremata\u00e7\u00e3o o CANCELAMENTO da compra. Obs.: O CANCELAMENTO DA ARREMATA\u00c7\u00c3O gera multa mais bloqueio do cadastro do cliente.<\/strong><\/h5>\n","protected":false},"excerpt":{"rendered":"<p>Ve\u00edculo: BRP OUTLANDER 570 Cor: VERMELHA Valor Fipe: N\u00e3o Informado Ano: 2022 \/ 2022 Combust\u00edvel: Gasolina Situa\u00e7\u00e3o de Entrada: Funcionando RECUPERADO FINANCIAMENTO (CONSERVADO) Final Placa: Condi\u00e7\u00f5es: Fique atento as informa\u00e7\u00f5es dos lotes. N\u00e3o aceitamos ap\u00f3s a arremata\u00e7\u00e3o o CANCELAMENTO da compra. Obs.: O CANCELAMENTO DA ARREMATA\u00c7\u00c3O gera multa mais bloqueio do cadastro do cliente.<\/p>\n","protected":false},"featured_media":3876,"comment_status":"open","ping_status":"closed","template":"","meta":[],"product_brand":[],"product_cat":[60,52],"product_tag":[],"class_list":{"0":"post-3465","1":"product","2":"type-product","3":"status-publish","4":"has-post-thumbnail","6":"product_cat-brp-quadriciculo","7":"product_cat-quadriciculo","9":"first","10":"onbackorder","11":"shipping-taxable","12":"purchasable","13":"product-type-simple"},"_links":{"self":[{"href":"https:\/\/catalogolucianosilva.com.br\/index.php?rest_route=\/wp\/v2\/product\/3465","targetHints":{"allow":["GET"]}}],"collection":[{"href":"https:\/\/catalogolucianosilva.com.br\/index.php?rest_route=\/wp\/v2\/product"}],"about":[{"href":"https:\/\/catalogolucianosilva.com.br\/index.php?rest_route=\/wp\/v2\/types\/product"}],"replies":[{"embeddable":true,"href":"https:\/\/catalogolucianosilva.com.br\/index.php?rest_route=%2Fwp%2Fv2%2Fcomments&post=3465"}],"version-history":[{"count":1,"href":"https:\/\/catalogolucianosilva.com.br\/index.php?rest_route=\/wp\/v2\/product\/3465\/revisions"}],"predecessor-version":[{"id":3497,"href":"https:\/\/catalogolucianosilva.com.br\/index.php?rest_route=\/wp\/v2\/product\/3465\/revisions\/3497"}],"wp:featuredmedia":[{"embeddable":true,"href":"https:\/\/catalogolucianosilva.com.br\/index.php?rest_route=\/wp\/v2\/media\/3876"}],"wp:attachment":[{"href":"https:\/\/catalogolucianosilva.com.br\/index.php?rest_route=%2Fwp%2Fv2%2Fmedia&parent=3465"}],"wp:term":[{"taxonomy":"product_brand","embeddable":true,"href":"https:\/\/catalogolucianosilva.com.br\/index.php?rest_route=%2Fwp%2Fv2%2Fproduct_brand&post=3465"},{"taxonomy":"product_cat","embeddable":true,"href":"https:\/\/catalogolucianosilva.com.br\/index.php?rest_route=%2Fwp%2Fv2%2Fproduct_cat&post=3465"},{"taxonomy":"product_tag","embeddable":true,"href":"https:\/\/catalogolucianosilva.com.br\/index.php?rest_route=%2Fwp%2Fv2%2Fproduct_tag&post=3465"}],"curies":[{"name":"wp","href":"https:\/\/api.w.org\/{rel}","templated":true}]}}