{"id":431,"date":"2024-06-22T23:52:00","date_gmt":"2024-06-23T02:52:00","guid":{"rendered":"https:\/\/catalogolucianosilva.com.br\/?post_type=product&#038;p=431"},"modified":"2025-07-02T22:57:11","modified_gmt":"2025-07-03T01:57:11","slug":"chevrolet-prisma-10mt-joye-2","status":"publish","type":"product","link":"https:\/\/catalogolucianosilva.com.br\/?product=chevrolet-prisma-10mt-joye-2","title":{"rendered":"CHEVROLET PRISMA 10MT JOYE 2018\/2019"},"content":{"rendered":"<p><strong>Cor: CINZA<\/strong><\/p>\n<p><strong>Valor Fipe: N\u00e3o Informado<\/strong><\/p>\n<p><strong>Ano: 2018 \/ 2019<\/strong><\/p>\n<p><strong>Combust\u00edvel: Flex<\/strong><\/p>\n<p><strong>KM: 273.660 km<\/strong><\/p>\n<p><strong>Situa\u00e7\u00e3o de Entrada: N\u00e3o funcionando<\/strong><\/p>\n<p><strong>RECUPERADO FINANCIAMENTO (CONSERVADO)<\/strong><\/p>\n<p><strong>Final Placa: 9<\/strong><\/p>\n<p><strong>Comitente: Recuperado de financiamento<\/strong><\/p>\n","protected":false},"excerpt":{"rendered":"<p>Cor: CINZA Valor Fipe: N\u00e3o Informado Ano: 2018 \/ 2019 Combust\u00edvel: Flex KM: 273.660 km Situa\u00e7\u00e3o de Entrada: N\u00e3o funcionando RECUPERADO FINANCIAMENTO (CONSERVADO) Final Placa: 9 Comitente: Recuperado de financiamento<\/p>\n","protected":false},"featured_media":6175,"comment_status":"open","ping_status":"closed","template":"","meta":[],"product_brand":[],"product_cat":[16,19,21],"product_tag":[],"class_list":{"0":"post-431","1":"product","2":"type-product","3":"status-publish","4":"has-post-thumbnail","6":"product_cat-todos-os-veiculos","7":"product_cat-carros","8":"product_cat-chevrolet","10":"first","11":"onbackorder","12":"shipping-taxable","13":"purchasable","14":"product-type-simple"},"_links":{"self":[{"href":"https:\/\/catalogolucianosilva.com.br\/index.php?rest_route=\/wp\/v2\/product\/431","targetHints":{"allow":["GET"]}}],"collection":[{"href":"https:\/\/catalogolucianosilva.com.br\/index.php?rest_route=\/wp\/v2\/product"}],"about":[{"href":"https:\/\/catalogolucianosilva.com.br\/index.php?rest_route=\/wp\/v2\/types\/product"}],"replies":[{"embeddable":true,"href":"https:\/\/catalogolucianosilva.com.br\/index.php?rest_route=%2Fwp%2Fv2%2Fcomments&post=431"}],"version-history":[{"count":2,"href":"https:\/\/catalogolucianosilva.com.br\/index.php?rest_route=\/wp\/v2\/product\/431\/revisions"}],"predecessor-version":[{"id":6200,"href":"https:\/\/catalogolucianosilva.com.br\/index.php?rest_route=\/wp\/v2\/product\/431\/revisions\/6200"}],"wp:featuredmedia":[{"embeddable":true,"href":"https:\/\/catalogolucianosilva.com.br\/index.php?rest_route=\/wp\/v2\/media\/6175"}],"wp:attachment":[{"href":"https:\/\/catalogolucianosilva.com.br\/index.php?rest_route=%2Fwp%2Fv2%2Fmedia&parent=431"}],"wp:term":[{"taxonomy":"product_brand","embeddable":true,"href":"https:\/\/catalogolucianosilva.com.br\/index.php?rest_route=%2Fwp%2Fv2%2Fproduct_brand&post=431"},{"taxonomy":"product_cat","embeddable":true,"href":"https:\/\/catalogolucianosilva.com.br\/index.php?rest_route=%2Fwp%2Fv2%2Fproduct_cat&post=431"},{"taxonomy":"product_tag","embeddable":true,"href":"https:\/\/catalogolucianosilva.com.br\/index.php?rest_route=%2Fwp%2Fv2%2Fproduct_tag&post=431"}],"curies":[{"name":"wp","href":"https:\/\/api.w.org\/{rel}","templated":true}]}}