{"id":6718,"date":"2025-08-31T19:24:23","date_gmt":"2025-08-31T22:24:23","guid":{"rendered":"https:\/\/catalogolucianosilva.com.br\/?post_type=product&#038;p=6718"},"modified":"2025-09-29T15:10:28","modified_gmt":"2025-09-29T18:10:28","slug":"renault-logan-dyna-16-m-2014-2015","status":"publish","type":"product","link":"https:\/\/catalogolucianosilva.com.br\/?product=renault-logan-dyna-16-m-2014-2015","title":{"rendered":"RENAULT LOGAN DYNA 16 M 2014 2015"},"content":{"rendered":"<p><strong>Ve\u00edculo: RENAULT LOGAN DYNA 16 M<\/strong><\/p>\n<p><strong>Cor: CINZA<\/strong><\/p>\n<p><strong>Valor Fipe: N\u00e3o Informado<\/strong><\/p>\n<p><strong>Ano: 2014 \/ 2015<\/strong><\/p>\n<p><strong>Combust\u00edvel: Flex<\/strong><\/p>\n<p><strong>KM: N\u00e3o Informado<\/strong><\/p>\n<p><strong>Localiza\u00e7\u00e3o do lote: RUA PEDRO ZANETTI, 142, JARDIM CANGUIRI, COLOMBO &#8211; PR<\/strong><\/p>\n<p><strong>Situa\u00e7\u00e3o de Entrada: N\u00e3o funcionando<\/strong><\/p>\n<p><strong>RECUPERADO FINANCIAMENTO (CONSERVADO)<\/strong><\/p>\n<p><strong>Final Placa: 2 \/ PR<\/strong><\/p>\n<p><strong>Comitente: ITAPEVA<\/strong><\/p>\n<p><strong>Ve\u00edculo: RENAULT LOGAN DYNA 16 M<\/strong><\/p>\n<p><strong>Cor: CINZA<\/strong><\/p>\n<p><strong>Valor Fipe: N\u00e3o Informado<\/strong><\/p>\n<p><strong>Ano: 2014 \/ 2015<\/strong><\/p>\n<p><strong>Combust\u00edvel: Flex<\/strong><\/p>\n<p><strong>KM: N\u00e3o Informado<\/strong><\/p>\n<p><strong>Localiza\u00e7\u00e3o do lote: RUA PEDRO ZANETTI, 142, JARDIM CANGUIRI, COLOMBO &#8211; PR<\/strong><\/p>\n<p><strong>Situa\u00e7\u00e3o de Entrada: N\u00e3o funcionando<\/strong><\/p>\n<p><strong>RECUPERADO FINANCIAMENTO (CONSERVADO)<\/strong><\/p>\n<p><strong>Final Placa: 2 \/ PR<\/strong><\/p>\n<p><strong>Comitente: ITAPEVA<\/strong><\/p>\n<p>&nbsp;<\/p>\n","protected":false},"excerpt":{"rendered":"<p>Ve\u00edculo: RENAULT LOGAN DYNA 16 M Cor: CINZA Valor Fipe: N\u00e3o Informado Ano: 2014 \/ 2015 Combust\u00edvel: Flex KM: N\u00e3o Informado Localiza\u00e7\u00e3o do lote: RUA PEDRO ZANETTI, 142, JARDIM CANGUIRI, COLOMBO &#8211; PR Situa\u00e7\u00e3o de Entrada: N\u00e3o funcionando RECUPERADO FINANCIAMENTO (CONSERVADO) Final Placa: 2 \/ PR Comitente: ITAPEVA Ve\u00edculo: RENAULT LOGAN DYNA 16 M Cor: [&hellip;]<\/p>\n","protected":false},"featured_media":6742,"comment_status":"open","ping_status":"closed","template":"elementor_header_footer","meta":[],"product_brand":[],"product_cat":[19,22,16],"product_tag":[],"class_list":{"0":"post-6718","1":"product","2":"type-product","3":"status-publish","4":"has-post-thumbnail","6":"product_cat-carros","7":"product_cat-renault","8":"product_cat-todos-os-veiculos","10":"first","11":"onbackorder","12":"shipping-taxable","13":"purchasable","14":"product-type-simple"},"_links":{"self":[{"href":"https:\/\/catalogolucianosilva.com.br\/index.php?rest_route=\/wp\/v2\/product\/6718","targetHints":{"allow":["GET"]}}],"collection":[{"href":"https:\/\/catalogolucianosilva.com.br\/index.php?rest_route=\/wp\/v2\/product"}],"about":[{"href":"https:\/\/catalogolucianosilva.com.br\/index.php?rest_route=\/wp\/v2\/types\/product"}],"replies":[{"embeddable":true,"href":"https:\/\/catalogolucianosilva.com.br\/index.php?rest_route=%2Fwp%2Fv2%2Fcomments&post=6718"}],"version-history":[{"count":1,"href":"https:\/\/catalogolucianosilva.com.br\/index.php?rest_route=\/wp\/v2\/product\/6718\/revisions"}],"predecessor-version":[{"id":6719,"href":"https:\/\/catalogolucianosilva.com.br\/index.php?rest_route=\/wp\/v2\/product\/6718\/revisions\/6719"}],"wp:featuredmedia":[{"embeddable":true,"href":"https:\/\/catalogolucianosilva.com.br\/index.php?rest_route=\/wp\/v2\/media\/6742"}],"wp:attachment":[{"href":"https:\/\/catalogolucianosilva.com.br\/index.php?rest_route=%2Fwp%2Fv2%2Fmedia&parent=6718"}],"wp:term":[{"taxonomy":"product_brand","embeddable":true,"href":"https:\/\/catalogolucianosilva.com.br\/index.php?rest_route=%2Fwp%2Fv2%2Fproduct_brand&post=6718"},{"taxonomy":"product_cat","embeddable":true,"href":"https:\/\/catalogolucianosilva.com.br\/index.php?rest_route=%2Fwp%2Fv2%2Fproduct_cat&post=6718"},{"taxonomy":"product_tag","embeddable":true,"href":"https:\/\/catalogolucianosilva.com.br\/index.php?rest_route=%2Fwp%2Fv2%2Fproduct_tag&post=6718"}],"curies":[{"name":"wp","href":"https:\/\/api.w.org\/{rel}","templated":true}]}}