{"id":751,"date":"2024-06-23T20:38:51","date_gmt":"2024-06-23T23:38:51","guid":{"rendered":"https:\/\/catalogolucianosilva.com.br\/?post_type=product&#038;p=751"},"modified":"2025-07-02T00:41:50","modified_gmt":"2025-07-02T03:41:50","slug":"gm-celta-3-portas","status":"publish","type":"product","link":"https:\/\/catalogolucianosilva.com.br\/?product=gm-celta-3-portas","title":{"rendered":"GM CELTA 3 PORTAS 2003\/2003"},"content":{"rendered":"<p><strong>Cor: VERMELHA<\/strong><\/p>\n<p><strong>Valor Fipe: N\u00e3o Informado<\/strong><\/p>\n<p><strong>Ano: 2003 \/ 2003<\/strong><\/p>\n<p><strong>Combust\u00edvel: Gasolina<\/strong><\/p>\n<p><strong>KM: 218.212 km<\/strong><\/p>\n<p><strong>Situa\u00e7\u00e3o de Entrada: N\u00e3o funcionando<\/strong><\/p>\n<p><strong>RECUPERADO FINANCIAMENTO (CONSERVADO)<\/strong><\/p>\n<p><strong>Final Placa: 2<\/strong><\/p>\n","protected":false},"excerpt":{"rendered":"<p>Cor: VERMELHA Valor Fipe: N\u00e3o Informado Ano: 2003 \/ 2003 Combust\u00edvel: Gasolina KM: 218.212 km Situa\u00e7\u00e3o de Entrada: N\u00e3o funcionando RECUPERADO FINANCIAMENTO (CONSERVADO) Final Placa: 2<\/p>\n","protected":false},"featured_media":4835,"comment_status":"open","ping_status":"closed","template":"","meta":[],"product_brand":[],"product_cat":[19,21,16],"product_tag":[],"class_list":{"0":"post-751","1":"product","2":"type-product","3":"status-publish","4":"has-post-thumbnail","6":"product_cat-carros","7":"product_cat-chevrolet","8":"product_cat-todos-os-veiculos","10":"first","11":"onbackorder","12":"shipping-taxable","13":"purchasable","14":"product-type-simple"},"_links":{"self":[{"href":"https:\/\/catalogolucianosilva.com.br\/index.php?rest_route=\/wp\/v2\/product\/751","targetHints":{"allow":["GET"]}}],"collection":[{"href":"https:\/\/catalogolucianosilva.com.br\/index.php?rest_route=\/wp\/v2\/product"}],"about":[{"href":"https:\/\/catalogolucianosilva.com.br\/index.php?rest_route=\/wp\/v2\/types\/product"}],"replies":[{"embeddable":true,"href":"https:\/\/catalogolucianosilva.com.br\/index.php?rest_route=%2Fwp%2Fv2%2Fcomments&post=751"}],"version-history":[{"count":2,"href":"https:\/\/catalogolucianosilva.com.br\/index.php?rest_route=\/wp\/v2\/product\/751\/revisions"}],"predecessor-version":[{"id":4855,"href":"https:\/\/catalogolucianosilva.com.br\/index.php?rest_route=\/wp\/v2\/product\/751\/revisions\/4855"}],"wp:featuredmedia":[{"embeddable":true,"href":"https:\/\/catalogolucianosilva.com.br\/index.php?rest_route=\/wp\/v2\/media\/4835"}],"wp:attachment":[{"href":"https:\/\/catalogolucianosilva.com.br\/index.php?rest_route=%2Fwp%2Fv2%2Fmedia&parent=751"}],"wp:term":[{"taxonomy":"product_brand","embeddable":true,"href":"https:\/\/catalogolucianosilva.com.br\/index.php?rest_route=%2Fwp%2Fv2%2Fproduct_brand&post=751"},{"taxonomy":"product_cat","embeddable":true,"href":"https:\/\/catalogolucianosilva.com.br\/index.php?rest_route=%2Fwp%2Fv2%2Fproduct_cat&post=751"},{"taxonomy":"product_tag","embeddable":true,"href":"https:\/\/catalogolucianosilva.com.br\/index.php?rest_route=%2Fwp%2Fv2%2Fproduct_tag&post=751"}],"curies":[{"name":"wp","href":"https:\/\/api.w.org\/{rel}","templated":true}]}}