{"id":813,"date":"2024-06-23T20:54:01","date_gmt":"2024-06-23T23:54:01","guid":{"rendered":"https:\/\/catalogolucianosilva.com.br\/?post_type=product&#038;p=813"},"modified":"2025-07-02T21:25:24","modified_gmt":"2025-07-03T00:25:24","slug":"ford-ecosport-xlt1-6flex","status":"publish","type":"product","link":"https:\/\/catalogolucianosilva.com.br\/?product=ford-ecosport-xlt1-6flex","title":{"rendered":"FORD ECOSPORT XLT1.6FLEX 2008\/2008"},"content":{"rendered":"<p><strong>Cor: PRETA<\/strong><\/p>\n<p><strong>Valor Fipe: N\u00e3o Informado<\/strong><\/p>\n<p><strong>Ano: 2008 \/ 2008<\/strong><\/p>\n<p><strong>Combust\u00edvel: Flex<\/strong><\/p>\n<p><strong>KM: 104.791 km<\/strong><\/p>\n<p><strong>Situa\u00e7\u00e3o de Entrada:<\/strong><\/p>\n<p><strong>RECUPERADO FINANCIAMENTO (CONSERVADO)<\/strong><\/p>\n<p><strong>Final Placa: 6 \/ PA<\/strong><\/p>\n<p><strong>Condi\u00e7\u00f5es: Fique atento as informa\u00e7\u00f5es dos lotes. N\u00e3o aceitamos ap\u00f3s a arremata\u00e7\u00e3o o CANCELAMENTO da compra. Obs.: O CANCELAMENTO DA ARREMATA\u00c7\u00c3O gera multa mais bloqueio do cadastro do cliente.<\/strong><\/p>\n","protected":false},"excerpt":{"rendered":"<p>Cor: PRETA Valor Fipe: N\u00e3o Informado Ano: 2008 \/ 2008 Combust\u00edvel: Flex KM: 104.791 km Situa\u00e7\u00e3o de Entrada: RECUPERADO FINANCIAMENTO (CONSERVADO) Final Placa: 6 \/ PA Condi\u00e7\u00f5es: Fique atento as informa\u00e7\u00f5es dos lotes. N\u00e3o aceitamos ap\u00f3s a arremata\u00e7\u00e3o o CANCELAMENTO da compra. Obs.: O CANCELAMENTO DA ARREMATA\u00c7\u00c3O gera multa mais bloqueio do cadastro do cliente.<\/p>\n","protected":false},"featured_media":5645,"comment_status":"open","ping_status":"closed","template":"","meta":[],"product_brand":[],"product_cat":[16,19,26],"product_tag":[],"class_list":{"0":"post-813","1":"product","2":"type-product","3":"status-publish","4":"has-post-thumbnail","6":"product_cat-todos-os-veiculos","7":"product_cat-carros","8":"product_cat-ford","10":"first","11":"onbackorder","12":"shipping-taxable","13":"purchasable","14":"product-type-simple"},"_links":{"self":[{"href":"https:\/\/catalogolucianosilva.com.br\/index.php?rest_route=\/wp\/v2\/product\/813","targetHints":{"allow":["GET"]}}],"collection":[{"href":"https:\/\/catalogolucianosilva.com.br\/index.php?rest_route=\/wp\/v2\/product"}],"about":[{"href":"https:\/\/catalogolucianosilva.com.br\/index.php?rest_route=\/wp\/v2\/types\/product"}],"replies":[{"embeddable":true,"href":"https:\/\/catalogolucianosilva.com.br\/index.php?rest_route=%2Fwp%2Fv2%2Fcomments&post=813"}],"version-history":[{"count":1,"href":"https:\/\/catalogolucianosilva.com.br\/index.php?rest_route=\/wp\/v2\/product\/813\/revisions"}],"predecessor-version":[{"id":5647,"href":"https:\/\/catalogolucianosilva.com.br\/index.php?rest_route=\/wp\/v2\/product\/813\/revisions\/5647"}],"wp:featuredmedia":[{"embeddable":true,"href":"https:\/\/catalogolucianosilva.com.br\/index.php?rest_route=\/wp\/v2\/media\/5645"}],"wp:attachment":[{"href":"https:\/\/catalogolucianosilva.com.br\/index.php?rest_route=%2Fwp%2Fv2%2Fmedia&parent=813"}],"wp:term":[{"taxonomy":"product_brand","embeddable":true,"href":"https:\/\/catalogolucianosilva.com.br\/index.php?rest_route=%2Fwp%2Fv2%2Fproduct_brand&post=813"},{"taxonomy":"product_cat","embeddable":true,"href":"https:\/\/catalogolucianosilva.com.br\/index.php?rest_route=%2Fwp%2Fv2%2Fproduct_cat&post=813"},{"taxonomy":"product_tag","embeddable":true,"href":"https:\/\/catalogolucianosilva.com.br\/index.php?rest_route=%2Fwp%2Fv2%2Fproduct_tag&post=813"}],"curies":[{"name":"wp","href":"https:\/\/api.w.org\/{rel}","templated":true}]}}