{"id":923,"date":"2024-06-23T21:10:02","date_gmt":"2024-06-24T00:10:02","guid":{"rendered":"https:\/\/catalogolucianosilva.com.br\/?post_type=product&#038;p=923"},"modified":"2025-07-02T18:06:10","modified_gmt":"2025-07-02T21:06:10","slug":"hyundai-hb20-1-0m-unique","status":"publish","type":"product","link":"https:\/\/catalogolucianosilva.com.br\/?product=hyundai-hb20-1-0m-unique","title":{"rendered":"HYUNDAI HB20 1.0M UNIQUE 2018\/2019"},"content":{"rendered":"<p><strong>Cor: MARROM<\/strong><\/p>\n<p><strong>Valor Fipe: N\u00e3o Informado<\/strong><\/p>\n<p><strong>Ano: 2018 \/ 2019<\/strong><\/p>\n<p><strong>Combust\u00edvel: Flex<\/strong><\/p>\n<p><strong>KM: 51.708 km<\/strong><\/p>\n<p><strong>Situa\u00e7\u00e3o de Entrada: Funcionando<\/strong><\/p>\n<p><strong>RECUPERADO FINANCIAMENTO (CONSERVADO)<\/strong><\/p>\n<p><strong>Final Placa: 8 \/ PA<\/strong><\/p>\n<p><strong>Condi\u00e7\u00f5es: Fique atento as informa\u00e7\u00f5es dos lotes. N\u00e3o aceitamos ap\u00f3s a arremata\u00e7\u00e3o o CANCELAMENTO da compra. Obs.: O CANCELAMENTO DA ARREMATA\u00c7\u00c3O gera multa mais bloqueio do cadastro do cliente.<\/strong><\/p>\n","protected":false},"excerpt":{"rendered":"<p>Cor: MARROM Valor Fipe: N\u00e3o Informado Ano: 2018 \/ 2019 Combust\u00edvel: Flex KM: 51.708 km Situa\u00e7\u00e3o de Entrada: Funcionando RECUPERADO FINANCIAMENTO (CONSERVADO) Final Placa: 8 \/ PA Condi\u00e7\u00f5es: Fique atento as informa\u00e7\u00f5es dos lotes. N\u00e3o aceitamos ap\u00f3s a arremata\u00e7\u00e3o o CANCELAMENTO da compra. Obs.: O CANCELAMENTO DA ARREMATA\u00c7\u00c3O gera multa mais bloqueio do cadastro do [&hellip;]<\/p>\n","protected":false},"featured_media":5417,"comment_status":"open","ping_status":"closed","template":"","meta":[],"product_brand":[],"product_cat":[16,19,27],"product_tag":[],"class_list":{"0":"post-923","1":"product","2":"type-product","3":"status-publish","4":"has-post-thumbnail","6":"product_cat-todos-os-veiculos","7":"product_cat-carros","8":"product_cat-hyundai","10":"first","11":"onbackorder","12":"shipping-taxable","13":"purchasable","14":"product-type-simple"},"_links":{"self":[{"href":"https:\/\/catalogolucianosilva.com.br\/index.php?rest_route=\/wp\/v2\/product\/923","targetHints":{"allow":["GET"]}}],"collection":[{"href":"https:\/\/catalogolucianosilva.com.br\/index.php?rest_route=\/wp\/v2\/product"}],"about":[{"href":"https:\/\/catalogolucianosilva.com.br\/index.php?rest_route=\/wp\/v2\/types\/product"}],"replies":[{"embeddable":true,"href":"https:\/\/catalogolucianosilva.com.br\/index.php?rest_route=%2Fwp%2Fv2%2Fcomments&post=923"}],"version-history":[{"count":1,"href":"https:\/\/catalogolucianosilva.com.br\/index.php?rest_route=\/wp\/v2\/product\/923\/revisions"}],"predecessor-version":[{"id":5436,"href":"https:\/\/catalogolucianosilva.com.br\/index.php?rest_route=\/wp\/v2\/product\/923\/revisions\/5436"}],"wp:featuredmedia":[{"embeddable":true,"href":"https:\/\/catalogolucianosilva.com.br\/index.php?rest_route=\/wp\/v2\/media\/5417"}],"wp:attachment":[{"href":"https:\/\/catalogolucianosilva.com.br\/index.php?rest_route=%2Fwp%2Fv2%2Fmedia&parent=923"}],"wp:term":[{"taxonomy":"product_brand","embeddable":true,"href":"https:\/\/catalogolucianosilva.com.br\/index.php?rest_route=%2Fwp%2Fv2%2Fproduct_brand&post=923"},{"taxonomy":"product_cat","embeddable":true,"href":"https:\/\/catalogolucianosilva.com.br\/index.php?rest_route=%2Fwp%2Fv2%2Fproduct_cat&post=923"},{"taxonomy":"product_tag","embeddable":true,"href":"https:\/\/catalogolucianosilva.com.br\/index.php?rest_route=%2Fwp%2Fv2%2Fproduct_tag&post=923"}],"curies":[{"name":"wp","href":"https:\/\/api.w.org\/{rel}","templated":true}]}}